{"id":592,"date":"2024-07-31T13:29:20","date_gmt":"2024-07-31T05:29:20","guid":{"rendered":"http:\/\/www.szsuba.com\/?post_type=product&#038;p=592"},"modified":"2024-10-30T15:57:06","modified_gmt":"2024-10-30T07:57:06","slug":"kids-playing-cards","status":"publish","type":"product","link":"https:\/\/www.szsuba.com\/es\/product\/kids-playing-cards\/","title":{"rendered":"ni\u00f1os jugando a las cartas"},"content":{"rendered":"<p><img fetchpriority=\"high\" decoding=\"async\" class=\"size-medium wp-image-1454 alignright\" src=\"http:\/\/www.szsuba.com\/wp-content\/uploads\/2024\/07\/4-300x300.jpg\" alt=\"tarjeta flash education\" width=\"300\" height=\"300\" srcset=\"https:\/\/www.szsuba.com\/wp-content\/uploads\/2024\/07\/4-300x300.jpg 300w, https:\/\/www.szsuba.com\/wp-content\/uploads\/2024\/07\/4-150x150.jpg 150w, https:\/\/www.szsuba.com\/wp-content\/uploads\/2024\/07\/4-768x768.jpg 768w, https:\/\/www.szsuba.com\/wp-content\/uploads\/2024\/07\/4-600x600.jpg 600w, https:\/\/www.szsuba.com\/wp-content\/uploads\/2024\/07\/4-100x100.jpg 100w, https:\/\/www.szsuba.com\/wp-content\/uploads\/2024\/07\/4.jpg 1000w\" sizes=\"(max-width: 300px) 100vw, 300px\" \/><\/p>\n<p>&nbsp;<\/p>\n<p>&nbsp;<\/p>\n<p>&nbsp;<\/p>\n<p>\u00a1Los ni\u00f1os aprenden hechos de inter\u00e9s sobre 52 animales diferentes, incluidos insectos, reptiles, animales de zool\u00f3gico, animales oce\u00e1nicos y m\u00e1s! Cada tarjeta presenta una fotograf\u00eda de un animal espec\u00edfico en un lado y hechos divertidos en el otro. Las tarjetas flash est\u00e1n hechas con un acabado de cartulina brillante y bordes redondeados para un f\u00e1cil volteo y clasificaci\u00f3n. \u00a1Dos tarjetas de recursos adicionales cuentan con juegos y consejos educativos adicionales para m\u00e1s diversi\u00f3n de aprendizaje!<\/p>\n<p>&nbsp;<\/p>\n<p>&nbsp;<\/p>\n<p>&nbsp;<\/p>\n<div class=\"J_module\">\n<div id=\"ali-anchor-AliMagic-e4ykue\" class=\"magic-0\" data-section=\"AliMagic-e4ykue\" data-section-title=\"Product Paramenters\" data-spm-anchor-id=\"a2700.details.0.i41.1fb83402J2gjxV\"><strong>Paramentadores de productos<\/strong><\/div>\n<div data-section=\"AliMagic-e4ykue\" data-section-title=\"Product Paramenters\" data-spm-anchor-id=\"a2700.details.0.i41.1fb83402J2gjxV\"><\/div>\n<\/div>\n<div class=\"J_module\">\n<div class=\"ife-detail-decorate-table\">\n<table class=\"has-title is-zebra hight-light-first-column all magic-11\">\n<tbody>\n<tr>\n<td colspan=\"1\" rowspan=\"1\">\n<div class=\"magic-12\"><b>Nombre del art\u00edculo<\/b><\/div>\n<\/td>\n<td colspan=\"5\" rowspan=\"1\">\n<div class=\"magic-13\">Suba OEM \/ODM Dubks de juego de educaci\u00f3n<\/div>\n<\/td>\n<\/tr>\n<tr>\n<td colspan=\"1\" rowspan=\"4\">\n<div class=\"magic-19\">\n<div class=\"magic-20\"><b>Stock de tarjetas<\/b><\/div>\n<\/div>\n<\/td>\n<td colspan=\"5\" rowspan=\"1\">\n<div class=\"magic-13\">Papel de n\u00facleo blanco de 300GSM \/ 350GSM \/ 400GSM (papel de arte)<\/div>\n<\/td>\n<\/tr>\n<tr>\n<td colspan=\"5\" rowspan=\"1\">\n<div class=\"magic-13\">270GSM \/ 280GSM \/ 300GSM Blue \/Grey papel central<\/div>\n<\/td>\n<\/tr>\n<tr>\n<td colspan=\"5\" rowspan=\"1\">\n<div class=\"magic-13\">300GSM \/ 310GSM \/ 330GSM Alem\u00e1n mejor papel negro<\/div>\n<\/td>\n<\/tr>\n<tr>\n<td colspan=\"5\" rowspan=\"1\">\n<div class=\"magic-13\">costumbre<\/div>\n<\/td>\n<\/tr>\n<tr>\n<td colspan=\"1\" rowspan=\"1\">\n<div class=\"magic-12\"><b>Color impreso<\/b><\/div>\n<\/td>\n<td colspan=\"5\" rowspan=\"1\">\n<div class=\"magic-13\">Impresi\u00f3n a todo color CMYK (con la mejor impresora Heidelberg)<\/div>\n<\/td>\n<\/tr>\n<tr>\n<td colspan=\"1\" rowspan=\"1\">\n<div class=\"magic-12\"><b>Tama\u00f1o de la tarjeta<\/b><\/div>\n<\/td>\n<td colspan=\"5\" rowspan=\"1\">\n<div class=\"magic-13\"><span class=\"a-list-item\">8*8*2.5cm<\/span>;<\/div>\n<\/td>\n<\/tr>\n<tr>\n<td colspan=\"1\" rowspan=\"1\">\n<div class=\"magic-12\"><b>Opciones de embalaje<\/b><\/div>\n<\/td>\n<td colspan=\"5\" rowspan=\"1\">\n<div class=\"magic-13\">Envoltura de envoltura de envoltura \/ celof\u00e1n \/ bolsa de burbujas, etc.<\/div>\n<\/td>\n<\/tr>\n<tr>\n<td colspan=\"1\" rowspan=\"1\">\n<div class=\"magic-12\"><b>Cartas por mazo<\/b><\/div>\n<\/td>\n<td colspan=\"5\" rowspan=\"1\">\n<div class=\"magic-13\">54 cartas, 100 cartas, 200 cartas y etc., depende de sus requisitos<\/div>\n<\/td>\n<\/tr>\n<tr>\n<td colspan=\"1\" rowspan=\"1\">\n<div class=\"magic-12\"><b>grosor disponible<\/b><\/div>\n<\/td>\n<td colspan=\"5\" rowspan=\"1\">\n<div class=\"magic-13\">1.2mm\/1.5mm\/1.8mm\/2.0mm<\/div>\n<\/td>\n<\/tr>\n<tr>\n<td colspan=\"1\" rowspan=\"1\">\n<div class=\"magic-12\"><b>Aplicaciones<\/b><\/div>\n<\/td>\n<td colspan=\"5\" rowspan=\"1\">\n<div class=\"magic-13\">Publicidad, promoci\u00f3n, como regalo, juegos divertidos, cartas de juego de casino,<br \/>\nTarjetas de juego para ni\u00f1os, tarjetas educativas, etc.<\/div>\n<\/td>\n<\/tr>\n<tr>\n<td colspan=\"1\" rowspan=\"1\">\n<div class=\"magic-24\"><b>Tiempo de muestreo<\/b><\/div>\n<\/td>\n<td colspan=\"5\" rowspan=\"1\">\n<div class=\"magic-25\">1-3 d\u00edas<\/div>\n<\/td>\n<\/tr>\n<tr>\n<td colspan=\"1\" rowspan=\"1\">\n<div class=\"magic-24\"><b>El tiempo de entrega<\/b><\/div>\n<\/td>\n<td colspan=\"5\" rowspan=\"1\">\n<div class=\"magic-25\">7-25 d\u00edas<\/div>\n<\/td>\n<\/tr>\n<\/tbody>\n<\/table>\n<\/div>\n<\/div>","protected":false},"excerpt":{"rendered":"<p><span class=\"a-text-italic\">Tarjetas flash de ciencias<\/span>\u00a0son una excelente manera para que los preescolares, los jardines de infantes y m\u00e1s all\u00e1 aprendan habilidades de ciencias b\u00e1sicas a trav\u00e9s DE una pr\u00e1ctica divertida y pr\u00e1ctica que es divertida y educativa.<\/p>","protected":false},"featured_media":1453,"comment_status":"open","ping_status":"closed","template":"","meta":{"_acf_changed":false},"product_cat":[23],"product_tag":[],"class_list":{"0":"post-592","1":"product","2":"type-product","3":"status-publish","4":"has-post-thumbnail","6":"product_cat-custom-flash-cards","8":"first","9":"instock","10":"shipping-taxable","11":"product-type-simple"},"acf":[],"_links":{"self":[{"href":"https:\/\/www.szsuba.com\/es\/wp-json\/wp\/v2\/product\/592","targetHints":{"allow":["GET"]}}],"collection":[{"href":"https:\/\/www.szsuba.com\/es\/wp-json\/wp\/v2\/product"}],"about":[{"href":"https:\/\/www.szsuba.com\/es\/wp-json\/wp\/v2\/types\/product"}],"replies":[{"embeddable":true,"href":"https:\/\/www.szsuba.com\/es\/wp-json\/wp\/v2\/comments?post=592"}],"wp:featuredmedia":[{"embeddable":true,"href":"https:\/\/www.szsuba.com\/es\/wp-json\/wp\/v2\/media\/1453"}],"wp:attachment":[{"href":"https:\/\/www.szsuba.com\/es\/wp-json\/wp\/v2\/media?parent=592"}],"wp:term":[{"taxonomy":"product_cat","embeddable":true,"href":"https:\/\/www.szsuba.com\/es\/wp-json\/wp\/v2\/product_cat?post=592"},{"taxonomy":"product_tag","embeddable":true,"href":"https:\/\/www.szsuba.com\/es\/wp-json\/wp\/v2\/product_tag?post=592"}],"curies":[{"name":"wp","href":"https:\/\/api.w.org\/{rel}","templated":true}]}}