{"id":589,"date":"2024-07-31T13:26:14","date_gmt":"2024-07-31T05:26:14","guid":{"rendered":"http:\/\/www.szsuba.com\/?post_type=product&#038;p=589"},"modified":"2024-11-06T18:14:02","modified_gmt":"2024-11-06T10:14:02","slug":"custom-drinking-game-cards","status":"publish","type":"product","link":"https:\/\/www.szsuba.com\/es\/product\/custom-drinking-game-cards\/","title":{"rendered":"Tarjetas de juego de beber personalizadas"},"content":{"rendered":"<p><img fetchpriority=\"high\" decoding=\"async\" class=\"wp-image-1494 size-medium alignleft\" src=\"http:\/\/www.szsuba.com\/wp-content\/uploads\/2024\/08\/\u4e3b\u56fe-4-300x300.png\" alt=\"Tarjeta borracha\" width=\"300\" height=\"300\" srcset=\"https:\/\/www.szsuba.com\/wp-content\/uploads\/2024\/08\/\u4e3b\u56fe-4-300x300.png 300w, https:\/\/www.szsuba.com\/wp-content\/uploads\/2024\/08\/\u4e3b\u56fe-4-150x150.png 150w, https:\/\/www.szsuba.com\/wp-content\/uploads\/2024\/08\/\u4e3b\u56fe-4-768x768.png 768w, https:\/\/www.szsuba.com\/wp-content\/uploads\/2024\/08\/\u4e3b\u56fe-4-600x600.png 600w, https:\/\/www.szsuba.com\/wp-content\/uploads\/2024\/08\/\u4e3b\u56fe-4-100x100.png 100w, https:\/\/www.szsuba.com\/wp-content\/uploads\/2024\/08\/\u4e3b\u56fe-4.png 800w\" sizes=\"(max-width: 300px) 100vw, 300px\" \/><\/p>\n<p>&nbsp;<\/p>\n<p>&nbsp;<\/p>\n<p>Las tarjetas borrachas se usan en juegos de beber donde los jugadores se turnan para las cartas de lectura y siguen las instrucciones para determinar qui\u00e9n bebe.<\/p>\n<p>Los jugadores se turnan las cartas de dibujo, y quien dibuja la tarjeta de reparto con fugas tiene que disparar. Los jugadores pueden usar tarjetas de acci\u00f3n para evitar ser filtrados o para enga\u00f1ar a otros jugadores.<span class=\"UV3uM\">\u00a0<\/span><\/p>\n<div class=\"zMgcWd dSKvsb\" data-il=\"\">\n<div class=\"GmFi7\" data-crb-p=\"\">\n<div class=\"xFTqob\">\n<div class=\"Gur8Ad\"><\/div>\n<div class=\"vM0jzc\">Los jugadores se turnan para dibujar cartas y leerlas en voz alta. Las instrucciones en cada tarjeta determinan qui\u00e9n tiene que beber.<span class=\"UV3uM\">\u00a0<\/span><\/div>\n<div><\/div>\n<div>Si bien beber juegos puede ser divertido, es importante beber de manera responsable y conocer sus l\u00edmites.<span class=\"UV3uM\">\u00a0<\/span><\/div>\n<\/div>\n<\/div>\n<\/div>\n<p>&nbsp;<\/p>\n<div class=\"J_module\">\n<div id=\"ali-anchor-AliMagic-e2r4vk\" class=\"magic-0\" data-section=\"AliMagic-e2r4vk\" data-section-title=\"Product Paramenters\" data-spm-anchor-id=\"a2700.details.0.i40.328a638aQdnjzg\"><strong>Paramentadores de productos<\/strong><\/div>\n<div data-section=\"AliMagic-e2r4vk\" data-section-title=\"Product Paramenters\" data-spm-anchor-id=\"a2700.details.0.i40.328a638aQdnjzg\"><\/div>\n<\/div>\n<div class=\"J_module\">\n<div class=\"ife-detail-decorate-table\">\n<table class=\"is-zebra hight-light-first-column all magic-15\">\n<tbody>\n<tr>\n<td colspan=\"1\" rowspan=\"1\">\n<div class=\"magic-16\"><b>Nombre del producto<\/b><\/div>\n<\/td>\n<td colspan=\"1\" rowspan=\"1\">\n<div class=\"magic-17\">Impresi\u00f3n de tarjetas borrachas personalizadas<\/div>\n<\/td>\n<\/tr>\n<tr>\n<td colspan=\"1\" rowspan=\"1\">\n<div class=\"magic-16\"><b>Material<\/b><\/div>\n<\/td>\n<td colspan=\"1\" rowspan=\"1\">\n<div class=\"magic-17\">Papel \/plastic<\/div>\n<\/td>\n<\/tr>\n<tr>\n<td colspan=\"1\" rowspan=\"1\">\n<div class=\"magic-16\"><b>Tama\u00f1o de la tarjeta<\/b><\/div>\n<\/td>\n<td colspan=\"1\" rowspan=\"1\">\n<div class=\"magic-17\">63x88mm, 57*87 mm, 56*86 mm, 70*120 mm u otro tama\u00f1o personalizado<\/div>\n<\/td>\n<\/tr>\n<tr>\n<td colspan=\"1\" rowspan=\"1\">\n<div class=\"magic-16\"><b>Espesor<\/b><\/div>\n<\/td>\n<td colspan=\"1\" rowspan=\"1\">\n<div class=\"magic-17\">0.27 mm; 0.28 mm, 0.3 mm, 0.31 mm, 0.35 mm, 0.4 mm<\/div>\n<\/td>\n<\/tr>\n<tr>\n<td colspan=\"1\" rowspan=\"1\">\n<div class=\"magic-16\"><b>Tipo de papel<\/b><\/div>\n<\/td>\n<td colspan=\"1\" rowspan=\"1\">\n<div class=\"magic-17\">250g, 280g, 300 g, 350 g, 400 g de papel de arte, n\u00facleo azul blanco, PVC impermeable, papel de lino, papel de n\u00facleo blanco 300 g<br \/>\ntarjeta<br \/>\n310 GSM Alemania Black Core Paper, etc. (Uso de alta calidad y un poco caro y popular en el juego)<\/div>\n<\/td>\n<\/tr>\n<tr>\n<td colspan=\"1\" rowspan=\"1\">\n<div class=\"magic-16\"><b>Embalaje<\/b><\/div>\n<\/td>\n<td colspan=\"1\" rowspan=\"1\">\n<div class=\"magic-17\">Tarjetas de urdimbre encogidas por separado \/ bolsa Opp, bolsa de aluminio, etc.<\/div>\n<\/td>\n<\/tr>\n<tr>\n<td colspan=\"1\" rowspan=\"1\">\n<div class=\"magic-16\"><b>Caja<\/b><\/div>\n<\/td>\n<td colspan=\"1\" rowspan=\"1\">\n<div class=\"magic-17\">Caja superior e inferior, caja de plucto, caja de caj\u00f3n, caja magn\u00e9tica, caja de madera, caja de pl\u00e1stico, caja de esta\u00f1o, etc.<\/div>\n<\/td>\n<\/tr>\n<tr>\n<td colspan=\"1\" rowspan=\"1\">\n<div class=\"magic-16\"><b>Inspecci\u00f3n<\/b><\/div>\n<\/td>\n<td colspan=\"1\" rowspan=\"1\">\n<div class=\"magic-17\">ISO9001 \/ ASTM \/ EN71<\/div>\n<\/td>\n<\/tr>\n<tr>\n<td colspan=\"1\" rowspan=\"1\">\n<div class=\"magic-16\"><b>Tipo de impresi\u00f3n<\/b><\/div>\n<\/td>\n<td colspan=\"1\" rowspan=\"1\">\n<div class=\"magic-17\">Impresi\u00f3n compensada<\/div>\n<\/td>\n<\/tr>\n<tr>\n<td colspan=\"1\" rowspan=\"1\">\n<div class=\"magic-16\"><b>OEM \/ ODM<\/b><\/div>\n<\/td>\n<td colspan=\"1\" rowspan=\"1\">\n<div class=\"magic-17\">proporcion\u00f3 EL servicio OEM \/ODM<\/div>\n<\/td>\n<\/tr>\n<tr>\n<td colspan=\"1\" rowspan=\"1\">\n<div class=\"magic-16\"><b>caja interna<\/b><\/div>\n<\/td>\n<td colspan=\"1\" rowspan=\"1\">\n<div class=\"magic-17\">caja de papel \/plastic<\/div>\n<\/td>\n<\/tr>\n<tr>\n<td colspan=\"1\" rowspan=\"1\">\n<div class=\"magic-16\"><b>Acabado superficial<\/b><\/div>\n<\/td>\n<td colspan=\"1\" rowspan=\"1\">\n<div class=\"magic-17\">Barnishing brillante, recubierto de pl\u00e1stico, etc.<\/div>\n<\/td>\n<\/tr>\n<tr>\n<td colspan=\"1\" rowspan=\"1\">\n<div class=\"magic-16\"><b>Ver m\u00e1s<\/b><\/div>\n<\/td>\n<td colspan=\"1\" rowspan=\"1\">\n<div class=\"magic-17\"><a href=\"https:\/\/www.szsuba.com\/es\/contact-us\/\" target=\"_blank\" rel=\"noopener\">Cont\u00e1ctenos<\/a><\/div>\n<\/td>\n<\/tr>\n<\/tbody>\n<\/table>\n<\/div>\n<\/div>","protected":false},"excerpt":{"rendered":"<p>Las tarjetas borrachas se usan en juegos de beber donde los jugadores se turnan para las cartas de lectura y siguen las instrucciones para determinar qui\u00e9n bebe.<\/p>","protected":false},"featured_media":590,"comment_status":"open","ping_status":"closed","template":"","meta":{"_acf_changed":false},"product_cat":[21],"product_tag":[],"class_list":{"0":"post-589","1":"product","2":"type-product","3":"status-publish","4":"has-post-thumbnail","6":"product_cat-custom-playing-cards","8":"first","9":"instock","10":"shipping-taxable","11":"product-type-simple"},"acf":[],"_links":{"self":[{"href":"https:\/\/www.szsuba.com\/es\/wp-json\/wp\/v2\/product\/589","targetHints":{"allow":["GET"]}}],"collection":[{"href":"https:\/\/www.szsuba.com\/es\/wp-json\/wp\/v2\/product"}],"about":[{"href":"https:\/\/www.szsuba.com\/es\/wp-json\/wp\/v2\/types\/product"}],"replies":[{"embeddable":true,"href":"https:\/\/www.szsuba.com\/es\/wp-json\/wp\/v2\/comments?post=589"}],"wp:featuredmedia":[{"embeddable":true,"href":"https:\/\/www.szsuba.com\/es\/wp-json\/wp\/v2\/media\/590"}],"wp:attachment":[{"href":"https:\/\/www.szsuba.com\/es\/wp-json\/wp\/v2\/media?parent=589"}],"wp:term":[{"taxonomy":"product_cat","embeddable":true,"href":"https:\/\/www.szsuba.com\/es\/wp-json\/wp\/v2\/product_cat?post=589"},{"taxonomy":"product_tag","embeddable":true,"href":"https:\/\/www.szsuba.com\/es\/wp-json\/wp\/v2\/product_tag?post=589"}],"curies":[{"name":"wp","href":"https:\/\/api.w.org\/{rel}","templated":true}]}}