{"id":1724,"date":"2025-02-14T14:47:27","date_gmt":"2025-02-14T06:47:27","guid":{"rendered":"https:\/\/www.szsuba.com\/?post_type=product&#038;p=1724"},"modified":"2025-02-14T14:54:49","modified_gmt":"2025-02-14T06:54:49","slug":"factory-custom-design-monopoly-board-game","status":"publish","type":"product","link":"https:\/\/www.szsuba.com\/es\/product\/factory-custom-design-monopoly-board-game\/","title":{"rendered":"Factory personalizado de dise\u00f1o de mesa de monopolio de f\u00e1brica"},"content":{"rendered":"<p data-start=\"471\" data-end=\"488\"><strong data-start=\"471\" data-end=\"488\">Caracter\u00edsticas clave:<\/strong><\/p>\n<ol data-start=\"490\" data-end=\"2496\">\n<li data-start=\"490\" data-end=\"802\">\n<p data-start=\"493\" data-end=\"802\"><strong data-start=\"493\" data-end=\"523\">Dise\u00f1o totalmente personalizable:<\/strong> Pon tu propio giro en el cl\u00e1sico juego de monopolio. Personalice el tablero de juego, las piezas del juego, las cartas y el embalaje con sus propios logotipos, obras de arte y temas. Ya sea para un evento corporativo, un hito personal o una experiencia tem\u00e1tica, podemos dise\u00f1arlo seg\u00fan sus especificaciones exactas.<\/p>\n<\/li>\n<li data-start=\"804\" data-end=\"1069\">\n<p data-start=\"807\" data-end=\"1069\"><strong data-start=\"807\" data-end=\"834\">Materiales de alta calidad:<\/strong> Hecho con materiales premium para garantizar la durabilidad y la calidad duradera. Elija entre una variedad de acabados de tablero, como piezas de juego brillantes, mate o texturizadas, y seleccione piezas de juego creadas con metal, madera o pl\u00e1stico para una sensaci\u00f3n aut\u00e9ntica.<\/p>\n<\/li>\n<li data-start=\"1071\" data-end=\"1376\">\n<p data-start=\"1074\" data-end=\"1376\"><strong data-start=\"1074\" data-end=\"1103\">Perfecto para cualquier ocasi\u00f3n:<\/strong> Ya sea que est\u00e9 planeando un sorteo corporativo, un favor de la boda o un regalo personalizado para un evento especial, nuestro juego de monopolio se puede adaptar para adaptarse a cualquier ocasi\u00f3n. Personalice todo, desde los nombres de propiedad hasta las instrucciones del juego, por lo que es una experiencia memorable para los jugadores.<img fetchpriority=\"high\" decoding=\"async\" class=\"size-medium wp-image-1726 alignright\" src=\"http:\/\/www.szsuba.com\/wp-content\/uploads\/2025\/02\/\u4e3b\u56fe1-1-300x300.jpg\" alt=\"\" width=\"300\" height=\"300\" srcset=\"https:\/\/www.szsuba.com\/wp-content\/uploads\/2025\/02\/\u4e3b\u56fe1-1-300x300.jpg 300w, https:\/\/www.szsuba.com\/wp-content\/uploads\/2025\/02\/\u4e3b\u56fe1-1-150x150.jpg 150w, https:\/\/www.szsuba.com\/wp-content\/uploads\/2025\/02\/\u4e3b\u56fe1-1-768x768.jpg 768w, https:\/\/www.szsuba.com\/wp-content\/uploads\/2025\/02\/\u4e3b\u56fe1-1-600x600.jpg 600w, https:\/\/www.szsuba.com\/wp-content\/uploads\/2025\/02\/\u4e3b\u56fe1-1-100x100.jpg 100w, https:\/\/www.szsuba.com\/wp-content\/uploads\/2025\/02\/\u4e3b\u56fe1-1.jpg 800w\" sizes=\"(max-width: 300px) 100vw, 300px\" \/><\/p>\n<\/li>\n<li data-start=\"1378\" data-end=\"1679\">\n<p data-start=\"1381\" data-end=\"1679\"><strong data-start=\"1381\" data-end=\"1404\">Ideal para la marca:<\/strong> \u00bfBusca promocionar su negocio o crear una edici\u00f3n especial para su marca? Nuestros conjuntos de monopolio personalizados se pueden dise\u00f1ar con el logotipo, los productos o los lemas de su empresa para crear una herramienta promocional \u00fanica que se destaque. Perfecto para regalos, ferias comerciales o eventos corporativos.<\/p>\n<\/li>\n<li data-start=\"1681\" data-end=\"1967\">\n<p data-start=\"1684\" data-end=\"1967\"><strong data-start=\"1684\" data-end=\"1706\">Variedad de temas:<\/strong> Desde la cultura pop y los temas hist\u00f3ricos hasta su propio concepto creativo, ofrecemos posibilidades de dise\u00f1o ilimitadas. Ya sea que desee un aspecto cl\u00e1sico y vintage o un giro moderno, podemos dar vida a sus ideas, creando un juego divertido y atractivo para jugadores de todas las edades.<\/p>\n<\/li>\n<li data-start=\"1969\" data-end=\"2240\">\n<p data-start=\"1972\" data-end=\"2240\"><strong data-start=\"1972\" data-end=\"2006\">Opciones de embalaje sostenibles:<\/strong> Elija entre opciones de embalaje ecol\u00f3gicas para alinearse con los objetivos de sostenibilidad de su marca. Nuestros conjuntos de juegos personalizados est\u00e1n disponibles en cajas y materiales reciclables, asegurando que su producto sea tan consciente del medio ambiente como elegante.<\/p>\n<\/li>\n<li data-start=\"2242\" data-end=\"2496\">\n<p data-start=\"2245\" data-end=\"2496\"><strong data-start=\"2245\" data-end=\"2281\">Perfecto para grupos y familias:<\/strong> El juego de monopolio atemporal re\u00fane a las personas, lo que lo hace perfecto para las noches de juegos familiares, actividades de construcci\u00f3n de equipos o reuniones sociales. Los dise\u00f1os personalizados agregan un nivel adicional de diversi\u00f3n y conexi\u00f3n para cada jugador.<\/p>\n<\/li>\n<\/ol>\n<p>&nbsp;<\/p>\n<p>&nbsp;<\/p>\n<p><strong>Par\u00e1metro de producto<\/strong><\/p>\n<table style=\"border-collapse: collapse; width: 85.0923%;\">\n<tbody>\n<tr>\n<td style=\"width: 16.1624%;\">\n<div class=\"magic-14\"><b data-spm-anchor-id=\"a2700.details.0.i66.2b7422c0p6o09L\">Nombre del producto<\/b><\/div>\n<\/td>\n<td style=\"width: 68.8561%;\">\n<div class=\"magic-15\">F\u00e1brica al por mayor del juego de mesa barato imprime el juego de monopoli tablero de la mesa personalizada de la mesa de juego<\/div>\n<\/td>\n<\/tr>\n<tr>\n<td style=\"width: 16.1624%;\">\n<div class=\"magic-14\"><b>Material<\/b><\/div>\n<\/td>\n<td style=\"width: 68.8561%;\">\n<div class=\"magic-15\">Papel de n\u00facleo blanco de 300GSM \/ 350GSM \/ 400GSM (papel de arte)<br \/>\n270GSM \/ 280GSM \/ 300GSM Blue \/Grey papel de n\u00facleo 300GSM \/ 310GSM \/ 330GSM mejor papel negro n\u00facleo negro<br \/>\n100% nuevo PVC \/ Black White<br \/>\nPVC (0.3 mm \/0.32mm) personalizado<\/div>\n<\/td>\n<\/tr>\n<tr>\n<td style=\"width: 16.1624%;\">\n<div class=\"magic-14\"><b>Tama\u00f1o<\/b><\/div>\n<\/td>\n<td style=\"width: 68.8561%;\">\n<div class=\"magic-15\">Tama\u00f1o personalizado<\/div>\n<\/td>\n<\/tr>\n<tr>\n<td style=\"width: 16.1624%;\">\n<div class=\"magic-14\"><b>Logo<\/b><\/div>\n<\/td>\n<td style=\"width: 68.8561%;\">\n<div class=\"magic-15\">Logotipo personalizado<\/div>\n<\/td>\n<\/tr>\n<tr>\n<td style=\"width: 16.1624%;\">\n<div class=\"magic-14\"><b>Impresi\u00f3n<\/b><\/div>\n<\/td>\n<td style=\"width: 68.8561%;\">\n<div class=\"magic-15\">Impresi\u00f3n a todo color CMYK (con la mejor impresi\u00f3n de Heidelberg) o impresi\u00f3n PMS<\/div>\n<\/td>\n<\/tr>\n<tr>\n<td style=\"width: 16.1624%;\">\n<div class=\"magic-14\"><b>Forma de tarjeta disponible<\/b><\/div>\n<\/td>\n<td style=\"width: 68.8561%;\">\n<div class=\"magic-15\">Cuadrado, redondo, rect\u00e1ngulo, ovalado, coraz\u00f3n, tri\u00e1ngulo estrella y cualquier otra forma especial<\/div>\n<\/td>\n<\/tr>\n<tr>\n<td style=\"width: 16.1624%;\">\n<div class=\"magic-14\"><b>Cajas de embalaje<\/b><\/div>\n<\/td>\n<td style=\"width: 68.8561%;\">\n<div class=\"magic-15\">Tapa y caja base, caja magn\u00e9tica, caja de volteo, caja de correo, caja de cajones, caja de hierro, personalizado<\/div>\n<\/td>\n<\/tr>\n<tr>\n<td style=\"width: 16.1624%;\">\n<div class=\"magic-14\"><b>Muestra<\/b><\/div>\n<\/td>\n<td style=\"width: 68.8561%;\">\n<div class=\"magic-15\">Muestras gratuitas disponibles<\/div>\n<\/td>\n<\/tr>\n<tr>\n<td style=\"width: 16.1624%;\">\n<div class=\"magic-14\"><b>Tiempo de entrega<\/b><\/div>\n<\/td>\n<td style=\"width: 68.8561%;\">\n<div class=\"magic-15\">5 d\u00edas h\u00e1biles para muestras;<\/div>\n<\/td>\n<\/tr>\n<tr>\n<td style=\"width: 16.1624%;\">\n<div class=\"magic-14\"><b>Acabado superficial<\/b><\/div>\n<\/td>\n<td style=\"width: 68.8561%;\">\n<div class=\"magic-15\">GLOSSY \/Matte Varnishing<br \/>\nGLOSSY \/Matte laminationGold Foil \/Sliver foil \/Rose estampado de aluminio de oro<br \/>\nEn relieve \/Debossing<br \/>\nSpot uv \/Glitter pintura<br \/>\nPersonalizado<\/div>\n<\/td>\n<\/tr>\n<tr>\n<td style=\"width: 16.1624%;\">\n<div class=\"magic-14\"><b>OEM \/ ODM<\/b><\/div>\n<\/td>\n<td style=\"width: 68.8561%;\">\n<div class=\"magic-15\">Aceptable<\/div>\n<\/td>\n<\/tr>\n<tr>\n<td style=\"width: 16.1624%;\">\n<div class=\"magic-14\"><b>Pago<\/b><\/div>\n<\/td>\n<td style=\"width: 68.8561%;\">\n<div class=\"magic-15\">Muestra: pagado por adelantado<br \/>\nProducci\u00f3n en masa: pago completo por adelantado por peque\u00f1a cantidad;<br \/>\nantes de los hombres de barcos<\/div>\n<\/td>\n<\/tr>\n<tr>\n<td style=\"width: 16.1624%;\">\n<div class=\"magic-14\"><b>Usar<\/b><\/div>\n<\/td>\n<td style=\"width: 68.8561%;\">\n<div class=\"magic-15\">Entretenimiento, educaci\u00f3n, regalos, publicidad, promoci\u00f3n, juegos divertidos, cartas de juego de clubes, juego, publicidad, aprendizaje para ni\u00f1os<\/div>\n<\/td>\n<\/tr>\n<\/tbody>\n<\/table>\n<p>&nbsp;<\/p>\n<p>&nbsp;<\/p>\n<p>&nbsp;<\/p>\n<p data-start=\"2498\" data-end=\"2516\"><strong data-start=\"2498\" data-end=\"2516\">\u00bfPor qu\u00e9 elegirnos?<\/strong><\/p>\n<ul data-start=\"2518\" data-end=\"3130\">\n<li data-start=\"2518\" data-end=\"2757\"><strong data-start=\"2520\" data-end=\"2543\">Servicio de extremo a extremo:<\/strong> Desde el concepto inicial hasta la producci\u00f3n final, ofrecemos soporte total para dar vida a su juego de mesa de monopolio dise\u00f1ado a medida. Nuestro equipo de dise\u00f1o interno trabaja en estrecha colaboraci\u00f3n con usted para asegurarse de que cada detalle sea perfecto.<\/li>\n<li data-start=\"2758\" data-end=\"2948\"><strong data-start=\"2760\" data-end=\"2787\">Pedidos peque\u00f1os y grandes:<\/strong> Ya sea que necesite una edici\u00f3n limitada para eventos especiales o un orden masivo para fines promocionales, ofrecemos cantidades de producci\u00f3n flexibles y precios competitivos.<\/li>\n<li data-start=\"2949\" data-end=\"3130\"><strong data-start=\"2951\" data-end=\"2977\">Tiempo de respuesta r\u00e1pido:<\/strong> Nuestro proceso de producci\u00f3n eficiente asegura que sus conjuntos de monopolio personalizados se entreguen a tiempo, por lo que puede comenzar a disfrutar de sus juegos personalizados antes.<\/li>\n<\/ul>\n<p>&nbsp;<\/p>\n<p><strong data-start=\"3132\" data-end=\"3155\">\u00a1Deja que el juego comience!<\/strong><br data-start=\"3155\" data-end=\"3158\" \/>Cree una experiencia de monopolio \u00fanica con nuestros conjuntos de juegos de dise\u00f1o personalizado. Ya sea que est\u00e9 celebrando un hito, promocionando su marca o simplemente divirti\u00e9ndose con amigos y familiares, nuestros juegos de monopolio a medida har\u00e1n que cada momento sea m\u00e1s memorable. \u00a1Creemos juntos el mejor juego de mesa personalizado!<\/p>","protected":false},"excerpt":{"rendered":"<p>Dar vida a su visi\u00f3n con nuestro <strong data-start=\"183\" data-end=\"228\">Factory personalizado de dise\u00f1o de mesa de monopolio de f\u00e1brica<\/strong>, donde la tradici\u00f3n se encuentra con la personalizaci\u00f3n! Ya sea que est\u00e9 buscando crear un regalo \u00fanico, promocionar su marca u ofrecer un nuevo giro en el juego cl\u00e1sico, nuestros conjuntos de monopolio de dise\u00f1o personalizado son la manera perfecta de causar una impresi\u00f3n inolvidable.<\/p>","protected":false},"featured_media":1725,"comment_status":"open","ping_status":"closed","template":"","meta":{"_acf_changed":false},"product_cat":[20],"product_tag":[39,42,41,40],"class_list":{"0":"post-1724","1":"product","2":"type-product","3":"status-publish","4":"has-post-thumbnail","6":"product_cat-custom-board-games","7":"product_tag-board-game","8":"product_tag-board-game-printing","9":"product_tag-custom-game-cards","10":"product_tag-monopply","12":"first","13":"instock","14":"shipping-taxable","15":"product-type-simple"},"acf":[],"_links":{"self":[{"href":"https:\/\/www.szsuba.com\/es\/wp-json\/wp\/v2\/product\/1724","targetHints":{"allow":["GET"]}}],"collection":[{"href":"https:\/\/www.szsuba.com\/es\/wp-json\/wp\/v2\/product"}],"about":[{"href":"https:\/\/www.szsuba.com\/es\/wp-json\/wp\/v2\/types\/product"}],"replies":[{"embeddable":true,"href":"https:\/\/www.szsuba.com\/es\/wp-json\/wp\/v2\/comments?post=1724"}],"wp:featuredmedia":[{"embeddable":true,"href":"https:\/\/www.szsuba.com\/es\/wp-json\/wp\/v2\/media\/1725"}],"wp:attachment":[{"href":"https:\/\/www.szsuba.com\/es\/wp-json\/wp\/v2\/media?parent=1724"}],"wp:term":[{"taxonomy":"product_cat","embeddable":true,"href":"https:\/\/www.szsuba.com\/es\/wp-json\/wp\/v2\/product_cat?post=1724"},{"taxonomy":"product_tag","embeddable":true,"href":"https:\/\/www.szsuba.com\/es\/wp-json\/wp\/v2\/product_tag?post=1724"}],"curies":[{"name":"wp","href":"https:\/\/api.w.org\/{rel}","templated":true}]}}