{"id":1717,"date":"2025-02-14T14:34:07","date_gmt":"2025-02-14T06:34:07","guid":{"rendered":"https:\/\/www.szsuba.com\/?post_type=product&#038;p=1717"},"modified":"2025-02-14T14:38:54","modified_gmt":"2025-02-14T06:38:54","slug":"oem-odm-cosmetics-boutique-packaging-box","status":"publish","type":"product","link":"https:\/\/www.szsuba.com\/es\/product\/oem-odm-cosmetics-boutique-packaging-box\/","title":{"rendered":"OEM ODM Cosmetics Boutique Packaging Box"},"content":{"rendered":"<p data-start=\"469\" data-end=\"486\"><strong data-start=\"469\" data-end=\"486\">Caracter\u00edsticas clave:<\/strong><\/p>\n<ol data-start=\"488\" data-end=\"2155\">\n<li style=\"list-style-type: none;\">\n<ol data-start=\"488\" data-end=\"2155\">\n<li data-start=\"488\" data-end=\"713\">\n<p data-start=\"491\" data-end=\"713\"><strong data-start=\"491\" data-end=\"515\">Dise\u00f1o personalizable:<\/strong> Adapte el embalaje para reflejar el estilo \u00fanico de su marca. Desde esquemas de color y colocaci\u00f3n del logotipo hasta formas y acabados personalizados, ofrecemos una amplia gama de opciones de dise\u00f1o para dar vida a su visi\u00f3n.<\/p>\n<\/li>\n<li data-start=\"715\" data-end=\"968\">\n<p data-start=\"718\" data-end=\"968\"><strong data-start=\"718\" data-end=\"745\">Materiales de alta calidad:<\/strong> Nuestras cajas de embalaje est\u00e1n hechas de materiales ecol\u00f3gicos y duraderos que proporcionan protecci\u00f3n y una sensaci\u00f3n exclusiva. Elija entre cart\u00f3n premium, cart\u00f3n r\u00edgido o alternativas sostenibles para satisfacer las necesidades de su producto.<\/p>\n<p><img fetchpriority=\"high\" decoding=\"async\" class=\"size-medium wp-image-1718 alignright\" src=\"http:\/\/www.szsuba.com\/wp-content\/uploads\/2025\/02\/\u4e3b\u56fe4-300x300.jpg\" alt=\"caja de embalaje cosm\u00e9tico\" width=\"300\" height=\"300\" srcset=\"https:\/\/www.szsuba.com\/wp-content\/uploads\/2025\/02\/\u4e3b\u56fe4-300x300.jpg 300w, https:\/\/www.szsuba.com\/wp-content\/uploads\/2025\/02\/\u4e3b\u56fe4-150x150.jpg 150w, https:\/\/www.szsuba.com\/wp-content\/uploads\/2025\/02\/\u4e3b\u56fe4-768x768.jpg 768w, https:\/\/www.szsuba.com\/wp-content\/uploads\/2025\/02\/\u4e3b\u56fe4-600x600.jpg 600w, https:\/\/www.szsuba.com\/wp-content\/uploads\/2025\/02\/\u4e3b\u56fe4-100x100.jpg 100w, https:\/\/www.szsuba.com\/wp-content\/uploads\/2025\/02\/\u4e3b\u56fe4.jpg 800w\" sizes=\"(max-width: 300px) 100vw, 300px\" \/><\/li>\n<\/ol>\n<\/li>\n<\/ol>\n<p>&nbsp;<\/p>\n<ol data-start=\"488\" data-end=\"2155\">\n<li data-start=\"970\" data-end=\"1244\">\n<p data-start=\"973\" data-end=\"1244\"><strong data-start=\"973\" data-end=\"1005\">Toques finales lujosos:<\/strong> Mejore la experiencia t\u00e1ctil con una variedad de acabados de alta gama como laminaci\u00f3n mate o brillante, spot UV Coati<\/p>\n<\/li>\n<li data-start=\"970\" data-end=\"1244\">\n<p data-start=\"973\" data-end=\"1244\">ng, estampado en relieve, debosing y foil. Estos acabados elevan la apariencia general de su embalaje de cosm\u00e9ticos.<\/p>\n<\/li>\n<li data-start=\"1246\" data-end=\"1522\">\n<p data-start=\"1249\" data-end=\"1522\"><strong data-start=\"1249\" data-end=\"1265\">Ajuste perfecto:<\/strong> Dise\u00f1ado para adaptarse a su producto como un guante, nuestro embalaje garantiza que sus cosm\u00e9ticos permanezcan seguros durante el transporte y en la exhibici\u00f3n. Ofrecemos soluciones para todo, desde estuches de l\u00e1piz labial hasta botellas de cuidado de la piel, dando a sus productos la protecci\u00f3n que merecen.<\/p>\n<\/li>\n<li data-start=\"1524\" data-end=\"1722\">\n<p data-start=\"1527\" data-end=\"1722\"><strong data-start=\"1527\" data-end=\"1553\">Pedidos peque\u00f1os o grandes:<\/strong> Ya sea que necesite un peque\u00f1o lote para tiendas de boutique o producci\u00f3n a gran escala para mercados internacionales, ofrecemos vol\u00famenes de producci\u00f3n flexibles con tiempos de respuesta r\u00e1pidos.<\/p>\n<\/li>\n<li data-start=\"1724\" data-end=\"1982\">\n<p data-start=\"1727\" data-end=\"1982\"><strong data-start=\"1727\" data-end=\"1746\">Sostenibilidad:<\/strong> Nuestro compromiso con la sostenibilidad significa que ofrecemos opciones de embalaje que minimizan el impacto ambiental sin comprometer el dise\u00f1o o la calidad. Los materiales reciclables y biodegradables est\u00e1n disponibles para cumplir con los est\u00e1ndares de marca ecol\u00f3gicos.<\/p>\n<\/li>\n<li data-start=\"1984\" data-end=\"2155\">\n<p data-start=\"1987\" data-end=\"2155\"><strong data-start=\"1987\" data-end=\"2011\">Perfecto para regalos:<\/strong> Nuestro embalaje boutique est\u00e1 dise\u00f1ado para crear una experiencia de unboxing memorable, lo que lo hace ideal para juegos de regalos de lujo o l\u00edneas de cosm\u00e9ticos de alta gama.<\/p>\n<\/li>\n<\/ol>\n<p>&nbsp;<\/p>\n<p data-start=\"2157\" data-end=\"2175\"><strong data-start=\"2157\" data-end=\"2175\">\u00bfPor qu\u00e9 elegirnos?<\/strong><\/p>\n<ul data-start=\"2177\" data-end=\"2688\">\n<li data-start=\"2177\" data-end=\"2386\"><strong data-start=\"2179\" data-end=\"2200\">OEM \/ODM servicios:<\/strong> Desde el concepto hasta la creaci\u00f3n, apoyamos los servicios de fabricantes de equipos originales (OEM) y de dise\u00f1o original (ODM), asegurando que su empaque sea tan \u00fanico como su marca.<\/li>\n<li data-start=\"2387\" data-end=\"2551\"><strong data-start=\"2389\" data-end=\"2413\">Consulta de expertos:<\/strong> Nuestros expertos en dise\u00f1o y envasado brindan asesoramiento personalizado y soluciones creativas para ayudar a que su marca se destaque en un mercado competitivo.<\/li>\n<li data-start=\"2552\" data-end=\"2688\"><strong data-start=\"2554\" data-end=\"2585\">Producci\u00f3n r\u00e1pida y entrega:<\/strong> Con una fabricaci\u00f3n eficiente y log\u00edstica, nos aseguramos de que su embalaje llegue a tiempo, cada vez.<\/li>\n<\/ul>\n<p data-start=\"2690\" data-end=\"2902\">Transforme su empaque de cosm\u00e9ticos en una declaraci\u00f3n de lujo, elegancia y calidad. Perm\u00edtanos ayudarlo a crear una experiencia de embalaje memorable que mejore la identidad de su marca y resuene con sus clientes.<\/p>","protected":false},"excerpt":{"rendered":"<p>Eleve la presencia de su marca con nuestra caja de embalaje boutique Cosmetics OEM premium OEM, dise\u00f1ada para agregar un toque lujoso a sus productos de belleza. Ya sea que sea una startup o una marca establecida, nuestras soluciones de envasado a medida est\u00e1n elaboradas para satisfacer sus necesidades espec\u00edficas, asegurando que sus productos se destacen en los estantes.<\/p>","protected":false},"featured_media":1718,"comment_status":"open","ping_status":"closed","template":"","meta":{"_acf_changed":false},"product_cat":[35],"product_tag":[36,37,38],"class_list":{"0":"post-1717","1":"product","2":"type-product","3":"status-publish","4":"has-post-thumbnail","6":"product_cat-custom-paper-box","7":"product_tag-cosmetic-packaging-box","8":"product_tag-gift-box","9":"product_tag-paper-packaging","11":"first","12":"instock","13":"shipping-taxable","14":"product-type-simple"},"acf":[],"_links":{"self":[{"href":"https:\/\/www.szsuba.com\/es\/wp-json\/wp\/v2\/product\/1717","targetHints":{"allow":["GET"]}}],"collection":[{"href":"https:\/\/www.szsuba.com\/es\/wp-json\/wp\/v2\/product"}],"about":[{"href":"https:\/\/www.szsuba.com\/es\/wp-json\/wp\/v2\/types\/product"}],"replies":[{"embeddable":true,"href":"https:\/\/www.szsuba.com\/es\/wp-json\/wp\/v2\/comments?post=1717"}],"wp:featuredmedia":[{"embeddable":true,"href":"https:\/\/www.szsuba.com\/es\/wp-json\/wp\/v2\/media\/1718"}],"wp:attachment":[{"href":"https:\/\/www.szsuba.com\/es\/wp-json\/wp\/v2\/media?parent=1717"}],"wp:term":[{"taxonomy":"product_cat","embeddable":true,"href":"https:\/\/www.szsuba.com\/es\/wp-json\/wp\/v2\/product_cat?post=1717"},{"taxonomy":"product_tag","embeddable":true,"href":"https:\/\/www.szsuba.com\/es\/wp-json\/wp\/v2\/product_tag?post=1717"}],"curies":[{"name":"wp","href":"https:\/\/api.w.org\/{rel}","templated":true}]}}