{"id":1648,"date":"2024-12-27T17:17:16","date_gmt":"2024-12-27T09:17:16","guid":{"rendered":"https:\/\/www.szsuba.com\/?post_type=product&#038;p=1648"},"modified":"2024-12-27T17:17:16","modified_gmt":"2024-12-27T09:17:16","slug":"custom-paper-drawer-packaging-box","status":"publish","type":"product","link":"https:\/\/www.szsuba.com\/es\/product\/custom-paper-drawer-packaging-box\/","title":{"rendered":"Caja de embalaje de caj\u00f3n de papel personalizado"},"content":{"rendered":"<p>Suba es el fabricante y proveedor de cajas de cajones perfectos, ya que aqu\u00ed es donde comenzamos nuestro negocio original con 30 a\u00f1os de experiencia en fabricaci\u00f3n en la industria. <img decoding=\"async\" class=\"wp-image-1649 alignright\" src=\"http:\/\/www.szsuba.com\/wp-content\/uploads\/2024\/12\/\u4f01\u4e1a\u5fae\u4fe1\u622a\u56fe_17341674718487-300x300.png\" alt=\"\" width=\"186\" height=\"186\" srcset=\"https:\/\/www.szsuba.com\/wp-content\/uploads\/2024\/12\/\u4f01\u4e1a\u5fae\u4fe1\u622a\u56fe_17341674718487-300x300.png 300w, https:\/\/www.szsuba.com\/wp-content\/uploads\/2024\/12\/\u4f01\u4e1a\u5fae\u4fe1\u622a\u56fe_17341674718487-150x150.png 150w, https:\/\/www.szsuba.com\/wp-content\/uploads\/2024\/12\/\u4f01\u4e1a\u5fae\u4fe1\u622a\u56fe_17341674718487-600x600.png 600w, https:\/\/www.szsuba.com\/wp-content\/uploads\/2024\/12\/\u4f01\u4e1a\u5fae\u4fe1\u622a\u56fe_17341674718487-100x100.png 100w, https:\/\/www.szsuba.com\/wp-content\/uploads\/2024\/12\/\u4f01\u4e1a\u5fae\u4fe1\u622a\u56fe_17341674718487.png 720w\" sizes=\"(max-width: 186px) 100vw, 186px\" \/>Nuestras cajas de cajones personalizadas est\u00e1n dise\u00f1adas con un mecanismo deslizante para un f\u00e1cil acceso a sus art\u00edculos. Nuestros cartones est\u00e1n hechos de materiales de papel de alta calidad que son lo suficientemente fuertes y duraderos como para almacenar sus pertenencias de manera segura. Ya sea que necesite una caja de caj\u00f3n deslizante para joyas, papeler\u00eda u otros art\u00edculos peque\u00f1os, Suba lo tiene cubierto. Con nuestras cajas de cajones personalizadas a la venta, puede elegir el tama\u00f1o y el color que mejor se adapte a sus necesidades.<\/p>\n<p>&nbsp;<\/p>\n<p>&nbsp;<\/p>\n<p>&nbsp;<\/p>\n<p>A <strong>caja de perfume de papel personalizado<\/strong> es una soluci\u00f3n de empaque especializada dise\u00f1ada para albergar y presentar botellas de perfumes de una manera \u00fanica y personalizada. Estas cajas est\u00e1n hechas de cart\u00f3n o cart\u00f3n de alta calidad, a menudo con acabados adicionales como estampado, estampado de aluminio o recubrimiento UV spot para mejorar su atractivo est\u00e9tico. Las cajas de perfume de papel personalizadas se usan ampliamente en la industria de fragancias para su capacidad de proporcionar una forma atractiva, resistente y ecol\u00f3gica de empacar y mostrar perfumes.<img decoding=\"async\" class=\"wp-image-1655 alignright\" src=\"http:\/\/www.szsuba.com\/wp-content\/uploads\/2024\/12\/\u4f01\u4e1a\u5fae\u4fe1\u622a\u56fe_17341673773170-300x300.png\" alt=\"\" width=\"180\" height=\"180\" srcset=\"https:\/\/www.szsuba.com\/wp-content\/uploads\/2024\/12\/\u4f01\u4e1a\u5fae\u4fe1\u622a\u56fe_17341673773170-300x300.png 300w, https:\/\/www.szsuba.com\/wp-content\/uploads\/2024\/12\/\u4f01\u4e1a\u5fae\u4fe1\u622a\u56fe_17341673773170-150x150.png 150w, https:\/\/www.szsuba.com\/wp-content\/uploads\/2024\/12\/\u4f01\u4e1a\u5fae\u4fe1\u622a\u56fe_17341673773170-600x599.png 600w, https:\/\/www.szsuba.com\/wp-content\/uploads\/2024\/12\/\u4f01\u4e1a\u5fae\u4fe1\u622a\u56fe_17341673773170-100x100.png 100w, https:\/\/www.szsuba.com\/wp-content\/uploads\/2024\/12\/\u4f01\u4e1a\u5fae\u4fe1\u622a\u56fe_17341673773170.png 720w\" sizes=\"(max-width: 180px) 100vw, 180px\" \/><\/p>\n<p>&nbsp;<\/p>\n<p>&nbsp;<\/p>\n<p>&nbsp;<\/p>\n<p>Totalmente personalizado, cotizaci\u00f3n r\u00e1pida, servicio profesional, embalaje personalizado, nuestros cartones impresos pueden hacer que su marca sea completa el embalaje.<\/p>\n<p>Puede personalizar una variedad de diferentes tipos de cajas de embalaje en Suba, porque somos una f\u00e1brica de impresi\u00f3n profesional, haciendo cajas de embalaje durante m\u00e1s de 30 a\u00f1os, con buena experiencia en fabricaci\u00f3n de la industria. Si tiene m\u00e1s ideas, tambi\u00e9n puede compartir con nosotros, y personalizaremos la caja de regalo exactamente de acuerdo con su idea, cajas de cajones personalizados a un buen precio al por mayor.<\/p>","protected":false},"excerpt":{"rendered":"<p>Totalmente personalizado, cotizaci\u00f3n r\u00e1pida, servicio profesional, embalaje personalizado, nuestros cartones impresos pueden hacer que su marca sea completa el embalaje.<\/p>\n<p>Puede personalizar una variedad de diferentes tipos de cajas de embalaje en Suba, porque somos una f\u00e1brica de impresi\u00f3n profesional, haciendo cajas de embalaje durante m\u00e1s de 30 a\u00f1os, con buena experiencia en fabricaci\u00f3n de la industria. Si tiene m\u00e1s ideas, tambi\u00e9n puede compartir con nosotros, y personalizaremos la caja de regalo exactamente de acuerdo con su idea, cajas de cajones personalizados a un buen precio al por mayor.<\/p>","protected":false},"featured_media":1649,"comment_status":"open","ping_status":"closed","template":"","meta":{"_acf_changed":false},"product_cat":[35],"product_tag":[],"class_list":{"0":"post-1648","1":"product","2":"type-product","3":"status-publish","4":"has-post-thumbnail","6":"product_cat-custom-paper-box","8":"first","9":"instock","10":"shipping-taxable","11":"product-type-simple"},"acf":[],"_links":{"self":[{"href":"https:\/\/www.szsuba.com\/es\/wp-json\/wp\/v2\/product\/1648","targetHints":{"allow":["GET"]}}],"collection":[{"href":"https:\/\/www.szsuba.com\/es\/wp-json\/wp\/v2\/product"}],"about":[{"href":"https:\/\/www.szsuba.com\/es\/wp-json\/wp\/v2\/types\/product"}],"replies":[{"embeddable":true,"href":"https:\/\/www.szsuba.com\/es\/wp-json\/wp\/v2\/comments?post=1648"}],"wp:featuredmedia":[{"embeddable":true,"href":"https:\/\/www.szsuba.com\/es\/wp-json\/wp\/v2\/media\/1649"}],"wp:attachment":[{"href":"https:\/\/www.szsuba.com\/es\/wp-json\/wp\/v2\/media?parent=1648"}],"wp:term":[{"taxonomy":"product_cat","embeddable":true,"href":"https:\/\/www.szsuba.com\/es\/wp-json\/wp\/v2\/product_cat?post=1648"},{"taxonomy":"product_tag","embeddable":true,"href":"https:\/\/www.szsuba.com\/es\/wp-json\/wp\/v2\/product_tag?post=1648"}],"curies":[{"name":"wp","href":"https:\/\/api.w.org\/{rel}","templated":true}]}}