{"id":1637,"date":"2024-12-24T18:02:47","date_gmt":"2024-12-24T10:02:47","guid":{"rendered":"https:\/\/www.szsuba.com\/?post_type=product&#038;p=1637"},"modified":"2025-02-14T14:57:39","modified_gmt":"2025-02-14T06:57:39","slug":"board-games-playing-game-for-adults","status":"publish","type":"product","link":"https:\/\/www.szsuba.com\/es\/product\/board-games-playing-game-for-adults\/","title":{"rendered":"Juegos de mesa jugando para adultos"},"content":{"rendered":"<div dir=\"auto\"><strong>Las miniaturas personalizadas pueden dar a los jugadores una mejor sensaci\u00f3n de sustituci\u00f3n.<img fetchpriority=\"high\" decoding=\"async\" class=\"size-medium wp-image-1642 alignleft\" src=\"http:\/\/www.szsuba.com\/wp-content\/uploads\/2024\/12\/5-3-300x300.jpg\" alt=\"\" width=\"300\" height=\"300\" srcset=\"https:\/\/www.szsuba.com\/wp-content\/uploads\/2024\/12\/5-3-300x300.jpg 300w, https:\/\/www.szsuba.com\/wp-content\/uploads\/2024\/12\/5-3-150x150.jpg 150w, https:\/\/www.szsuba.com\/wp-content\/uploads\/2024\/12\/5-3-768x768.jpg 768w, https:\/\/www.szsuba.com\/wp-content\/uploads\/2024\/12\/5-3-600x600.jpg 600w, https:\/\/www.szsuba.com\/wp-content\/uploads\/2024\/12\/5-3-100x100.jpg 100w, https:\/\/www.szsuba.com\/wp-content\/uploads\/2024\/12\/5-3.jpg 800w\" sizes=\"(max-width: 300px) 100vw, 300px\" \/><\/strong><\/div>\n<p>&nbsp;<\/p>\n<div dir=\"auto\">Recoger los materiales y proveedores adecuados para sus miniaturas puede ser dif\u00edcil.<\/div>\n<div dir=\"auto\">Los moldes de las miniaturas que hacemos para usted se mantendr\u00e1n para siempre para usted.<\/div>\n<div dir=\"auto\">Las miniaturas que haces aqu\u00ed con nosotros se hacen nuevamente despu\u00e9s de m\u00e1s de diez a\u00f1os, y solo cobraremos por la producci\u00f3n.<\/div>\n<div dir=\"auto\"><\/div>\n<div dir=\"auto\">\n<div dir=\"auto\">Tablero de juego de impresi\u00f3n personalizado con CMYK+One Color espec\u00edfico, haga que el tono de todo el tablero de juego sea m\u00e1s especial.<\/div>\n<div dir=\"auto\"><\/div>\n<div dir=\"auto\"><strong><img decoding=\"async\" class=\"size-medium wp-image-1647 alignright\" src=\"http:\/\/www.szsuba.com\/wp-content\/uploads\/2024\/12\/\u4f01\u4e1a\u5fae\u4fe1\u622a\u56fe_17350335222174-300x205.png\" alt=\"\" width=\"300\" height=\"205\" srcset=\"https:\/\/www.szsuba.com\/wp-content\/uploads\/2024\/12\/\u4f01\u4e1a\u5fae\u4fe1\u622a\u56fe_17350335222174-300x205.png 300w, https:\/\/www.szsuba.com\/wp-content\/uploads\/2024\/12\/\u4f01\u4e1a\u5fae\u4fe1\u622a\u56fe_17350335222174-768x524.png 768w, https:\/\/www.szsuba.com\/wp-content\/uploads\/2024\/12\/\u4f01\u4e1a\u5fae\u4fe1\u622a\u56fe_17350335222174-600x410.png 600w, https:\/\/www.szsuba.com\/wp-content\/uploads\/2024\/12\/\u4f01\u4e1a\u5fae\u4fe1\u622a\u56fe_17350335222174.png 791w\" sizes=\"(max-width: 300px) 100vw, 300px\" \/><\/strong><\/div>\n<div dir=\"auto\">\n<div dir=\"auto\"><\/div>\n<div dir=\"auto\"><\/div>\n<div dir=\"auto\"><strong>Los tokens son una parte importante de los juegos de mesa.<\/strong><\/div>\n<div dir=\"auto\">El material com\u00fanmente utilizado es papel reciclado. El grosor es de aproximadamente 2 mm.<\/div>\n<div dir=\"auto\">El papel es m\u00e1s amigable con el medio ambiente que el pl\u00e1stico. M\u00e1s f\u00e1cil de transportar que los de metal.<\/div>\n<div dir=\"auto\">Los papel son m\u00e1s f\u00e1ciles de hacer en la forma deseada y se ven geniales.<\/div>\n<\/div>\n<\/div>\n<div dir=\"auto\"><\/div>\n<div dir=\"auto\"><\/div>\n<div dir=\"auto\"><\/div>\n<div dir=\"auto\"><\/div>\n<div dir=\"auto\"><strong>Par\u00e1metro de producto<\/strong><\/div>\n<div dir=\"auto\"><\/div>\n<div dir=\"auto\">\n<table style=\"border-collapse: collapse; width: 85.9779%;\">\n<tbody>\n<tr>\n<td style=\"width: 16.1624%;\">\n<div class=\"magic-14\"><b data-spm-anchor-id=\"a2700.details.0.i66.2b7422c0p6o09L\">Nombre del producto<\/b><\/div>\n<\/td>\n<td style=\"width: 69.7417%;\">\n<div class=\"magic-15\">F\u00e1brica al por mayor del juego de mesa barato imprime el juego de monopoli tablero de la mesa personalizada de la mesa de juego<\/div>\n<\/td>\n<\/tr>\n<tr>\n<td style=\"width: 16.1624%;\">\n<div class=\"magic-14\"><b>Material<\/b><\/div>\n<\/td>\n<td style=\"width: 69.7417%;\">\n<div class=\"magic-15\">Papel de n\u00facleo blanco de 300GSM \/ 350GSM \/ 400GSM (papel de arte)<br \/>\n270GSM \/ 280GSM \/ 300GSM Blue \/Grey papel de n\u00facleo 300GSM \/ 310GSM \/ 330GSM mejor papel negro n\u00facleo negro<br \/>\n100% nuevo PVC \/ Black White<br \/>\nPVC (0.3 mm \/0.32mm) personalizado<\/div>\n<\/td>\n<\/tr>\n<tr>\n<td style=\"width: 16.1624%;\">\n<div class=\"magic-14\"><b>Tama\u00f1o<\/b><\/div>\n<\/td>\n<td style=\"width: 69.7417%;\">\n<div class=\"magic-15\">Tama\u00f1o personalizado<\/div>\n<\/td>\n<\/tr>\n<tr>\n<td style=\"width: 16.1624%;\">\n<div class=\"magic-14\"><b>Logo<\/b><\/div>\n<\/td>\n<td style=\"width: 69.7417%;\">\n<div class=\"magic-15\">Logotipo personalizado<\/div>\n<\/td>\n<\/tr>\n<tr>\n<td style=\"width: 16.1624%;\">\n<div class=\"magic-14\"><b>Impresi\u00f3n<\/b><\/div>\n<\/td>\n<td style=\"width: 69.7417%;\">\n<div class=\"magic-15\">Impresi\u00f3n a todo color CMYK (con la mejor impresi\u00f3n de Heidelberg) o impresi\u00f3n PMS<\/div>\n<\/td>\n<\/tr>\n<tr>\n<td style=\"width: 16.1624%;\">\n<div class=\"magic-14\"><b>Forma de tarjeta disponible<\/b><\/div>\n<\/td>\n<td style=\"width: 69.7417%;\">\n<div class=\"magic-15\">Cuadrado, redondo, rect\u00e1ngulo, ovalado, coraz\u00f3n, tri\u00e1ngulo estrella y cualquier otra forma especial<\/div>\n<\/td>\n<\/tr>\n<tr>\n<td style=\"width: 16.1624%;\">\n<div class=\"magic-14\"><b>Cajas de embalaje<\/b><\/div>\n<\/td>\n<td style=\"width: 69.7417%;\">\n<div class=\"magic-15\">Tapa y caja base, caja magn\u00e9tica, caja de volteo, caja de correo, caja de cajones, caja de hierro, personalizado<\/div>\n<\/td>\n<\/tr>\n<tr>\n<td style=\"width: 16.1624%;\">\n<div class=\"magic-14\"><b>Muestra<\/b><\/div>\n<\/td>\n<td style=\"width: 69.7417%;\">\n<div class=\"magic-15\">Muestras gratuitas disponibles<\/div>\n<\/td>\n<\/tr>\n<tr>\n<td style=\"width: 16.1624%;\">\n<div class=\"magic-14\"><b>Tiempo de entrega<\/b><\/div>\n<\/td>\n<td style=\"width: 69.7417%;\">\n<div class=\"magic-15\">5 d\u00edas h\u00e1biles para muestras;<\/div>\n<\/td>\n<\/tr>\n<tr>\n<td style=\"width: 16.1624%;\">\n<div class=\"magic-14\"><b>Acabado superficial<\/b><\/div>\n<\/td>\n<td style=\"width: 69.7417%;\">\n<div class=\"magic-15\" data-spm-anchor-id=\"a2700.details.0.i67.2b7422c0p6o09L\">GLOSSY \/Matte Varnishing<br \/>\nGLOSSY \/Matte laminationGold Foil \/Sliver foil \/Rose estampado de aluminio de oro<br \/>\nEn relieve \/Debossing<br \/>\nSpot uv \/Glitter pintura<br \/>\nPersonalizado<\/div>\n<\/td>\n<\/tr>\n<tr>\n<td style=\"width: 16.1624%;\">\n<div class=\"magic-14\"><b>OEM \/ ODM<\/b><\/div>\n<\/td>\n<td style=\"width: 69.7417%;\">\n<div class=\"magic-15\">Aceptable<\/div>\n<\/td>\n<\/tr>\n<tr>\n<td style=\"width: 16.1624%;\">\n<div class=\"magic-14\"><b>Pago<\/b><\/div>\n<\/td>\n<td style=\"width: 69.7417%;\">\n<div class=\"magic-15\">Muestra: pagado por adelantado<br \/>\nProducci\u00f3n en masa: pago completo por adelantado por peque\u00f1a cantidad;<br \/>\nantes de los hombres de barcos<\/div>\n<\/td>\n<\/tr>\n<tr>\n<td style=\"width: 16.1624%;\">\n<div class=\"magic-14\"><b>Usar<\/b><\/div>\n<\/td>\n<td style=\"width: 69.7417%;\">\n<div class=\"magic-15\">Entretenimiento, educaci\u00f3n, regalos, publicidad, promoci\u00f3n, juegos divertidos, cartas de juego de clubes, juego, publicidad, aprendizaje para ni\u00f1os<\/div>\n<\/td>\n<\/tr>\n<\/tbody>\n<\/table>\n<\/div>\n<p>&nbsp;<\/p>\n<p data-start=\"2498\" data-end=\"2516\"><strong data-start=\"2498\" data-end=\"2516\">\u00bfPor qu\u00e9 elegirnos?<\/strong><\/p>\n<ul data-start=\"2518\" data-end=\"3130\">\n<li data-start=\"2518\" data-end=\"2757\"><strong data-start=\"2520\" data-end=\"2543\">Servicio de extremo a extremo:<\/strong>\u00a0Desde el concepto inicial hasta la producci\u00f3n final, ofrecemos soporte total para dar vida a su juego de mesa de monopolio dise\u00f1ado a medida. Nuestro equipo de dise\u00f1o interno trabaja en estrecha colaboraci\u00f3n con usted para asegurarse de que cada detalle sea perfecto.<\/li>\n<li data-start=\"2758\" data-end=\"2948\"><strong data-start=\"2760\" data-end=\"2787\">Pedidos peque\u00f1os y grandes:<\/strong>\u00a0Ya sea que necesite una edici\u00f3n limitada para eventos especiales o un orden masivo para fines promocionales, ofrecemos cantidades de producci\u00f3n flexibles y precios competitivos.<\/li>\n<li data-start=\"2949\" data-end=\"3130\"><strong data-start=\"2951\" data-end=\"2977\">Tiempo de respuesta r\u00e1pido:<\/strong>\u00a0Nuestro proceso de producci\u00f3n eficiente asegura que sus conjuntos de monopolio personalizados se entreguen a tiempo, por lo que puede comenzar a disfrutar de sus juegos personalizados antes.<\/li>\n<\/ul>\n<div dir=\"auto\"><\/div>\n<div dir=\"auto\"><\/div>\n<div dir=\"auto\"><\/div>\n<div dir=\"auto\"><\/div>","protected":false},"excerpt":{"rendered":"<p>Suba como fabricante l\u00edder de juegos de mesa con 15 a\u00f1os de experiencia especializada en imprimir juegos de mesa personalizados, cartas, cartas de tarot y juegos de cartas.<\/p>\n<p>SUBA proporciona una plataforma \u00fanica para desarrollar juegos de mesa personalizados;  Permite a los usuarios crear experiencias de juego personalizadas eligiendo temas, mec\u00e1nicos y componentes que satisfagan las preferencias individuales o las interacciones grupales. Los resultados de esta flexibilidad abren la puerta para una creatividad interminable y complaciendo a Playstyles o temas particulares para producir un juego.<\/p>\n<p>&nbsp;<\/p>","protected":false},"featured_media":1638,"comment_status":"open","ping_status":"closed","template":"","meta":{"_acf_changed":false},"product_cat":[20],"product_tag":[],"class_list":{"0":"post-1637","1":"product","2":"type-product","3":"status-publish","4":"has-post-thumbnail","6":"product_cat-custom-board-games","8":"first","9":"instock","10":"shipping-taxable","11":"product-type-simple"},"acf":[],"_links":{"self":[{"href":"https:\/\/www.szsuba.com\/es\/wp-json\/wp\/v2\/product\/1637","targetHints":{"allow":["GET"]}}],"collection":[{"href":"https:\/\/www.szsuba.com\/es\/wp-json\/wp\/v2\/product"}],"about":[{"href":"https:\/\/www.szsuba.com\/es\/wp-json\/wp\/v2\/types\/product"}],"replies":[{"embeddable":true,"href":"https:\/\/www.szsuba.com\/es\/wp-json\/wp\/v2\/comments?post=1637"}],"wp:featuredmedia":[{"embeddable":true,"href":"https:\/\/www.szsuba.com\/es\/wp-json\/wp\/v2\/media\/1638"}],"wp:attachment":[{"href":"https:\/\/www.szsuba.com\/es\/wp-json\/wp\/v2\/media?parent=1637"}],"wp:term":[{"taxonomy":"product_cat","embeddable":true,"href":"https:\/\/www.szsuba.com\/es\/wp-json\/wp\/v2\/product_cat?post=1637"},{"taxonomy":"product_tag","embeddable":true,"href":"https:\/\/www.szsuba.com\/es\/wp-json\/wp\/v2\/product_tag?post=1637"}],"curies":[{"name":"wp","href":"https:\/\/api.w.org\/{rel}","templated":true}]}}