{"id":1630,"date":"2024-12-24T15:34:52","date_gmt":"2024-12-24T07:34:52","guid":{"rendered":"https:\/\/www.szsuba.com\/?post_type=product&#038;p=1630"},"modified":"2024-12-24T15:34:52","modified_gmt":"2024-12-24T07:34:52","slug":"high-quality-printing-paper-tarot-cards","status":"publish","type":"product","link":"https:\/\/www.szsuba.com\/es\/product\/high-quality-printing-paper-tarot-cards\/","title":{"rendered":"Tarjetas de tarot de papel de impresi\u00f3n de alta calidad"},"content":{"rendered":"<article class=\"w-full scroll-mb-[var(--thread-trailing-height,150px)] text-token-text-primary focus-visible:outline-2 focus-visible:outline-offset-[-4px]\" dir=\"auto\" data-testid=\"conversation-turn-8\" data-scroll-anchor=\"false\">\n<div class=\"m-auto text-base py-[18px] px-3 md:px-4 w-full md:px-5 lg:px-4 xl:px-5\">\n<div class=\"mx-auto flex flex-1 gap-4 text-base md:gap-5 lg:gap-6 md:max-w-3xl lg:max-w-[40rem] xl:max-w-[48rem]\">\n<div class=\"group\/conversation-turn relative flex w-full min-w-0 flex-col\">\n<div class=\"flex-col gap-1 md:gap-3\">\n<div class=\"flex max-w-full flex-col flex-grow\">\n<div class=\"min-h-8 text-message flex w-full flex-col items-end gap-2 whitespace-normal break-words text-start [.text-message+&amp;]:mt-5\" dir=\"auto\" data-message-author-role=\"user\" data-message-id=\"aaa277d2-3905-43bd-a1b0-7958fece7b3c\">\n<div class=\"flex w-full flex-col gap-1 empty:hidden items-end rtl:items-start\">\n<div class=\"relative max-w-[var(--user-chat-width,70%)] rounded-3xl bg-token-message-surface px-5 py-2.5\">\n<div class=\"whitespace-pre-wrap\">\u00bfAcerca de c\u00f3mo la SUMA personaliza las marcas de tarot de alta calidad para los clientes?<\/div>\n<div><\/div>\n<\/div>\n<\/div>\n<div>SUBA es conocida por producir productos impresos personalizados, y probablemente tengan servicios adaptados a empresas y creadores independientes que desean dise\u00f1ar sus propias mazos de tarot con materiales de alta calidad y t\u00e9cnicas de impresi\u00f3n.<\/div>\n<div class=\"flex w-full flex-col gap-1 empty:hidden items-end rtl:items-start\">\n<h3><strong>C\u00f3mo Suba Factory personaliza las cartas del tarot de alta calidad:<\/strong><\/h3>\n<ol>\n<li><strong>Selecci\u00f3n de material<\/strong>:\n<ul>\n<li><strong>Papel ecol\u00f3gico<\/strong>: La impresi\u00f3n SUBA probablemente ofrece varias opciones para los tipos de papel, incluidos los materiales ecol\u00f3gicos y conscientes. Pueden ofrecer papel o papel certificado por FSC hecho de contenido reciclado, que se alinea con valores de producci\u00f3n sostenibles y \u00e9ticos. Este puede ser un gran punto de venta para los clientes que desean que sus cartas del tarot sean tanto de alta calidad como ecol\u00f3gicas.<\/li>\n<li><strong>Stock de tarjeta premium<\/strong>: Para garantizar que las cartas del tarot se sientan lujosas y duraderas, la f\u00e1brica puede usar un stock de tarjetas m\u00e1s grueso (por ejemplo, 350 GSM o m\u00e1s). Los tipos de papel premium con una textura suave o de lino pueden proporcionar una experiencia t\u00e1ctil exclusiva.<\/li>\n<li><strong>Revestimientos personalizados<\/strong>: Dependiendo de la solicitud del cliente, la impresi\u00f3n SubA puede ofrecer recubrimientos como acabados mate, brillantes o satinados, lo que mejoran la durabilidad y la est\u00e9tica de las tarjetas. Tambi\u00e9n pueden tener acabados especiales, como un recubrimiento UV o una laminaci\u00f3n de tacto suave para una elegancia y protecci\u00f3n adicionales.<img fetchpriority=\"high\" decoding=\"async\" class=\"size-medium wp-image-1636 alignright\" src=\"http:\/\/www.szsuba.com\/wp-content\/uploads\/2024\/12\/1-5-300x300.jpg\" alt=\"\" width=\"300\" height=\"300\" srcset=\"https:\/\/www.szsuba.com\/wp-content\/uploads\/2024\/12\/1-5-300x300.jpg 300w, https:\/\/www.szsuba.com\/wp-content\/uploads\/2024\/12\/1-5-150x150.jpg 150w, https:\/\/www.szsuba.com\/wp-content\/uploads\/2024\/12\/1-5-768x768.jpg 768w, https:\/\/www.szsuba.com\/wp-content\/uploads\/2024\/12\/1-5-600x600.jpg 600w, https:\/\/www.szsuba.com\/wp-content\/uploads\/2024\/12\/1-5-100x100.jpg 100w, https:\/\/www.szsuba.com\/wp-content\/uploads\/2024\/12\/1-5.jpg 800w\" sizes=\"(max-width: 300px) 100vw, 300px\" \/><\/li>\n<\/ul>\n<\/li>\n<li><strong>T\u00e9cnicas de impresi\u00f3n<\/strong>:\n<ul>\n<li><strong>Impresi\u00f3n digital o compensada a todo color<\/strong>: Suba probablemente utiliza impresi\u00f3n digital u compensada de alta calidad para dar vida a las intrincadas obras de arte. Estos m\u00e9todos aseguran que los colores sean vibrantes, n\u00edtidos y bien reproducidos, lo que hace que los dise\u00f1os en las cartas del tarot est\u00e9n con claridad. Esto es especialmente importante para las cubiertas del tarot, que a menudo contienen obras de arte ricas y simb\u00f3licas.<\/li>\n<li><strong>Pantone Color coincidente<\/strong>: Para dise\u00f1os de cartas de tarot personalizados, la precisi\u00f3n del color es clave. Suba podr\u00eda ofrecer una coincidencia de color Pantone, asegurando que los colores seleccionados por el dise\u00f1ador aparezcan exactamente como se pretend\u00eda, ya sea para marca especial o temas de color espec\u00edficos para la cubierta del tarot.<\/li>\n<li><strong>Ilustraciones y obras de arte personalizadas<\/strong>: Los artistas pueden enviar su propia obra de arte para cada tarjeta, o pueden trabajar con el equipo de dise\u00f1o de Suba para garantizar que el arte est\u00e9 listo para la impresi\u00f3n. Suba probablemente ofrece servicios de consulta para asegurarse de que el producto final se mantenga fiel a la visi\u00f3n del creador.<\/li>\n<\/ul>\n<\/li>\n<li><strong>Personalizaci\u00f3n de la estructura de la cubierta del tarot<\/strong>:\n<ul>\n<li><strong>Tama\u00f1o y forma de la tarjeta<\/strong>: Las cubiertas del tarot vienen en varios tama\u00f1os, y Suba probablemente puede acomodar dimensiones y formas de tarjeta personalizadas. Si bien las cubiertas del tarot tradicional tienden a tener dimensiones espec\u00edficas (por ejemplo, 70 x 120 mm), podr\u00edan ser posibles formas personalizadas como cuadros, redondos u otros dise\u00f1os \u00fanicos.<\/li>\n<li><strong>Embalaje<\/strong>: La impresi\u00f3n SUBA puede ofrecer dise\u00f1os de caja personalizados para empaquetar tarjetas de tarot. Los clientes pueden seleccionar entre opciones como cajas de tuck resistentes, casas de deslizamiento o cajas r\u00edgidas. El embalaje tambi\u00e9n puede ser ecol\u00f3gico, utilizando materiales reciclados o biodegradables.<\/li>\n<li><strong>Complementos<\/strong>: Elementos adicionales como gu\u00edas, tarjetas adicionales (como una tarjeta de firma, una tarjeta de introducci\u00f3n o una tarjeta promocional), y las bolsas para el almacenamiento tambi\u00e9n pueden estar disponibles, lo que le da al mazo de Tarot una sensaci\u00f3n m\u00e1s completa y profesional.<\/li>\n<\/ul>\n<\/li>\n<\/ol>\n<\/div>\n<\/div>\n<\/div>\n<\/div>\n<\/div>\n<\/div>\n<\/div>\n<\/article>","protected":false},"excerpt":{"rendered":"<p>Las cartas de tarot personalizadas dise\u00f1adas para artistas, lectores ps\u00edquicos y otros en la comunidad metaf\u00edsica son definitivamente atractivas, especialmente cuando se imprimen con materiales ecol\u00f3gicos de alta calidad.<\/p>\n<p>Suba ofrece mazos de tarjetas de juego e imprimici\u00f3n de tarjetas de tarot personalizadas, MOQ bajo y el precio m\u00e1s competitivo. Suba es una fabricante de juegos de mesa de una ventaja con 15 a\u00f1os de experiencia en fabricaci\u00f3n en la industria, con un \u00e1rea de f\u00e1brica de 10,000 metros cuadrados y m\u00e1s de 150 empleados. Suba ofrece los m\u00e1s altos est\u00e1ndares de publicaci\u00f3n de juegos de cartas con.<\/p>","protected":false},"featured_media":1631,"comment_status":"open","ping_status":"closed","template":"","meta":{"_acf_changed":false},"product_cat":[15],"product_tag":[],"class_list":{"0":"post-1630","1":"product","2":"type-product","3":"status-publish","4":"has-post-thumbnail","6":"product_cat-custom-tarot-cards","8":"first","9":"instock","10":"shipping-taxable","11":"product-type-simple"},"acf":[],"_links":{"self":[{"href":"https:\/\/www.szsuba.com\/es\/wp-json\/wp\/v2\/product\/1630","targetHints":{"allow":["GET"]}}],"collection":[{"href":"https:\/\/www.szsuba.com\/es\/wp-json\/wp\/v2\/product"}],"about":[{"href":"https:\/\/www.szsuba.com\/es\/wp-json\/wp\/v2\/types\/product"}],"replies":[{"embeddable":true,"href":"https:\/\/www.szsuba.com\/es\/wp-json\/wp\/v2\/comments?post=1630"}],"wp:featuredmedia":[{"embeddable":true,"href":"https:\/\/www.szsuba.com\/es\/wp-json\/wp\/v2\/media\/1631"}],"wp:attachment":[{"href":"https:\/\/www.szsuba.com\/es\/wp-json\/wp\/v2\/media?parent=1630"}],"wp:term":[{"taxonomy":"product_cat","embeddable":true,"href":"https:\/\/www.szsuba.com\/es\/wp-json\/wp\/v2\/product_cat?post=1630"},{"taxonomy":"product_tag","embeddable":true,"href":"https:\/\/www.szsuba.com\/es\/wp-json\/wp\/v2\/product_tag?post=1630"}],"curies":[{"name":"wp","href":"https:\/\/api.w.org\/{rel}","templated":true}]}}