{"id":1614,"date":"2024-12-20T15:57:57","date_gmt":"2024-12-20T07:57:57","guid":{"rendered":"https:\/\/www.szsuba.com\/?post_type=product&#038;p=1614"},"modified":"2024-12-20T15:59:10","modified_gmt":"2024-12-20T07:59:10","slug":"make-your-logo-tarot-game-cards","status":"publish","type":"product","link":"https:\/\/www.szsuba.com\/es\/product\/make-your-logo-tarot-game-cards\/","title":{"rendered":"Haz tu logotipo Tarot Cards Game"},"content":{"rendered":"<h3><strong>Ventajas del uso de Suba Factory para tarjetas de tarot personalizadas<\/strong><\/h3>\n<ol>\n<li><strong>Impresi\u00f3n de alta calidad<\/strong>\n<ul>\n<li>Suba Factory es conocida por su excelente calidad de impresi\u00f3n, con colores vibrantes y detalles n\u00edtidos. Ya sea que elija un acabado mate, brillante o de lino, las cartas ser\u00e1n duraderas y de alta calidad, lo cual es particularmente importante para las cubiertas de tarot que ver\u00e1 mucho manejo.<\/li>\n<\/ul>\n<\/li>\n<li><strong>Opciones personalizadas para stock de tarjetas y acabado<\/strong>\n<ul>\n<li>Suba Factory ofrece una variedad de existencias de cartas y acabados, lo que le permite adaptar el aspecto de su mazo de Tarot para que coincida con su visi\u00f3n de dise\u00f1o. El acabado de lino es especialmente popular para las cartas del tarot debido a su textura y durabilidad, lo que hace que las cartas sean m\u00e1s f\u00e1ciles de barajar y manejar.<br \/>\n<img fetchpriority=\"high\" decoding=\"async\" class=\"wp-image-1617 alignright\" src=\"http:\/\/www.szsuba.com\/wp-content\/uploads\/2024\/12\/3-1-300x300.jpg\" alt=\"\" width=\"458\" height=\"458\" srcset=\"https:\/\/www.szsuba.com\/wp-content\/uploads\/2024\/12\/3-1-300x300.jpg 300w, https:\/\/www.szsuba.com\/wp-content\/uploads\/2024\/12\/3-1-1024x1024.jpg 1024w, https:\/\/www.szsuba.com\/wp-content\/uploads\/2024\/12\/3-1-150x150.jpg 150w, https:\/\/www.szsuba.com\/wp-content\/uploads\/2024\/12\/3-1-768x768.jpg 768w, https:\/\/www.szsuba.com\/wp-content\/uploads\/2024\/12\/3-1-1536x1536.jpg 1536w, https:\/\/www.szsuba.com\/wp-content\/uploads\/2024\/12\/3-1-600x600.jpg 600w, https:\/\/www.szsuba.com\/wp-content\/uploads\/2024\/12\/3-1-100x100.jpg 100w, https:\/\/www.szsuba.com\/wp-content\/uploads\/2024\/12\/3-1.jpg 1600w\" sizes=\"(max-width: 458px) 100vw, 458px\" \/><\/li>\n<\/ul>\n<\/li>\n<li><strong>Embalaje personalizado<\/strong>\n<ul>\n<li>Una de las caracter\u00edsticas m\u00e1s destacadas de Suba Factory es la opci\u00f3n de crear un embalaje completamente personalizado para su mazo de tarot. Ya sea que desee una lujosa caja magn\u00e9tica, una caja de tuck simple o un dise\u00f1o m\u00e1s elaborado, proporcionan la flexibilidad para que coincida con el embalaje con el estilo de su mazo.<\/li>\n<\/ul>\n<\/li>\n<li><strong>Precios asequibles para carreras peque\u00f1as<\/strong>\n<ul>\n<li>Suba Factory es conocida por ser rentable, especialmente para peque\u00f1as corridas de impresi\u00f3n. Esto es beneficioso si solo desea imprimir un peque\u00f1o lote de mazos de tarot para uso personal, regalos o una ejecuci\u00f3n limitada para un negocio o tienda en l\u00ednea. Por lo general, tambi\u00e9n ofrecen precios competitivos para pedidos a granel.<\/li>\n<\/ul>\n<\/li>\n<li><strong>Servicios de impresi\u00f3n a pedido<\/strong>\n<ul>\n<li>Ofrecen servicios de impresi\u00f3n a pedido, lo que significa que puede imprimir tantas mazos de tarot como necesite sin preocuparse por el exceso de existencias. Esto es perfecto para creadores m\u00e1s peque\u00f1os o artistas de Tarot independientes que no quieren invertir en una impresi\u00f3n grande por adelantado.<\/li>\n<\/ul>\n<\/li>\n<li><strong>Tiempo de respuesta r\u00e1pido<\/strong>\n<ul>\n<li>Suba Factory a menudo proporciona tiempos de respuesta r\u00e1pidos para cartas de tarot personalizadas. Una vez que se finaliza el dise\u00f1o, la producci\u00f3n puede tomar algunas semanas y las opciones de env\u00edo aceleradas generalmente est\u00e1n disponibles para una entrega m\u00e1s r\u00e1pida.<\/li>\n<\/ul>\n<\/li>\n<li><strong>Env\u00edo internacional<\/strong>\n<ul>\n<li>Suba Factory ofrece opciones de env\u00edo internacional, lo que significa que puede entregar sus mazos de tarot personalizados a pr\u00e1cticamente en cualquier parte del mundo, por lo que es una buena opci\u00f3n para los creadores y empresas con una audiencia global.<\/li>\n<\/ul>\n<\/li>\n<li><strong>Apoyo para los creadores<\/strong>\n<ul>\n<li>Suba Factory a menudo proporciona recursos y soporte para creadores que son nuevos en el proceso de imprimir tarjetas personalizadas. Ya sea que necesite ayuda con la preparaci\u00f3n de archivos, eligiendo los acabados correctos o obtener las dimensiones correctas, su servicio al cliente generalmente es muy \u00fatil.<\/li>\n<\/ul>\n<\/li>\n<li><strong>Opciones ecol\u00f3gicas<\/strong>\n<ul>\n<li>Dependiendo de las pol\u00edticas de la compa\u00f1\u00eda, pueden ofrecer opciones sobre acciones de tarjetas ecol\u00f3gicas. Si la sostenibilidad es una preocupaci\u00f3n para usted, esto puede ser una gran ventaja.<\/li>\n<\/ul>\n<\/li>\n<\/ol>","protected":false},"excerpt":{"rendered":"<p>SUMA utiliza tecnolog\u00eda de impresi\u00f3n avanzada para garantizar que los dise\u00f1os de su tarjeta del tarot se reproduzcan con colores ricos y vibrantes y detalles n\u00edtidos. Esto es especialmente importante para las cartas del tarot, ya que el atractivo visual y el simbolismo de cada carta son fundamentales para su uso.<\/p>","protected":false},"featured_media":1615,"comment_status":"open","ping_status":"closed","template":"","meta":{"_acf_changed":false},"product_cat":[15],"product_tag":[],"class_list":{"0":"post-1614","1":"product","2":"type-product","3":"status-publish","4":"has-post-thumbnail","6":"product_cat-custom-tarot-cards","8":"first","9":"instock","10":"shipping-taxable","11":"product-type-simple"},"acf":[],"_links":{"self":[{"href":"https:\/\/www.szsuba.com\/es\/wp-json\/wp\/v2\/product\/1614","targetHints":{"allow":["GET"]}}],"collection":[{"href":"https:\/\/www.szsuba.com\/es\/wp-json\/wp\/v2\/product"}],"about":[{"href":"https:\/\/www.szsuba.com\/es\/wp-json\/wp\/v2\/types\/product"}],"replies":[{"embeddable":true,"href":"https:\/\/www.szsuba.com\/es\/wp-json\/wp\/v2\/comments?post=1614"}],"wp:featuredmedia":[{"embeddable":true,"href":"https:\/\/www.szsuba.com\/es\/wp-json\/wp\/v2\/media\/1615"}],"wp:attachment":[{"href":"https:\/\/www.szsuba.com\/es\/wp-json\/wp\/v2\/media?parent=1614"}],"wp:term":[{"taxonomy":"product_cat","embeddable":true,"href":"https:\/\/www.szsuba.com\/es\/wp-json\/wp\/v2\/product_cat?post=1614"},{"taxonomy":"product_tag","embeddable":true,"href":"https:\/\/www.szsuba.com\/es\/wp-json\/wp\/v2\/product_tag?post=1614"}],"curies":[{"name":"wp","href":"https:\/\/api.w.org\/{rel}","templated":true}]}}