{"id":1600,"date":"2024-12-20T15:28:21","date_gmt":"2024-12-20T07:28:21","guid":{"rendered":"https:\/\/www.szsuba.com\/?post_type=product&#038;p=1600"},"modified":"2024-12-20T15:28:21","modified_gmt":"2024-12-20T07:28:21","slug":"custom-printed-paper-tarot-cards","status":"publish","type":"product","link":"https:\/\/www.szsuba.com\/es\/product\/custom-printed-paper-tarot-cards\/","title":{"rendered":"Tarjetas de tarot de papel impresas personalizadas"},"content":{"rendered":"<h3><strong>El proceso de crear cartas de tarot personalizadas con Suba Factory<\/strong><\/h3>\n<ol>\n<li><strong>Dise\u00f1o de las tarjetas<\/strong>\n<ul>\n<li><strong>Preparar obras de arte<\/strong>: Deber\u00e1 tener listos los dise\u00f1os de sus cartas de tarot antes de enviar su pedido. Esto incluye el dise\u00f1o de la parte delantera y posterior de cada tarjeta, generalmente con una resoluci\u00f3n de al menos 300 ppp para garantizar la calidad de impresi\u00f3n. SubA Factory proporcionar\u00e1 especificaciones sobre el tama\u00f1o de la imagen y los formatos de archivo (generalmente JPG, PNG o PDF).<\/li>\n<li><strong>Dise\u00f1o de la tarjeta<\/strong>: Si est\u00e1 creando un mazo de tarot completo (78 cartas), deber\u00e1 asegurarse de que se organicen los 22 arcanos principales y 56 cartas menores de Arcana. Muchos dise\u00f1adores tambi\u00e9n incluyen un t\u00edtulo, n\u00famero y s\u00edmbolos que ayudan a comunicar el significado de la tarjeta.<\/li>\n<li><strong>Dimensiones de la tarjeta<\/strong>: Si bien puede personalizar el tama\u00f1o de su cubierta del tarot, un tama\u00f1o t\u00edpico de la carta del tarot es de 2.75 \u2033 x 4.75 \u2033 (70 mm x 120 mm). Aseg\u00farese de que la obra de arte se ajuste a estas dimensiones o elija un tama\u00f1o diferente que se adapte a sus necesidades.<\/li>\n<\/ul>\n<\/li>\n<\/ol>\n<p>&nbsp;<\/p>\n<p><img fetchpriority=\"high\" decoding=\"async\" class=\"wp-image-1610 alignright\" src=\"http:\/\/www.szsuba.com\/wp-content\/uploads\/2024\/12\/4-1-300x300.jpg\" alt=\"\" width=\"452\" height=\"452\" srcset=\"https:\/\/www.szsuba.com\/wp-content\/uploads\/2024\/12\/4-1-300x300.jpg 300w, https:\/\/www.szsuba.com\/wp-content\/uploads\/2024\/12\/4-1-150x150.jpg 150w, https:\/\/www.szsuba.com\/wp-content\/uploads\/2024\/12\/4-1-768x768.jpg 768w, https:\/\/www.szsuba.com\/wp-content\/uploads\/2024\/12\/4-1-600x600.jpg 600w, https:\/\/www.szsuba.com\/wp-content\/uploads\/2024\/12\/4-1-100x100.jpg 100w, https:\/\/www.szsuba.com\/wp-content\/uploads\/2024\/12\/4-1.jpg 800w\" sizes=\"(max-width: 452px) 100vw, 452px\" \/><\/p>\n<ol>\n<li><strong>Enviando el pedido<\/strong>\n<ul>\n<li><strong>Carga de archivo<\/strong>: Una vez que sus dise\u00f1os est\u00e9n completos, cargar\u00e1 los archivos de obras de arte en la plataforma de Suba Factory. Pueden ofrecer herramientas o plantillas que lo ayudan a alinear sus tarjetas correctamente dentro del \u00e1rea de impresi\u00f3n.<\/li>\n<li><strong>Opciones de personalizaci\u00f3n<\/strong>: Podr\u00e1 seleccionar opciones como stock de cartas, finalizaci\u00f3n y empaque para su mazo de tarot. Tambi\u00e9n se le puede pedir que apruebe una prueba digital antes de que comience la producci\u00f3n, lo que le permite verificar su dise\u00f1o para obtener cualquier error o problemas de alineaci\u00f3n.<\/li>\n<\/ul>\n<\/li>\n<li><strong>Proceso de producci\u00f3n<\/strong>\n<ul>\n<li><strong>Impresi\u00f3n<\/strong>: Una vez que apruebe su dise\u00f1o y realice el pago, Suba Factory comenzar\u00e1 a imprimir sus tarjetas de tarot. La compa\u00f1\u00eda utiliza t\u00e9cnicas de impresi\u00f3n de grado profesional, asegurando colores vibrantes y tarjetas duraderas.<\/li>\n<li><strong>Acabado de la tarjeta<\/strong>: Puede elegir entre varios acabados para sus cartas de tarot, como:\n<ul>\n<li><strong>Lustroso<\/strong>: Brillante y suave, ofreciendo un color vibrante y alto contraste.<\/li>\n<li><strong>Mate<\/strong>: Un acabado m\u00e1s suave y no de Glare que proporciona un aspecto m\u00e1s apagado y elegante.<\/li>\n<li><strong>Lino<\/strong>: Un acabado popular para las cartas del tarot, d\u00e1ndoles una sensaci\u00f3n texturizada y una mayor durabilidad.<\/li>\n<\/ul>\n<\/li>\n<li><strong>Embalaje<\/strong>: Suba Factory tambi\u00e9n ofrece opciones de embalaje personalizadas para su cubierta, como cajas de tuck, cajas r\u00edgidas o cajas de cierre magn\u00e9tico. El embalaje se puede personalizar completamente con su obra de arte y marca.<\/li>\n<\/ul>\n<\/li>\n<li><strong>Control y entrega de calidad<\/strong>\n<ul>\n<li><strong>Prueba<\/strong>: Suba Factory generalmente ofrece un servicio de prueba, lo que le permite ver una muestra de su tarjeta del tarot antes de que comience la ejecuci\u00f3n de impresi\u00f3n completa. Esto ayuda a garantizar que los colores y el dise\u00f1o sean precisos y cumplan con sus expectativas.<\/li>\n<li><strong>Impresi\u00f3n final<\/strong>: Una vez que se aprueba la prueba, comienza la producci\u00f3n completa de su mazo de tarot personalizado. Los tiempos de producci\u00f3n var\u00edan seg\u00fan la complejidad y el tama\u00f1o del pedido, pero en general, lleva algunas semanas.<\/li>\n<li><strong>Env\u00edo<\/strong>: Despu\u00e9s de la producci\u00f3n, las tarjetas se llenan y se env\u00edan. Los tiempos de env\u00edo dependen de su ubicaci\u00f3n y del m\u00e9todo de env\u00edo que seleccione.<\/li>\n<\/ul>\n<\/li>\n<\/ol>","protected":false},"excerpt":{"rendered":"<p><strong>Suba<\/strong>\u00a0es una compa\u00f1\u00eda de impresi\u00f3n de tarjetas personalizadas de buena reputaci\u00f3n que se especializa en la creaci\u00f3n de juegos de cartas a medida, incluidas las cubiertas de tarot. Si bien no es tan ampliamente conocido como otros servicios de impresi\u00f3n, ofrece una variedad de ventajas que lo hacen atractivo para aquellos que buscan producir cartas de tarot personalizadas.<\/p>","protected":false},"featured_media":1608,"comment_status":"open","ping_status":"closed","template":"","meta":{"_acf_changed":false},"product_cat":[15],"product_tag":[],"class_list":{"0":"post-1600","1":"product","2":"type-product","3":"status-publish","4":"has-post-thumbnail","6":"product_cat-custom-tarot-cards","8":"first","9":"instock","10":"shipping-taxable","11":"product-type-simple"},"acf":[],"_links":{"self":[{"href":"https:\/\/www.szsuba.com\/es\/wp-json\/wp\/v2\/product\/1600","targetHints":{"allow":["GET"]}}],"collection":[{"href":"https:\/\/www.szsuba.com\/es\/wp-json\/wp\/v2\/product"}],"about":[{"href":"https:\/\/www.szsuba.com\/es\/wp-json\/wp\/v2\/types\/product"}],"replies":[{"embeddable":true,"href":"https:\/\/www.szsuba.com\/es\/wp-json\/wp\/v2\/comments?post=1600"}],"wp:featuredmedia":[{"embeddable":true,"href":"https:\/\/www.szsuba.com\/es\/wp-json\/wp\/v2\/media\/1608"}],"wp:attachment":[{"href":"https:\/\/www.szsuba.com\/es\/wp-json\/wp\/v2\/media?parent=1600"}],"wp:term":[{"taxonomy":"product_cat","embeddable":true,"href":"https:\/\/www.szsuba.com\/es\/wp-json\/wp\/v2\/product_cat?post=1600"},{"taxonomy":"product_tag","embeddable":true,"href":"https:\/\/www.szsuba.com\/es\/wp-json\/wp\/v2\/product_tag?post=1600"}],"curies":[{"name":"wp","href":"https:\/\/api.w.org\/{rel}","templated":true}]}}