{"id":1592,"date":"2024-12-18T17:07:54","date_gmt":"2024-12-18T09:07:54","guid":{"rendered":"https:\/\/www.szsuba.com\/?post_type=product&#038;p=1592"},"modified":"2024-12-18T17:07:54","modified_gmt":"2024-12-18T09:07:54","slug":"tarot-card-decks","status":"publish","type":"product","link":"https:\/\/www.szsuba.com\/es\/product\/tarot-card-decks\/","title":{"rendered":"Mazos de cartas del tarot"},"content":{"rendered":"<p>Elija un tema o estilo de arte que resuene con usted. Podr\u00eda basarse en la mitolog\u00eda, la cultura pop, la naturaleza o el arte abstracto.<\/p>\n<p>Suba dise\u00f1ar\u00e1 y producir\u00e1 este conjunto de cartas de tarot para usted de acuerdo con su elecci\u00f3n. Si reci\u00e9n est\u00e1 comenzando su dise\u00f1o, tambi\u00e9n puede contactar a SUMA directamente, y le brindaremos asesoramiento profesional. Porque antes de esto, hemos hecho cartas de tarot similares para muchos clientes, por lo que no tiene que preocuparse por esto, tenemos mucha experiencia en fabricaci\u00f3n.<\/p>\n<p><img fetchpriority=\"high\" decoding=\"async\" class=\"size-medium wp-image-1593 alignright\" src=\"http:\/\/www.szsuba.com\/wp-content\/uploads\/2024\/12\/800x800\u4e3b\u56fe4-300x300.png\" alt=\"carta del tarot\" width=\"300\" height=\"300\" srcset=\"https:\/\/www.szsuba.com\/wp-content\/uploads\/2024\/12\/800x800\u4e3b\u56fe4-300x300.png 300w, https:\/\/www.szsuba.com\/wp-content\/uploads\/2024\/12\/800x800\u4e3b\u56fe4-150x150.png 150w, https:\/\/www.szsuba.com\/wp-content\/uploads\/2024\/12\/800x800\u4e3b\u56fe4-768x768.png 768w, https:\/\/www.szsuba.com\/wp-content\/uploads\/2024\/12\/800x800\u4e3b\u56fe4-600x600.png 600w, https:\/\/www.szsuba.com\/wp-content\/uploads\/2024\/12\/800x800\u4e3b\u56fe4-100x100.png 100w, https:\/\/www.szsuba.com\/wp-content\/uploads\/2024\/12\/800x800\u4e3b\u56fe4.png 800w\" sizes=\"(max-width: 300px) 100vw, 300px\" \/><\/p>\n<h3><strong>Mazos de tarot personalizados para fines espec\u00edficos<\/strong><\/h3>\n<ul>\n<li>Algunos mazos personalizados est\u00e1n dise\u00f1ados para un trabajo espiritual, psicol\u00f3gico o emocional espec\u00edfico, como cubiertas para autocuidado, meditaci\u00f3n, trabajo en la sombra o manifestaci\u00f3n.<\/li>\n<li>Puede crear un mazo que se alinee con sus objetivos o intereses personales (por ejemplo, un mazo de curaci\u00f3n, un mazo de tem\u00e1tica elemental o un mazo centrado en el empoderamiento).<\/li>\n<\/ul>\n<h3><strong>Materiales y oficios<\/strong><\/h3>\n<ul>\n<li><strong>Stock de tarjetas<\/strong>: Elija material duradero como cartulina de alta calidad, o incluso considere mazos hechos de madera, metal o tela para una sensaci\u00f3n \u00fanica.<\/li>\n<li><strong>Finalizar<\/strong>: Matte, brillante o incluso los acabados de terciopelo pueden afectar la forma en que se siente la cubierta en tus manos y c\u00f3mo se maneja durante el barajado.<\/li>\n<\/ul>\n<p>Somos un fabricante l\u00edder de juegos de mesa y cartas de juego, y cuando se trata de calidad, somos insuperables. En los \u00faltimos 15 a\u00f1os, nuestros procesos de impresi\u00f3n y producci\u00f3n han sido ajustados para no dejar espacio para el error. Tenemos mucha experiencia en la fabricaci\u00f3n de mazos de tarot, y si primero necesita una muestra para verificar la calidad de la cubierta, tambi\u00e9n puede contactarnos y le proporcionaremos una muestra.<\/p>\n<p>&nbsp;<\/p>\n<p>&nbsp;<\/p>\n<p>Si est\u00e1 buscando ideas para crear un mazo de tarot personalizado, puedo ayudar a hacer una lluvia de ideas o s\u00edmbolos que puedan hablarle, o incluso guiarlo para refinar los significados de las cartas en funci\u00f3n de sus intenciones. \u00bfTiene alg\u00fan temas o conceptos espec\u00edficos en mente para su mazo de tarot?<\/p>","protected":false},"excerpt":{"rendered":"<p>La creaci\u00f3n o el uso de mazos de cartas de tarot personalizados puede ser una forma profundamente personal y creativa de mejorar sus lecturas de tarot. Las cubiertas personalizadas a menudo reflejan la interpretaci\u00f3n \u00fanica del artista del simbolismo, los arquetipos y los temas que se encuentran en el tarot tradicional.<\/p>\n<p>SUBA es un fabricante de juegos de mesa \u00fanico, principalmente que proporciona servicios personalizados para juegos de mesa, tarjetas de juego, cartas de juego, cartas de tarot y rompecabezas. SUBA tiene 15 a\u00f1os de experiencia en fabricaci\u00f3n de la industria, una f\u00e1brica que cubre un \u00e1rea de 10,000 metros cuadrados y 150 t\u00e9cnicos profesionales, asegurando servicios profesionales personalizados para clientes.<\/p>","protected":false},"featured_media":1593,"comment_status":"open","ping_status":"closed","template":"","meta":{"_acf_changed":false},"product_cat":[15],"product_tag":[],"class_list":{"0":"post-1592","1":"product","2":"type-product","3":"status-publish","4":"has-post-thumbnail","6":"product_cat-custom-tarot-cards","8":"first","9":"instock","10":"shipping-taxable","11":"product-type-simple"},"acf":[],"_links":{"self":[{"href":"https:\/\/www.szsuba.com\/es\/wp-json\/wp\/v2\/product\/1592","targetHints":{"allow":["GET"]}}],"collection":[{"href":"https:\/\/www.szsuba.com\/es\/wp-json\/wp\/v2\/product"}],"about":[{"href":"https:\/\/www.szsuba.com\/es\/wp-json\/wp\/v2\/types\/product"}],"replies":[{"embeddable":true,"href":"https:\/\/www.szsuba.com\/es\/wp-json\/wp\/v2\/comments?post=1592"}],"wp:featuredmedia":[{"embeddable":true,"href":"https:\/\/www.szsuba.com\/es\/wp-json\/wp\/v2\/media\/1593"}],"wp:attachment":[{"href":"https:\/\/www.szsuba.com\/es\/wp-json\/wp\/v2\/media?parent=1592"}],"wp:term":[{"taxonomy":"product_cat","embeddable":true,"href":"https:\/\/www.szsuba.com\/es\/wp-json\/wp\/v2\/product_cat?post=1592"},{"taxonomy":"product_tag","embeddable":true,"href":"https:\/\/www.szsuba.com\/es\/wp-json\/wp\/v2\/product_tag?post=1592"}],"curies":[{"name":"wp","href":"https:\/\/api.w.org\/{rel}","templated":true}]}}