{"id":1585,"date":"2024-12-17T17:17:44","date_gmt":"2024-12-17T09:17:44","guid":{"rendered":"https:\/\/www.szsuba.com\/?post_type=product&#038;p=1585"},"modified":"2024-12-17T17:34:32","modified_gmt":"2024-12-17T09:34:32","slug":"paper-printing-game-cards","status":"publish","type":"product","link":"https:\/\/www.szsuba.com\/es\/product\/paper-printing-game-cards\/","title":{"rendered":"Tarjetas de juego de impresi\u00f3n en papel"},"content":{"rendered":"<p>Las cubiertas de tarjetas con impresi\u00f3n personalizada SUMA son una forma popular de crear cartas \u00fanicas y personalizadas para juegos, proyectos de arte, eventos o marca. Aqu\u00ed hay un desglose de lo que entra en la impresi\u00f3n de mazo de cartas personalizadas y las opciones disponibles:<\/p>\n<h3>Componentes clave de mazos de tarjeta personalizados<img fetchpriority=\"high\" decoding=\"async\" class=\"wp-image-1588 alignleft\" src=\"http:\/\/www.szsuba.com\/wp-content\/uploads\/2024\/12\/2-300x300.png\" alt=\"\" width=\"280\" height=\"280\" srcset=\"https:\/\/www.szsuba.com\/wp-content\/uploads\/2024\/12\/2-300x300.png 300w, https:\/\/www.szsuba.com\/wp-content\/uploads\/2024\/12\/2-150x150.png 150w, https:\/\/www.szsuba.com\/wp-content\/uploads\/2024\/12\/2-768x768.png 768w, https:\/\/www.szsuba.com\/wp-content\/uploads\/2024\/12\/2-600x600.png 600w, https:\/\/www.szsuba.com\/wp-content\/uploads\/2024\/12\/2-100x100.png 100w, https:\/\/www.szsuba.com\/wp-content\/uploads\/2024\/12\/2.png 1000w\" sizes=\"(max-width: 280px) 100vw, 280px\" \/><\/h3>\n<p>Esto generalmente incluye la obra de arte, los n\u00fameros, los s\u00edmbolos o las im\u00e1genes que aparecer\u00e1n en las caras de las tarjetas. Para jugar a las cartas, la cara generalmente incluye el rango y el traje de la tarjeta, mientras que las cubiertas personalizadas pueden presentar obras de arte personalizadas, marcas o im\u00e1genes tem\u00e1ticas.<\/p>\n<p>La parte posterior de la tarjeta a menudo est\u00e1 dise\u00f1ada como un solo patr\u00f3n o logotipo que es uniforme en todas las cartas en el mazo. Es esencial que el dise\u00f1o posterior no revele ninguna informaci\u00f3n sobre la cara de la tarjeta, por lo que generalmente es sim\u00e9trica y est\u00e9ticamente agradable.<\/p>\n<p>Muchos mazos personalizados tienen intrincados bordes alrededor de la obra de arte o un dise\u00f1o minimalista sin fronteras para un aspecto moderno. Las fronteras pueden ser una parte esencial de la est\u00e9tica, especialmente para obras de arte personalizadas.<\/p>\n<p>&nbsp;<\/p>\n<p>&nbsp;<\/p>\n<p>&nbsp;<\/p>\n<ol>\n<li><strong>Composici\u00f3n de mazo<\/strong>\n<ul>\n<li><strong>N\u00famero de tarjetas<\/strong>: Un mazo t\u00edpico tiene 52 cartas, pero las cubiertas personalizadas pueden tener cualquier n\u00famero, a menudo con cartas adicionales especiales como bromistas, cartas promocionales o cartas de reglas. Algunas personas dise\u00f1an mazos personalizados para juegos como Poker o Rummy, mientras que otras pueden crear mazos tem\u00e1ticos para coleccionistas o usos de novedades.<\/li>\n<li><strong>Tipos de tarjetas<\/strong>: Dependiendo del prop\u00f3sito, puede optar por dise\u00f1os tradicionales (por ejemplo, ACE, King, Queen) o crear tipos completamente nuevos de cartas (por ejemplo, tarjetas de estilo Tarot, mazos tem\u00e1ticos para juegos espec\u00edficos o tarjetas con gr\u00e1ficos espec\u00edficos \/illustrations).<\/li>\n<\/ul>\n<\/li>\n<li><strong>Material<\/strong>\n<ul>\n<li><strong>Papel<\/strong>: Las tarjetas de papel se usan com\u00fanmente para la mayor\u00eda de las cubiertas est\u00e1ndar y personalizadas, generalmente con un acabado como lino o suave para durabilidad y facilidad de manejo.<\/li>\n<li><strong>Pl\u00e1stico<\/strong>: Para m\u00e1s durabilidad y una sensaci\u00f3n premium, se utilizan tarjetas de pl\u00e1stico. Estos a menudo son impermeables, resistentes a la flexi\u00f3n y duran m\u00e1s.<\/li>\n<li><strong>Pl\u00e1stico recubierto de papel<\/strong>: Este es un material h\u00edbrido que combina la flexibilidad del papel con la durabilidad del pl\u00e1stico. A menudo se usa para mazos dise\u00f1ados para un alto desgaste, como mazos de p\u00f3ker o casino de grado profesional.<\/li>\n<\/ul>\n<\/li>\n<li><strong>Recubrimiento de tarjetas y acabado<\/strong>\n<ul>\n<li><strong>Acabado de lino<\/strong>: Este es un acabado com\u00fan para las tarjetas y proporciona una superficie texturizada que mejora el agarre y la durabilidad. Se usa com\u00fanmente para cartas destinadas a juegos como Poker y Bridge.<\/li>\n<li><strong>Acabado suave<\/strong>: Un acabado suave proporciona una sensaci\u00f3n m\u00e1s elegante y generalmente se usa para mazos de lujo o promocionales.<\/li>\n<li><strong>Acabado de coj\u00edn de aire<\/strong>: A menudo se usa para tarjetas que necesitan barajar f\u00e1cilmente, este acabado tiene peque\u00f1os hoyuelos o \"bolsillos de aire\" que hacen que las cartas se deslicen suavemente entre s\u00ed. Es popular para cartas de juego de alta gama como las utilizadas por magos y jugadores de cartas profesionales.<\/li>\n<li><strong>Acabado brillante<\/strong>: Una superficie de alto brillo que hace que los colores de la tarjeta establezcan, a menudo utilizados para cubiertas donde el atractivo visual es una consideraci\u00f3n clave.<img decoding=\"async\" class=\"size-medium wp-image-1586 alignright\" src=\"http:\/\/www.szsuba.com\/wp-content\/uploads\/2024\/12\/4-300x300.png\" alt=\"\" width=\"300\" height=\"300\" srcset=\"https:\/\/www.szsuba.com\/wp-content\/uploads\/2024\/12\/4-300x300.png 300w, https:\/\/www.szsuba.com\/wp-content\/uploads\/2024\/12\/4-150x150.png 150w, https:\/\/www.szsuba.com\/wp-content\/uploads\/2024\/12\/4-768x768.png 768w, https:\/\/www.szsuba.com\/wp-content\/uploads\/2024\/12\/4-600x600.png 600w, https:\/\/www.szsuba.com\/wp-content\/uploads\/2024\/12\/4-100x100.png 100w, https:\/\/www.szsuba.com\/wp-content\/uploads\/2024\/12\/4.png 1000w\" sizes=\"(max-width: 300px) 100vw, 300px\" \/><\/li>\n<\/ul>\n<\/li>\n<li><strong>Tecnolog\u00eda de impresi\u00f3n<\/strong>\n<ul>\n<li><strong>Impresi\u00f3n compensada<\/strong>: Com\u00fan para mazos personalizados de alto volumen. Este proceso permite dise\u00f1os detallados y colores vibrantes y es ideal para la producci\u00f3n en masa.<\/li>\n<li><strong>Impresi\u00f3n digital<\/strong>: Una opci\u00f3n m\u00e1s r\u00e1pida y rentable para ejecuciones m\u00e1s peque\u00f1as, la impresi\u00f3n digital permite una reproducci\u00f3n de color de alta calidad con menos tiempo de configuraci\u00f3n.<\/li>\n<li><strong>Impresi\u00f3n de la pantalla de seda<\/strong>: Para los dise\u00f1os que requieren una alineaci\u00f3n de color precisa o una textura especial (como la tinta met\u00e1lica), la impresi\u00f3n de la pantalla de seda puede crear efectos m\u00e1s lujosos o art\u00edsticos.<\/li>\n<\/ul>\n<\/li>\n<li><strong>Opciones de embalaje<\/strong>\n<ul>\n<li><strong>Estilo de caja<\/strong>: Las cubiertas de tarjetas personalizadas a menudo vienen con embalaje personalizado. Las opciones populares incluyen cajas de tuck (cart\u00f3n plegado), cajas r\u00edgidas (para mazos premium) o slippases.<\/li>\n<li><strong>Dise\u00f1ando el embalaje<\/strong>: El dise\u00f1o de la caja es tan importante como las cartas en s\u00ed, y muchas personas eligen crear empaques personalizados que coincidan con el tema del mazo. Estos pueden incluir estampado en relieve, estampado de aluminio o acabados mate \/gloss para mejorar el atractivo visual.<\/li>\n<\/ul>\n<\/li>\n<li><strong>Opciones de personalizaci\u00f3n<\/strong>\n<ul>\n<li><strong>Caras o dise\u00f1os personalizados<\/strong>: Algunas personas eligen crear dise\u00f1os completamente nuevos para sus mazos de tarjetas. Por ejemplo, las caras de la tarjeta pueden presentar obras de arte, marca espec\u00edfica u otros dise\u00f1os tem\u00e1ticos en lugar de n\u00fameros y trajes tradicionales.<\/li>\n<li><strong>Personalizaci\u00f3n<\/strong>: Para tarjetas de eventos promocionales o especiales, puede personalizar el mazo con logotipos, nombres o mensajes. Esto es com\u00fan para bodas, regalos corporativos o eventos especiales.<\/li>\n<li><strong>Dise\u00f1os tem\u00e1ticos<\/strong>: El tema de la plataforma puede variar desde art\u00edsticos (por ejemplo, dise\u00f1os abstractos, fotograf\u00eda, ilustraciones) hasta narraciones (por ejemplo, fantas\u00eda, horror, hist\u00f3rica). Muchos juegos de cartas como <strong>Gatitos explosivos<\/strong> o <strong>Tarjetas contra la humanidad<\/strong> caracter\u00edsticas de arte extravagantes o humor\u00edsticas.<\/li>\n<li><strong>Ediciones limitadas<\/strong>: Las cubiertas personalizadas se pueden producir en ediciones limitadas, lo que puede aumentar su valor como coleccionables. Las tarjetas de edici\u00f3n especial pueden incluir dise\u00f1os raros, sellos de aluminio, hologramas o tarjetas de firma.<\/li>\n<\/ul>\n<\/li>\n<\/ol>\n<p>&nbsp;<\/p>\n<p>\u00bfLe gustar\u00eda informaci\u00f3n m\u00e1s detallada sobre cualquier aspecto espec\u00edfico de la impresi\u00f3n de tarjetas personalizadas?<\/p>\n<p>Suba es un proveedor \u00fanico de juegos y rompecabezas de tableros y cartas. Juegos de mesa profesionales, cartas personalizadas, cartas de tarot, cartas de juego y rompecabezas personalizados.<\/p>\n<p><a href=\"https:\/\/www.szsuba.com\/es\/contact-us\/\">\u00a1Cont\u00e1ctenos!<\/a><\/p>","protected":false},"excerpt":{"rendered":"<p>Las cartas de juego de juego personalizadas Suba Factory dise\u00f1o de juego a juego, cartas de juego a juego, tarjetas de juego de mesa personalizadas, digitales o impresos.<\/p>\n<p>Las cartas de juego personalizadas son un regalo fant\u00e1stico, agregando un toque \u00fanico a tus noches de juego. Estas cubiertas personalizadas son ideales para varias ocasiones, incluidos cumplea\u00f1os, bodas, regalos de apreciaci\u00f3n de los empleados o expresar su gratitud con un toque personalizado.<\/p>\n<p>Somos un proveedor \u00fanico de juegos y rompecabezas de tableros y cartas. Juegos de mesa profesionales, cartas personalizadas, cartas de tarot, cartas de juego y rompecabezas personalizados.<\/p>","protected":false},"featured_media":1586,"comment_status":"open","ping_status":"closed","template":"","meta":{"_acf_changed":false},"product_cat":[21],"product_tag":[],"class_list":{"0":"post-1585","1":"product","2":"type-product","3":"status-publish","4":"has-post-thumbnail","6":"product_cat-custom-playing-cards","8":"first","9":"instock","10":"shipping-taxable","11":"product-type-simple"},"acf":[],"_links":{"self":[{"href":"https:\/\/www.szsuba.com\/es\/wp-json\/wp\/v2\/product\/1585","targetHints":{"allow":["GET"]}}],"collection":[{"href":"https:\/\/www.szsuba.com\/es\/wp-json\/wp\/v2\/product"}],"about":[{"href":"https:\/\/www.szsuba.com\/es\/wp-json\/wp\/v2\/types\/product"}],"replies":[{"embeddable":true,"href":"https:\/\/www.szsuba.com\/es\/wp-json\/wp\/v2\/comments?post=1585"}],"wp:featuredmedia":[{"embeddable":true,"href":"https:\/\/www.szsuba.com\/es\/wp-json\/wp\/v2\/media\/1586"}],"wp:attachment":[{"href":"https:\/\/www.szsuba.com\/es\/wp-json\/wp\/v2\/media?parent=1585"}],"wp:term":[{"taxonomy":"product_cat","embeddable":true,"href":"https:\/\/www.szsuba.com\/es\/wp-json\/wp\/v2\/product_cat?post=1585"},{"taxonomy":"product_tag","embeddable":true,"href":"https:\/\/www.szsuba.com\/es\/wp-json\/wp\/v2\/product_tag?post=1585"}],"curies":[{"name":"wp","href":"https:\/\/api.w.org\/{rel}","templated":true}]}}