{"id":1579,"date":"2024-12-17T16:19:12","date_gmt":"2024-12-17T08:19:12","guid":{"rendered":"https:\/\/www.szsuba.com\/?post_type=product&#038;p=1579"},"modified":"2024-12-17T16:19:45","modified_gmt":"2024-12-17T08:19:45","slug":"custom-game-card-printing","status":"publish","type":"product","link":"https:\/\/www.szsuba.com\/es\/product\/custom-game-card-printing\/","title":{"rendered":"Impresi\u00f3n de tarjetas de juego personalizadas"},"content":{"rendered":"<p><img fetchpriority=\"high\" decoding=\"async\" class=\"wp-image-1580 alignleft\" src=\"http:\/\/www.szsuba.com\/wp-content\/uploads\/2024\/12\/2-300x300.jpg\" alt=\"\" width=\"274\" height=\"274\" srcset=\"https:\/\/www.szsuba.com\/wp-content\/uploads\/2024\/12\/2-300x300.jpg 300w, https:\/\/www.szsuba.com\/wp-content\/uploads\/2024\/12\/2-150x150.jpg 150w, https:\/\/www.szsuba.com\/wp-content\/uploads\/2024\/12\/2-768x768.jpg 768w, https:\/\/www.szsuba.com\/wp-content\/uploads\/2024\/12\/2-600x600.jpg 600w, https:\/\/www.szsuba.com\/wp-content\/uploads\/2024\/12\/2-100x100.jpg 100w, https:\/\/www.szsuba.com\/wp-content\/uploads\/2024\/12\/2.jpg 800w\" sizes=\"(max-width: 274px) 100vw, 274px\" \/><\/p>\n<p>&nbsp;<\/p>\n<p>Este conjunto de tarjetas de juego consta de 80 cartas y una caja magn\u00e9tica, cada tarjeta impresa en la parte delantera y trasera, se puede imprimir de acuerdo con el contenido que proporciona.<\/p>\n<p>\u00a1Crea tu propio juego de cartas! Agregue sus dise\u00f1os, obras de arte o fotos para crear una baraja \u00fanica de cartas para sus juegos, incluidas instrucciones impresas, cajas y piezas de jugadores. Nuestro servicio de impresi\u00f3n de juegos de cartas personalizados est\u00e1 listo para carreras de lotes peque\u00f1as a grandes de cualquier juego de cartas o detalles.<\/p>\n<p><a href=\"https:\/\/www.szsuba.com\/es\/contact-us\/\">Cualquier pregunta, \u00a1cont\u00e1ctenos!<\/a><\/p>\n<p>&nbsp;<\/p>\n<p>&nbsp;<\/p>\n<p><img decoding=\"async\" class=\"wp-image-1582 alignright\" src=\"http:\/\/www.szsuba.com\/wp-content\/uploads\/2024\/12\/4-300x300.jpg\" alt=\"\" width=\"231\" height=\"231\" srcset=\"https:\/\/www.szsuba.com\/wp-content\/uploads\/2024\/12\/4-300x300.jpg 300w, https:\/\/www.szsuba.com\/wp-content\/uploads\/2024\/12\/4-150x150.jpg 150w, https:\/\/www.szsuba.com\/wp-content\/uploads\/2024\/12\/4-768x768.jpg 768w, https:\/\/www.szsuba.com\/wp-content\/uploads\/2024\/12\/4-600x600.jpg 600w, https:\/\/www.szsuba.com\/wp-content\/uploads\/2024\/12\/4-100x100.jpg 100w, https:\/\/www.szsuba.com\/wp-content\/uploads\/2024\/12\/4.jpg 800w\" sizes=\"(max-width: 231px) 100vw, 231px\" \/><\/p>\n<p>&nbsp;<\/p>\n<p>Haga su juego de cartas con nuestro servicio de impresi\u00f3n de juegos de cartas personalizados en Shenzhen. Imprimimos a pedido, cartas de juego personalizadas y cartas de juego en su dise\u00f1o, incluidas cajas de tarjetas personalizadas, instrucciones y otros accesorios de juegos.<\/p>\n<p>Podemos imprimir personalizando la parte delantera y posterior en cualquier tama\u00f1o de cubierta y dimensiones para sus ideas. Ya sea que se trate de un juego de cartas simple o un componente de un juego de mesa complejo, podemos hacerlo porque somos un fabricante especializado en tarjetas de juego de mesa.<\/p>","protected":false},"excerpt":{"rendered":"<p>Suba ofrece mazos de tarjetas de juego e impresi\u00f3n de cartas de juego personalizadas, MOQ bajo y el precio m\u00e1s competitivo. Suba es una fabricante de juegos de mesa de una ventaja con 15 a\u00f1os de experiencia en fabricaci\u00f3n en la industria, con un \u00e1rea de f\u00e1brica de 10,000 metros cuadrados y m\u00e1s de 150 empleados. Suba ofrece los m\u00e1s altos est\u00e1ndares de publicaci\u00f3n de juegos de cartas con.<\/p>\n<p>&nbsp;<\/p>\n<p>Estamos comprometidos a convertirnos en un fabricante global y proveedor de servicios de juegos de mesa con soluciones competitivas de productos y el m\u00e1ximo valor para los clientes.<br \/>\nTraemos nuestra experiencia en juegos para ayudarlo a realizar su sue\u00f1o y hacer un juego que estar\u00e1 orgulloso<\/p>","protected":false},"featured_media":1580,"comment_status":"open","ping_status":"closed","template":"","meta":{"_acf_changed":false},"product_cat":[21],"product_tag":[],"class_list":{"0":"post-1579","1":"product","2":"type-product","3":"status-publish","4":"has-post-thumbnail","6":"product_cat-custom-playing-cards","8":"first","9":"instock","10":"shipping-taxable","11":"product-type-simple"},"acf":[],"_links":{"self":[{"href":"https:\/\/www.szsuba.com\/es\/wp-json\/wp\/v2\/product\/1579","targetHints":{"allow":["GET"]}}],"collection":[{"href":"https:\/\/www.szsuba.com\/es\/wp-json\/wp\/v2\/product"}],"about":[{"href":"https:\/\/www.szsuba.com\/es\/wp-json\/wp\/v2\/types\/product"}],"replies":[{"embeddable":true,"href":"https:\/\/www.szsuba.com\/es\/wp-json\/wp\/v2\/comments?post=1579"}],"wp:featuredmedia":[{"embeddable":true,"href":"https:\/\/www.szsuba.com\/es\/wp-json\/wp\/v2\/media\/1580"}],"wp:attachment":[{"href":"https:\/\/www.szsuba.com\/es\/wp-json\/wp\/v2\/media?parent=1579"}],"wp:term":[{"taxonomy":"product_cat","embeddable":true,"href":"https:\/\/www.szsuba.com\/es\/wp-json\/wp\/v2\/product_cat?post=1579"},{"taxonomy":"product_tag","embeddable":true,"href":"https:\/\/www.szsuba.com\/es\/wp-json\/wp\/v2\/product_tag?post=1579"}],"curies":[{"name":"wp","href":"https:\/\/api.w.org\/{rel}","templated":true}]}}