{"id":1225,"date":"2024-08-29T12:15:25","date_gmt":"2024-08-29T04:15:25","guid":{"rendered":"http:\/\/www.szsuba.com\/?post_type=product&#038;p=1225"},"modified":"2025-04-17T18:22:38","modified_gmt":"2025-04-17T10:22:38","slug":"custom-design-board-game-accessories","status":"publish","type":"product","link":"https:\/\/www.szsuba.com\/es\/product\/custom-design-board-game-accessories\/","title":{"rendered":"Accesorios de juegos de mesa de dise\u00f1o personalizados"},"content":{"rendered":"<p>Bienvenido a la sede en l\u00ednea de Suba Game Manufacturing, uno de los principales fabricantes de juegos de mesa de China. En Suba producimos los mejores juegos de mesa del negocio. Nuestro equipo de profesionales dedicados puede responder sus preguntas sobre la creaci\u00f3n de juegos y ayudarlo a navegar en cada paso del proceso de fabricaci\u00f3n.<\/p>\n<p>&nbsp;<\/p>\n<p><strong><img fetchpriority=\"high\" decoding=\"async\" class=\"wp-image-1403 alignleft\" src=\"http:\/\/www.szsuba.com\/wp-content\/uploads\/2024\/08\/d4fb2abec4c8ab0888e2a541fe7308f2-300x300.jpg\" sizes=\"(max-width: 277px) 100vw, 277px\" srcset=\"https:\/\/www.szsuba.com\/wp-content\/uploads\/2024\/08\/d4fb2abec4c8ab0888e2a541fe7308f2-300x300.jpg 300w, https:\/\/www.szsuba.com\/wp-content\/uploads\/2024\/08\/d4fb2abec4c8ab0888e2a541fe7308f2-150x150.jpg 150w, https:\/\/www.szsuba.com\/wp-content\/uploads\/2024\/08\/d4fb2abec4c8ab0888e2a541fe7308f2-600x600.jpg 600w, https:\/\/www.szsuba.com\/wp-content\/uploads\/2024\/08\/d4fb2abec4c8ab0888e2a541fe7308f2-100x100.jpg 100w, https:\/\/www.szsuba.com\/wp-content\/uploads\/2024\/08\/d4fb2abec4c8ab0888e2a541fe7308f2.jpg 640w\" alt=\"\" width=\"277\" height=\"277\" \/><\/strong><\/p>\n<p><strong>Tablero de juegos<\/strong><\/p>\n<p>Un tablero de juego es la pieza central de la mayor\u00eda de las experiencias de mesa. SUMA ofrece m\u00faltiples opciones de plegado y espesores y nuestros tableros est\u00e1ndar con pliegues reforzados y bordes envueltos se ver\u00e1n fant\u00e1sticos en su mesa y se mantendr\u00e1n en a\u00f1os de noches de juegos. \u00a1Y no descuides la espalda! Impresi\u00f3n de un retroceso personalizado para su tablero de juego agrega un costo m\u00ednimo y agrega que los jugadores t\u00e1ctiles adicionales aprecian.<\/p>\n<p><strong>Tarjetas de juego<\/strong><\/p>\n<p>Ofrecemos m\u00e1s de 20 tama\u00f1os de stock diferentes, tres opciones de cartulina y una variedad de acabados para que sus tarjetas se vean y se sientan especiales.<\/p>\n<p><strong>Dados<\/strong><\/p>\n<p>\u00bfAmas los dados? \u00a1Lo hacemos! No hay nada como la tensi\u00f3n y la emoci\u00f3n de los dados ondulados en un juego y los dados personalizados lo hacen a\u00fan m\u00e1s especial. \u00a1Tr\u00e1ganos su visi\u00f3n poli\u00e9drica y d\u00e9janos hacerla realidad! Suba puede hacer dados de casi cualquier tama\u00f1o, forma o color que pueda imaginar. Personalizarlos a\u00fan m\u00e1s con un grabado e impresi\u00f3n \u00fanicos para hacer un conjunto de dados \u00fanico en su tipo solo para su juego. \u00a1A tus jugadores les encantar\u00e1 c\u00f3mo se ven, se sienten y rodan!<\/p>\n<p><img decoding=\"async\" class=\"alignright wp-image-1350 size-medium\" src=\"http:\/\/www.szsuba.com\/wp-content\/uploads\/2024\/08\/1-3-1-300x300.jpg\" sizes=\"(max-width: 300px) 100vw, 300px\" srcset=\"https:\/\/www.szsuba.com\/wp-content\/uploads\/2024\/08\/1-3-1-300x300.jpg 300w, https:\/\/www.szsuba.com\/wp-content\/uploads\/2024\/08\/1-3-1-150x150.jpg 150w, https:\/\/www.szsuba.com\/wp-content\/uploads\/2024\/08\/1-3-1-768x768.jpg 768w, https:\/\/www.szsuba.com\/wp-content\/uploads\/2024\/08\/1-3-1-600x600.jpg 600w, https:\/\/www.szsuba.com\/wp-content\/uploads\/2024\/08\/1-3-1-100x100.jpg 100w, https:\/\/www.szsuba.com\/wp-content\/uploads\/2024\/08\/1-3-1.jpg 800w\" alt=\"Accesorios para juegos de mesa\" width=\"300\" height=\"300\" \/><\/p>\n<p><strong>Accesorios<\/strong><\/p>\n<p>No hay nada como una mesa llena de hermosas miniaturas de pl\u00e1stico personalizadas para que un juego se destaque entre la multitud. Los pl\u00e1sticos personalizados pueden variar desde una sola ficha de primer jugador, hasta algunas piezas de jugadores individuales o una mesa llena de ej\u00e9rcitos invasores. Suba puede hacer casi cualquier forma que pueda imaginar y en una multitud de colores y tama\u00f1os. \u00a1Incluso puedes hacer todo y tenerlos pintados a mano o lavados de color por adelantado para tus jugadores! Los pl\u00e1sticos personalizados agregan complejidad, costo y tiempo de desarrollo para producir, pero su impacto en su juego es insuperable.<\/p>\n<p>&nbsp;<\/p>\n<p>&nbsp;<\/p>\n<p>&nbsp;<\/p>\n<p><strong>Paramentadores de productos<\/strong><\/p>\n<table class=\"all magic-13\">\n<tbody>\n<tr>\n<td colspan=\"1\" rowspan=\"1\">\n<div class=\"magic-14\" data-spm-anchor-id=\"a2700.details.0.i42.3fc94c62pKR1lL\">Nombre del proyecto<\/div>\n<\/td>\n<td colspan=\"1\" rowspan=\"1\">\n<div class=\"magic-15\">Juegos de mesa de impresi\u00f3n personalizados juegos de cartas<\/div>\n<\/td>\n<\/tr>\n<tr>\n<td colspan=\"1\" rowspan=\"1\">\n<div class=\"magic-14\">Tama\u00f1o de la tarjeta<\/div>\n<\/td>\n<td colspan=\"1\" rowspan=\"1\">\n<div class=\"magic-15\">tama\u00f1o est\u00e1ndar \/custom tama\u00f1o<\/div>\n<\/td>\n<\/tr>\n<tr>\n<td colspan=\"1\" rowspan=\"1\">\n<div class=\"magic-14\">Material<\/div>\n<\/td>\n<td colspan=\"1\" rowspan=\"1\">\n<div class=\"magic-15\">C2S+ placa gris<\/div>\n<\/td>\n<\/tr>\n<tr>\n<td colspan=\"1\" rowspan=\"1\">\n<div class=\"magic-14\">Grosor disponible<\/div>\n<\/td>\n<td colspan=\"1\" rowspan=\"1\">\n<div class=\"magic-15\">1.2 mm \/ 1.5 mm \/ 1;<\/div>\n<\/td>\n<\/tr>\n<tr>\n<td colspan=\"1\" rowspan=\"1\">\n<div class=\"magic-14\">Materiales disponibles<\/div>\n<\/td>\n<td colspan=\"1\" rowspan=\"1\">\n<div class=\"magic-15\">250 GSM C2 \/ 300 GSM C2 \/ 350 GSM C2 \/ 400 GSM C2<\/div>\n<\/td>\n<\/tr>\n<tr>\n<td colspan=\"1\" rowspan=\"1\">\n<div class=\"magic-14\">Material<\/div>\n<\/td>\n<td colspan=\"1\" rowspan=\"1\">\n<div class=\"magic-15\">paper (gris \/blue\/black n\u00facleo), pl\u00e1stico, cart\u00f3n, etc.<\/div>\n<\/td>\n<\/tr>\n<tr>\n<td colspan=\"1\" rowspan=\"1\">\n<div class=\"magic-14\">Material de superficie de la tarjeta<\/div>\n<\/td>\n<td colspan=\"1\" rowspan=\"1\">\n<div class=\"magic-15\">arnish \/laminate\/spot uv \/gold foil \/embossed\/gloss\/matte\/etc.<\/div>\n<\/td>\n<\/tr>\n<tr>\n<td colspan=\"1\" rowspan=\"1\">\n<div class=\"magic-14\">Color<\/div>\n<\/td>\n<td colspan=\"1\" rowspan=\"1\">\n<div class=\"magic-15\">CMYK, impresi\u00f3n a todo color, impresi\u00f3n de compensaci\u00f3n de color Pantone.<\/div>\n<\/td>\n<\/tr>\n<tr>\n<td colspan=\"1\" rowspan=\"1\">\n<div class=\"magic-14\">Dise\u00f1o personalizado<\/div>\n<\/td>\n<td colspan=\"1\" rowspan=\"1\">\n<div class=\"magic-15\">Proporcionado por usted, o tambi\u00e9n puede usar nuestro dise\u00f1o.<\/div>\n<\/td>\n<\/tr>\n<tr>\n<td colspan=\"1\" rowspan=\"1\">\n<div class=\"magic-14\">MOQ<\/div>\n<\/td>\n<td colspan=\"1\" rowspan=\"1\">\n<div class=\"magic-15\">200sets<\/div>\n<\/td>\n<\/tr>\n<tr>\n<td colspan=\"1\" rowspan=\"1\">\n<div class=\"magic-14\">Certificado<\/div>\n<\/td>\n<td colspan=\"1\" rowspan=\"1\">\n<div class=\"magic-15\">FSC ISO9001 G7 GSV SEDEX<\/div>\n<\/td>\n<\/tr>\n<tr>\n<td colspan=\"1\" rowspan=\"2\">\n<div class=\"magic-16\">Muestra<\/div>\n<\/td>\n<td colspan=\"1\" rowspan=\"1\">\n<div class=\"magic-15\">(1) Si desea pagar el env\u00edo, las muestras existentes que hemos hecho son gratuitas.<\/div>\n<\/td>\n<\/tr>\n<tr>\n<td colspan=\"1\" rowspan=\"1\">\n<div class=\"magic-15\">(2) Use muestras personalizadas de su propio dise\u00f1o. Habr\u00e1 cargos de muestra.<\/div>\n<\/td>\n<\/tr>\n<tr>\n<td colspan=\"1\" rowspan=\"1\">\n<div class=\"magic-14\">Ver m\u00e1s<\/div>\n<\/td>\n<td colspan=\"1\" rowspan=\"1\">\n<div class=\"magic-15\"><a href=\"https:\/\/www.szsuba.com\/es\/contact-us\/\" target=\"_blank\" rel=\"noopener\">cont\u00e1ctenos<\/a><\/div>\n<\/td>\n<\/tr>\n<\/tbody>\n<\/table>","protected":false},"excerpt":{"rendered":"<p>En general, un juego de mesa de monopolio completo, adem\u00e1s del tablero de juego y las cartas de juego, tambi\u00e9n incluye dados, temporizadores, accesorios de metal, casas de madera, piezas de ajedrez de pl\u00e1stico, etc. Somos un fabricante profesional de juegos de mesa y podemos satisfacer las necesidades personalizadas de los clientes para todos estos accesorios de juegos de mesa al mismo tiempo<\/p>","protected":false},"featured_media":1226,"comment_status":"open","ping_status":"closed","template":"","meta":{"_acf_changed":false},"product_cat":[25],"product_tag":[],"class_list":{"0":"post-1225","1":"product","2":"type-product","3":"status-publish","4":"has-post-thumbnail","6":"product_cat-game-accessories","8":"first","9":"instock","10":"shipping-taxable","11":"product-type-simple"},"acf":[],"_links":{"self":[{"href":"https:\/\/www.szsuba.com\/es\/wp-json\/wp\/v2\/product\/1225","targetHints":{"allow":["GET"]}}],"collection":[{"href":"https:\/\/www.szsuba.com\/es\/wp-json\/wp\/v2\/product"}],"about":[{"href":"https:\/\/www.szsuba.com\/es\/wp-json\/wp\/v2\/types\/product"}],"replies":[{"embeddable":true,"href":"https:\/\/www.szsuba.com\/es\/wp-json\/wp\/v2\/comments?post=1225"}],"wp:featuredmedia":[{"embeddable":true,"href":"https:\/\/www.szsuba.com\/es\/wp-json\/wp\/v2\/media\/1226"}],"wp:attachment":[{"href":"https:\/\/www.szsuba.com\/es\/wp-json\/wp\/v2\/media?parent=1225"}],"wp:term":[{"taxonomy":"product_cat","embeddable":true,"href":"https:\/\/www.szsuba.com\/es\/wp-json\/wp\/v2\/product_cat?post=1225"},{"taxonomy":"product_tag","embeddable":true,"href":"https:\/\/www.szsuba.com\/es\/wp-json\/wp\/v2\/product_tag?post=1225"}],"curies":[{"name":"wp","href":"https:\/\/api.w.org\/{rel}","templated":true}]}}