{"id":1223,"date":"2024-08-29T12:14:17","date_gmt":"2024-08-29T04:14:17","guid":{"rendered":"http:\/\/www.szsuba.com\/?post_type=product&#038;p=1223"},"modified":"2024-10-29T16:43:14","modified_gmt":"2024-10-29T08:43:14","slug":"500pieces-jigsaw-puzzles","status":"publish","type":"product","link":"https:\/\/www.szsuba.com\/es\/product\/500pieces-jigsaw-puzzles\/","title":{"rendered":"500 piezas Rompecabezas"},"content":{"rendered":"<p><span class=\"cat-callout\"><img fetchpriority=\"high\" decoding=\"async\" class=\"wp-image-1417 size-medium alignleft\" src=\"http:\/\/www.szsuba.com\/wp-content\/uploads\/2024\/08\/4-5-300x300.jpg\" alt=\"\" width=\"300\" height=\"300\" srcset=\"https:\/\/www.szsuba.com\/wp-content\/uploads\/2024\/08\/4-5-300x300.jpg 300w, https:\/\/www.szsuba.com\/wp-content\/uploads\/2024\/08\/4-5-150x150.jpg 150w, https:\/\/www.szsuba.com\/wp-content\/uploads\/2024\/08\/4-5-768x768.jpg 768w, https:\/\/www.szsuba.com\/wp-content\/uploads\/2024\/08\/4-5-600x600.jpg 600w, https:\/\/www.szsuba.com\/wp-content\/uploads\/2024\/08\/4-5-100x100.jpg 100w, https:\/\/www.szsuba.com\/wp-content\/uploads\/2024\/08\/4-5.jpg 800w\" sizes=\"(max-width: 300px) 100vw, 300px\" \/><\/span><\/p>\n<p>&nbsp;<\/p>\n<p>&nbsp;<\/p>\n<p>&nbsp;<\/p>\n<p>&nbsp;<\/p>\n<p>&nbsp;<\/p>\n<p><span class=\"cat-callout\">Suba 500 Piabras de rompecabezas<\/span>son uno de los conteos de rompecabezas m\u00e1s populares. Con mucho de<\/p>\n<p>im\u00e1genes de rompecabezas para elegir, estamos seguros de que encontrar\u00e1 algo que le interese y desaf\u00ede.<\/p>\n<p><img decoding=\"async\" class=\"size-medium wp-image-1415 alignright\" src=\"http:\/\/www.szsuba.com\/wp-content\/uploads\/2024\/08\/5-4-300x300.jpg\" alt=\"\" width=\"300\" height=\"300\" srcset=\"https:\/\/www.szsuba.com\/wp-content\/uploads\/2024\/08\/5-4-300x300.jpg 300w, https:\/\/www.szsuba.com\/wp-content\/uploads\/2024\/08\/5-4-150x150.jpg 150w, https:\/\/www.szsuba.com\/wp-content\/uploads\/2024\/08\/5-4-768x768.jpg 768w, https:\/\/www.szsuba.com\/wp-content\/uploads\/2024\/08\/5-4-600x600.jpg 600w, https:\/\/www.szsuba.com\/wp-content\/uploads\/2024\/08\/5-4-100x100.jpg 100w, https:\/\/www.szsuba.com\/wp-content\/uploads\/2024\/08\/5-4.jpg 800w\" sizes=\"(max-width: 300px) 100vw, 300px\" \/><\/p>\n<p>&nbsp;<\/p>\n<p>&nbsp;<\/p>\n<p>&nbsp;<\/p>\n<p>&nbsp;<\/p>\n<p>Con nuestro\u00a0<em>500<\/em>\u00a0pedazo\u00a0<em>rompecabezas<\/em>\u00a0pon a prueba tus habilidades de resoluci\u00f3n de problemas. \u00a1Adecuado para todos! Compre ahora y encuentre el rompecabezas perfecto para usted.<\/p>\n<p>Suba <em>500<\/em>pedazo\u00a0<em>rompecabezas<\/em>\u00a0est\u00e1n dise\u00f1ados con atenci\u00f3n a cada detalle y presentan una selecci\u00f3n exclusiva de arte de artistas de todo el mundo.<\/p>\n<p>&nbsp;<\/p>\n<p>&nbsp;<\/p>\n<p>&nbsp;<\/p>\n<p>Cree sus propios rompecabezas personalizados que convierten sus fotos en rompecabezas utilizando nuestro fabricante de rompecabezas en l\u00ednea para fabricaci\u00f3n e impresi\u00f3n.<\/p>\n<p>&nbsp;<\/p>\n<div class=\"J_module\">\n<div id=\"ali-anchor-AliMagic-lw6918\" class=\"magic-0\" data-section=\"AliMagic-lw6918\" data-section-title=\"Product Paramenters\" data-spm-anchor-id=\"a2700.details.0.i42.43344c2exVZLDe\"><strong>Paramentadores de productos<\/strong><\/div>\n<div data-section=\"AliMagic-lw6918\" data-section-title=\"Product Paramenters\" data-spm-anchor-id=\"a2700.details.0.i42.43344c2exVZLDe\"><\/div>\n<\/div>\n<div class=\"J_module\">\n<div class=\"ife-detail-decorate-table\">\n<table class=\"has-title is-zebra hight-light-first-column all magic-11\">\n<tbody>\n<tr>\n<td colspan=\"1\" rowspan=\"1\">\n<div class=\"magic-12\"><b>Nombre del art\u00edculo<\/b><\/div>\n<\/td>\n<td colspan=\"1\" rowspan=\"1\">\n<div class=\"magic-13\">Rompecabezas personalizados para ni\u00f1os adultos<\/div>\n<\/td>\n<\/tr>\n<tr>\n<td colspan=\"1\" rowspan=\"1\">\n<div class=\"magic-12\"><b>Material<\/b><\/div>\n<\/td>\n<td colspan=\"1\" rowspan=\"1\">\n<div class=\"magic-13\">Rompecabezas: 157g C2S Art Paper+800g Caja de Tablero Gris: Embalaje personalizado<\/div>\n<\/td>\n<\/tr>\n<tr>\n<td colspan=\"1\" rowspan=\"1\">\n<div class=\"magic-12\"><b>Tama\u00f1o<\/b><\/div>\n<\/td>\n<td colspan=\"1\" rowspan=\"1\">\n<div class=\"magic-13\">tama\u00f1o personalizado<\/div>\n<\/td>\n<\/tr>\n<tr>\n<td colspan=\"1\" rowspan=\"1\">\n<div class=\"magic-12\"><b>Eliminaci\u00f3n de superficie<\/b><\/div>\n<\/td>\n<td colspan=\"1\" rowspan=\"1\">\n<div class=\"magic-13\">En relieve, estampado caliente, laminaci\u00f3n mate o brillante, barnishing, recubrimiento UV, etc.<\/div>\n<\/td>\n<\/tr>\n<tr>\n<td colspan=\"1\" rowspan=\"1\">\n<div class=\"magic-12\"><b>Impresi\u00f3n<\/b><\/div>\n<\/td>\n<td colspan=\"1\" rowspan=\"1\">\n<div class=\"magic-13\">Impresi\u00f3n a todo color CMYK (con la mejor impresi\u00f3n de Heidelberg) o impresi\u00f3n PMS<\/div>\n<\/td>\n<\/tr>\n<tr>\n<td colspan=\"1\" rowspan=\"1\">\n<div class=\"magic-12\"><b>Embalaje<\/b><\/div>\n<\/td>\n<td colspan=\"1\" rowspan=\"1\">\n<div class=\"magic-13\">Tapa y caja base, caja magn\u00e9tica, caja de volteo, caja de correo, caja de cajones, caja de hierro, personalizado<\/div>\n<\/td>\n<\/tr>\n<tr>\n<td colspan=\"1\" rowspan=\"1\">\n<div class=\"magic-12\"><b>MOQ<\/b><\/div>\n<\/td>\n<td colspan=\"1\" rowspan=\"1\">\n<div class=\"magic-13\">500 sets<\/div>\n<\/td>\n<\/tr>\n<tr>\n<td colspan=\"1\" rowspan=\"1\">\n<div class=\"magic-12\"><b>Acabado superficial<\/b><\/div>\n<\/td>\n<td colspan=\"1\" rowspan=\"1\">\n<div class=\"magic-13\">GLOSSY \/Matte Varnishing<br \/>\nGLOSSY \/Matte laminationGold Foil \/Sliver foil \/Rose estampado de aluminio de oro<br \/>\nEn relieve \/Debossing<br \/>\nSpot uv \/Glitter pintura<br \/>\nPersonalizado<\/div>\n<\/td>\n<\/tr>\n<tr>\n<td colspan=\"1\" rowspan=\"1\">\n<div class=\"magic-12\"><b>Formatos de obras de arte<\/b><\/div>\n<\/td>\n<td colspan=\"1\" rowspan=\"1\">\n<div class=\"magic-13\">PDF, CDR, AL, ECT.<\/div>\n<\/td>\n<\/tr>\n<tr>\n<td colspan=\"1\" rowspan=\"1\">\n<div class=\"magic-12\"><b>Muestra de tiempo de entrega<\/b><\/div>\n<\/td>\n<td colspan=\"1\" rowspan=\"1\">\n<div class=\"magic-13\">Dummy 7 d\u00edas para piezas se ajustan f\u00e1cilmente y acurrucando 1000 piezas de rompecabezas<\/div>\n<\/td>\n<\/tr>\n<tr>\n<td colspan=\"1\" rowspan=\"1\">\n<div class=\"magic-12\"><b>Tiempo de entrega de producci\u00f3n<\/b><\/div>\n<\/td>\n<td colspan=\"1\" rowspan=\"1\">\n<div class=\"magic-13\">20 d\u00edas para piezas se ajustan f\u00e1cilmente y 1000pcs rompecabezas<\/div>\n<\/td>\n<\/tr>\n<tr>\n<td colspan=\"1\" rowspan=\"1\">\n<div class=\"magic-12\"><b>Certificado<\/b><\/div>\n<\/td>\n<td colspan=\"1\" rowspan=\"1\">\n<div class=\"magic-13\">Certificado ISO, Informe de auditor\u00eda de capacidad de producci\u00f3n BV, Disney Fama, Intertek SQP y WCA Audit Report, as\u00ed como el WCA Achievement<br \/>\nCertificado de adjudicaci\u00f3n para su revisi\u00f3n.<\/div>\n<\/td>\n<\/tr>\n<tr>\n<td colspan=\"1\" rowspan=\"1\">\n<div class=\"magic-12\"><b>Ver m\u00e1s<\/b><\/div>\n<\/td>\n<td colspan=\"1\" rowspan=\"1\">\n<div class=\"magic-13\"><a href=\"https:\/\/www.szsuba.com\/es\/contact-us\/\" target=\"_blank\" rel=\"noopener\">Cont\u00e1ctenos<\/a><\/div>\n<\/td>\n<\/tr>\n<\/tbody>\n<\/table>\n<\/div>\n<\/div>","protected":false},"excerpt":{"rendered":"<div id=\"featurebullets_feature_div\" class=\"celwidget\" data-feature-name=\"featurebullets\" data-csa-c-type=\"widget\" data-csa-c-content-id=\"featurebullets\" data-csa-c-slot-id=\"featurebullets_feature_div\" data-csa-c-asin=\"B0CYTKKWC8\" data-csa-c-is-in-initial-active-row=\"false\" data-cel-widget=\"featurebullets_feature_div\" data-csa-c-id=\"btcdl8-4dgjiq-w84p7o-w22j8w\">\n<div id=\"feature-bullets\" class=\"a-section a-spacing-medium a-spacing-top-small\">\n<p><span class=\"a-list-item\">Los rompecabezas no solo son excelentes regalos para todas y cada una de las ocasiones, incluidos cumplea\u00f1os, vacaciones, fiestas de inauguraci\u00f3n de la casa o incluso una noche divertida con amigos.<\/span><\/p>\n<\/div>\n<\/div>","protected":false},"featured_media":1224,"comment_status":"open","ping_status":"closed","template":"","meta":{"_acf_changed":false},"product_cat":[24],"product_tag":[],"class_list":{"0":"post-1223","1":"product","2":"type-product","3":"status-publish","4":"has-post-thumbnail","6":"product_cat-custom-jigsaw-puzzles","8":"first","9":"instock","10":"shipping-taxable","11":"product-type-simple"},"acf":[],"_links":{"self":[{"href":"https:\/\/www.szsuba.com\/es\/wp-json\/wp\/v2\/product\/1223","targetHints":{"allow":["GET"]}}],"collection":[{"href":"https:\/\/www.szsuba.com\/es\/wp-json\/wp\/v2\/product"}],"about":[{"href":"https:\/\/www.szsuba.com\/es\/wp-json\/wp\/v2\/types\/product"}],"replies":[{"embeddable":true,"href":"https:\/\/www.szsuba.com\/es\/wp-json\/wp\/v2\/comments?post=1223"}],"wp:featuredmedia":[{"embeddable":true,"href":"https:\/\/www.szsuba.com\/es\/wp-json\/wp\/v2\/media\/1224"}],"wp:attachment":[{"href":"https:\/\/www.szsuba.com\/es\/wp-json\/wp\/v2\/media?parent=1223"}],"wp:term":[{"taxonomy":"product_cat","embeddable":true,"href":"https:\/\/www.szsuba.com\/es\/wp-json\/wp\/v2\/product_cat?post=1223"},{"taxonomy":"product_tag","embeddable":true,"href":"https:\/\/www.szsuba.com\/es\/wp-json\/wp\/v2\/product_tag?post=1223"}],"curies":[{"name":"wp","href":"https:\/\/api.w.org\/{rel}","templated":true}]}}