{"id":1180,"date":"2024-08-29T11:22:55","date_gmt":"2024-08-29T03:22:55","guid":{"rendered":"http:\/\/www.szsuba.com\/?post_type=product&#038;p=1180"},"modified":"2024-12-20T15:44:11","modified_gmt":"2024-12-20T07:44:11","slug":"cusatom-tarot-decks","status":"publish","type":"product","link":"https:\/\/www.szsuba.com\/es\/product\/cusatom-tarot-decks\/","title":{"rendered":"Mazos de tarot impresos personalizados"},"content":{"rendered":"<p><img fetchpriority=\"high\" decoding=\"async\" class=\"wp-image-1464 size-medium alignright\" src=\"http:\/\/www.szsuba.com\/wp-content\/uploads\/2024\/08\/3-300x300.png\" alt=\"\" width=\"300\" height=\"300\" srcset=\"https:\/\/www.szsuba.com\/wp-content\/uploads\/2024\/08\/3-300x300.png 300w, https:\/\/www.szsuba.com\/wp-content\/uploads\/2024\/08\/3-150x150.png 150w, https:\/\/www.szsuba.com\/wp-content\/uploads\/2024\/08\/3-768x768.png 768w, https:\/\/www.szsuba.com\/wp-content\/uploads\/2024\/08\/3-600x600.png 600w, https:\/\/www.szsuba.com\/wp-content\/uploads\/2024\/08\/3-100x100.png 100w, https:\/\/www.szsuba.com\/wp-content\/uploads\/2024\/08\/3.png 800w\" sizes=\"(max-width: 300px) 100vw, 300px\" \/><\/p>\n<p>&nbsp;<\/p>\n<p>Este mazo de Tarot para principiantes de 78 cartas es tradicionalmente preciso. Combina el simbolismo centenario y la sabidur\u00eda ancestral con im\u00e1genes modernas para crear una poderosa herramienta espiritual para los lectores de Tarot de hoy. No solo para la brujer\u00eda pagana, este mazo es ideal para aquellos que buscan el autoconocimiento, la iluminaci\u00f3n, la autoinforme, el trabajo de sombra de alta vibraci\u00f3n y una comprensi\u00f3n m\u00e1s profunda del yo y la mentalidad. Ofrece una orientaci\u00f3n profunda tanto para la exploraci\u00f3n personal como para las lecturas profesionales para otros.<\/p>\n<p>Al igual que un uso intuitivo de las cartas de Oracle Deck y Angel, nuestro Deck Beginner Tarot presenta significados de palabras clave para posiciones verticales e invertidas, lo que lo hace ideal para principiantes aprender y recordar interpretaciones. Las cartas del tarot tambi\u00e9n incluyen signos del zodiaco, s\u00edmbolos elementales, astrolog\u00eda y s\u00ed indicadores \/no, proporcionando informaci\u00f3n de referencia integral para mejorar su comprensi\u00f3n y pr\u00e1ctica del arte del tarot, todo a un vistazo.<\/p>\n<p>&nbsp;<\/p>\n<p><img decoding=\"async\" class=\"wp-image-1466 size-medium alignleft\" src=\"http:\/\/www.szsuba.com\/wp-content\/uploads\/2024\/08\/5-1-300x300.png\" alt=\"\" width=\"300\" height=\"300\" srcset=\"https:\/\/www.szsuba.com\/wp-content\/uploads\/2024\/08\/5-1-300x300.png 300w, https:\/\/www.szsuba.com\/wp-content\/uploads\/2024\/08\/5-1-150x150.png 150w, https:\/\/www.szsuba.com\/wp-content\/uploads\/2024\/08\/5-1-768x768.png 768w, https:\/\/www.szsuba.com\/wp-content\/uploads\/2024\/08\/5-1-600x600.png 600w, https:\/\/www.szsuba.com\/wp-content\/uploads\/2024\/08\/5-1-100x100.png 100w, https:\/\/www.szsuba.com\/wp-content\/uploads\/2024\/08\/5-1.png 800w\" sizes=\"(max-width: 300px) 100vw, 300px\" \/><\/p>\n<p>&nbsp;<\/p>\n<p>&nbsp;<\/p>\n<p>Desbloquea sin esfuerzo el poder de la astrolog\u00eda compleja y las correspondencias del tarot. Cada tarjeta est\u00e1 marcada con signos zodiacos, planetas e indicadores estacionales \/timing, enraizados en las tareas tradicionales establecidas por el orden herm\u00e9tico del amanecer dorado, una sociedad secreta que fue pionera en el uso moderno de astrolog\u00eda en tarotas, allanando el camino para las interpretaciones contempor\u00e1neas.<\/p>\n<p>Nuestras mazos de tarot est\u00e1n dise\u00f1ados en peque\u00f1os lotes, 100% en los EE. UU., Usando el papel de lino de la m\u00e1s alta calidad. Se arrastran como a las cartas de calidad de casino y vienen en el tama\u00f1o de mazo tradicional de 4.72 \u2033 x 2.75 \u2033. Cada mazo es tratado con una limpieza de energ\u00eda de alta vibraci\u00f3n por un maestro tradicional de Usui Reiki antes de enviar, preparando la cubierta para la impronta de energ\u00eda \u00fanica de su propietario destinado.<\/p>\n<p>&nbsp;<\/p>\n<p>&nbsp;<\/p>\n<div class=\"J_module\">\n<div id=\"ali-anchor-AliMagic-ccz5a9\" class=\"magic-0\" data-section=\"AliMagic-ccz5a9\" data-section-title=\"Product Paramenters\"><strong>Paramentadores de productos<\/strong><\/div>\n<div data-section=\"AliMagic-ccz5a9\" data-section-title=\"Product Paramenters\"><\/div>\n<\/div>\n<div class=\"J_module\">\n<div class=\"ife-detail-decorate-table\">\n<table class=\"is-zebra hight-light-first-column all magic-19\">\n<tbody>\n<tr>\n<td colspan=\"1\" rowspan=\"1\">\n<div class=\"magic-20\"><b>Nombre del art\u00edculo<\/b><\/div>\n<\/td>\n<td colspan=\"1\" rowspan=\"1\">\n<div class=\"magic-21\">OEM \/ODM mazos de tarot<\/div>\n<\/td>\n<\/tr>\n<tr>\n<td colspan=\"1\" rowspan=\"1\">\n<div class=\"magic-20\"><b>Tama\u00f1o de la tarjeta<\/b><\/div>\n<\/td>\n<td colspan=\"1\" rowspan=\"1\">\n<div class=\"magic-21\">Tama\u00f1o del puente 57x87 mm \/ tama\u00f1o de p\u00f3ker 63x88 mm \/ tama\u00f1o personalizado<\/div>\n<\/td>\n<\/tr>\n<tr>\n<td colspan=\"1\" rowspan=\"1\">\n<div class=\"magic-20\"><b>Material<\/b><\/div>\n<\/td>\n<td colspan=\"1\" rowspan=\"1\">\n<div class=\"magic-21\">Papel (blanco \/blue\/black n\u00facleo), pl\u00e1stico, cart\u00f3n grueso<\/div>\n<\/td>\n<\/tr>\n<tr>\n<td colspan=\"1\" rowspan=\"1\">\n<div class=\"magic-20\"><b>Materiales disponibles<\/b><\/div>\n<\/td>\n<td colspan=\"1\" rowspan=\"1\">\n<div class=\"magic-21\">250 GSM C2 \/ 300 GSM C2 \/ 350 GSM C2 \/ 400 GSM C2<\/div>\n<\/td>\n<\/tr>\n<tr>\n<td colspan=\"1\" rowspan=\"1\">\n<div class=\"magic-20\"><b>Cada mazo<\/b><\/div>\n<\/td>\n<td colspan=\"1\" rowspan=\"1\">\n<div class=\"magic-21\">54 \/60\/100\/108\/200\/500 tarjetas \/units, o cualquier otro n\u00famero que necesite<\/div>\n<\/td>\n<\/tr>\n<tr>\n<td colspan=\"1\" rowspan=\"1\">\n<div class=\"magic-20\"><b>Material<\/b><\/div>\n<\/td>\n<td colspan=\"1\" rowspan=\"1\">\n<div class=\"magic-21\">paper (gris \/blue\/black n\u00facleo), pl\u00e1stico, cart\u00f3n, etc.<\/div>\n<\/td>\n<\/tr>\n<tr>\n<td colspan=\"1\" rowspan=\"1\">\n<div class=\"magic-20\"><b>Material de superficie de la tarjeta<\/b><\/div>\n<\/td>\n<td colspan=\"1\" rowspan=\"1\">\n<div class=\"magic-21\">varnet \/laminate\/spot uv \/gold foil \/embossed\/gloss\/matte\/etc<\/div>\n<\/td>\n<\/tr>\n<tr>\n<td colspan=\"1\" rowspan=\"1\">\n<div class=\"magic-20\"><b>Caja de embalaje individual<\/b><\/div>\n<\/td>\n<td colspan=\"1\" rowspan=\"1\">\n<div class=\"magic-21\">box de papel \/two cajas duras \/plastic box \/magnetic box {{url_placeherher_3}} box \/etc<\/div>\n<\/td>\n<\/tr>\n<tr>\n<td colspan=\"1\" rowspan=\"1\">\n<div class=\"magic-20\"><b>Color<\/b><\/div>\n<\/td>\n<td colspan=\"1\" rowspan=\"1\">\n<div class=\"magic-21\">CMYK, impresi\u00f3n a todo color, impresi\u00f3n de compensaci\u00f3n de color Pantone.<\/div>\n<\/td>\n<\/tr>\n<tr>\n<td colspan=\"1\" rowspan=\"1\">\n<div class=\"magic-20\"><b>Dise\u00f1o personalizado<\/b><\/div>\n<\/td>\n<td colspan=\"1\" rowspan=\"1\">\n<div class=\"magic-21\">Proporcionado por usted, o tambi\u00e9n puede usar nuestro dise\u00f1o.<\/div>\n<\/td>\n<\/tr>\n<tr>\n<td colspan=\"1\" rowspan=\"1\">\n<div class=\"magic-20\"><b>Caja individual<\/b><\/div>\n<\/td>\n<td colspan=\"1\" rowspan=\"1\">\n<div class=\"magic-21\">Paper Tuck Box \/two Pieces Rigid Box \/plastic box \/magnetic box {{url_placeherher_3}}} \/etc<\/div>\n<\/td>\n<\/tr>\n<tr>\n<td colspan=\"1\" rowspan=\"1\">\n<div class=\"magic-20\"><b>Muestra<\/b><\/div>\n<\/td>\n<td colspan=\"1\" rowspan=\"1\">\n<div class=\"magic-21\">Muestra existente \/custom La muestra con su propio dise\u00f1o est\u00e1 disponible<\/div>\n<\/td>\n<\/tr>\n<tr>\n<td colspan=\"1\" rowspan=\"1\">\n<div class=\"magic-20\"><b>Cartas por mazo<\/b><\/div>\n<\/td>\n<td colspan=\"1\" rowspan=\"1\">\n<div class=\"magic-21\">54 cartas, 60 cartas, 108 cartas, 110 cartas, 200 cartas o cualquier otra cantidad que necesite.<\/div>\n<\/td>\n<\/tr>\n<tr>\n<td colspan=\"1\" rowspan=\"1\">\n<div class=\"magic-20\"><b>Ver m\u00e1s<\/b><\/div>\n<\/td>\n<td colspan=\"1\" rowspan=\"1\">\n<div class=\"magic-21\"><a href=\"https:\/\/www.szsuba.com\/es\/contact-us\/\" target=\"_blank\" rel=\"noopener\">Cont\u00e1ctenos<\/a><\/div>\n<\/td>\n<\/tr>\n<\/tbody>\n<\/table>\n<\/div>\n<\/div>","protected":false},"excerpt":{"rendered":"<p>Cuenta con un arte rico y vibrante y una gran comprensi\u00f3n de los arquetipos tradicionales del tarot infundidos con una visi\u00f3n mundana y esp\u00edritu folkl\u00f3rico.<\/p>","protected":false},"featured_media":1463,"comment_status":"open","ping_status":"closed","template":"","meta":{"_acf_changed":false},"product_cat":[15],"product_tag":[],"class_list":{"0":"post-1180","1":"product","2":"type-product","3":"status-publish","4":"has-post-thumbnail","6":"product_cat-custom-tarot-cards","8":"first","9":"instock","10":"shipping-taxable","11":"product-type-simple"},"acf":[],"_links":{"self":[{"href":"https:\/\/www.szsuba.com\/es\/wp-json\/wp\/v2\/product\/1180","targetHints":{"allow":["GET"]}}],"collection":[{"href":"https:\/\/www.szsuba.com\/es\/wp-json\/wp\/v2\/product"}],"about":[{"href":"https:\/\/www.szsuba.com\/es\/wp-json\/wp\/v2\/types\/product"}],"replies":[{"embeddable":true,"href":"https:\/\/www.szsuba.com\/es\/wp-json\/wp\/v2\/comments?post=1180"}],"wp:featuredmedia":[{"embeddable":true,"href":"https:\/\/www.szsuba.com\/es\/wp-json\/wp\/v2\/media\/1463"}],"wp:attachment":[{"href":"https:\/\/www.szsuba.com\/es\/wp-json\/wp\/v2\/media?parent=1180"}],"wp:term":[{"taxonomy":"product_cat","embeddable":true,"href":"https:\/\/www.szsuba.com\/es\/wp-json\/wp\/v2\/product_cat?post=1180"},{"taxonomy":"product_tag","embeddable":true,"href":"https:\/\/www.szsuba.com\/es\/wp-json\/wp\/v2\/product_tag?post=1180"}],"curies":[{"name":"wp","href":"https:\/\/api.w.org\/{rel}","templated":true}]}}