{"id":1173,"date":"2024-08-29T11:18:37","date_gmt":"2024-08-29T03:18:37","guid":{"rendered":"http:\/\/www.szsuba.com\/?post_type=product&#038;p=1173"},"modified":"2024-10-30T15:25:10","modified_gmt":"2024-10-30T07:25:10","slug":"alphabet-flash-cards","status":"publish","type":"product","link":"https:\/\/www.szsuba.com\/es\/product\/alphabet-flash-cards\/","title":{"rendered":"Tarjetas Flash de Alphabet"},"content":{"rendered":"<p><img fetchpriority=\"high\" decoding=\"async\" class=\"wp-image-1449 size-medium alignleft\" src=\"http:\/\/www.szsuba.com\/wp-content\/uploads\/2024\/08\/02-2-300x300.jpg\" alt=\"tarjeta flash\" width=\"300\" height=\"300\" srcset=\"https:\/\/www.szsuba.com\/wp-content\/uploads\/2024\/08\/02-2-300x300.jpg 300w, https:\/\/www.szsuba.com\/wp-content\/uploads\/2024\/08\/02-2-150x150.jpg 150w, https:\/\/www.szsuba.com\/wp-content\/uploads\/2024\/08\/02-2-768x768.jpg 768w, https:\/\/www.szsuba.com\/wp-content\/uploads\/2024\/08\/02-2-600x600.jpg 600w, https:\/\/www.szsuba.com\/wp-content\/uploads\/2024\/08\/02-2-100x100.jpg 100w, https:\/\/www.szsuba.com\/wp-content\/uploads\/2024\/08\/02-2.jpg 800w\" sizes=\"(max-width: 300px) 100vw, 300px\" \/><\/p>\n<p>&nbsp;<\/p>\n<p>&nbsp;<\/p>\n<p>&nbsp;<\/p>\n<p>Su hijo aprender\u00e1 sobre las especies en peligro de extinci\u00f3n nocturna con este juego de memoria cl\u00e1sica. El juego de memoria de especies en peligro de extinci\u00f3n nocturna se puede jugar solo o con amigos. Actividades pr\u00e1cticas. Aprenda sobre la vida silvestre. \u00a1Hecho a mano y educativo. Help preescolares y jardines de infantes aprenden habilidades sociales esenciales, desarrollar habilidades ling\u00fc\u00edsticas y desarrollar vocabulario con las tarjetas flash de fotos de la biblioteca de lenguaje temprano de aprendizaje de educaci\u00f3n clave!<\/p>\n<p><span class=\"a-list-item\"><img decoding=\"async\" class=\"wp-image-1450 size-medium alignright\" src=\"http:\/\/www.szsuba.com\/wp-content\/uploads\/2024\/08\/04-1-300x300.jpg\" alt=\"\" width=\"300\" height=\"300\" srcset=\"https:\/\/www.szsuba.com\/wp-content\/uploads\/2024\/08\/04-1-300x300.jpg 300w, https:\/\/www.szsuba.com\/wp-content\/uploads\/2024\/08\/04-1-150x150.jpg 150w, https:\/\/www.szsuba.com\/wp-content\/uploads\/2024\/08\/04-1-768x768.jpg 768w, https:\/\/www.szsuba.com\/wp-content\/uploads\/2024\/08\/04-1-600x600.jpg 600w, https:\/\/www.szsuba.com\/wp-content\/uploads\/2024\/08\/04-1-100x100.jpg 100w, https:\/\/www.szsuba.com\/wp-content\/uploads\/2024\/08\/04-1.jpg 800w\" sizes=\"(max-width: 300px) 100vw, 300px\" \/><\/span><\/p>\n<p>&nbsp;<\/p>\n<p>&nbsp;<\/p>\n<p>&nbsp;<\/p>\n<p><span class=\"a-list-item\">Aprender a trav\u00e9s de jugar es divertido: \u00a1todos sabemos que el aprendizaje es m\u00e1s efectivo cuando tambi\u00e9n es divertido! \u00a1A los ni\u00f1os les encantar\u00e1 clasificar los bloques de madera y combinarlos con las cartas! Es una excelente manera para que aprendan el alfabeto y los n\u00fameros. Promueve su reconocimiento de color, coordinaci\u00f3n mano-ojo, habilidades de resoluci\u00f3n de problemas, y ayuda a desarrollar las bases para un amor de por vida por el aprendizaje.<\/span><\/p>\n<p>&nbsp;<\/p>\n<p><span class=\"a-list-item\">Suba cre\u00f3 ilustraciones divertidas en cada una de las 26 cartas de letras que permiten a los ni\u00f1os asociar objetos y palabras con cada una de las letras del alfabeto, como F es para Fox, y los n\u00fameros 1-10 tienen las cantidades correspondientes de animales para contar la vista.<\/span><\/p>\n<p>&nbsp;<\/p>\n<div class=\"J_module\">\n<div id=\"ali-anchor-AliMagic-e4ykue\" class=\"magic-0\" data-section=\"AliMagic-e4ykue\" data-section-title=\"Product Paramenters\" data-spm-anchor-id=\"a2700.details.0.i41.1fb83402J2gjxV\"><strong>Paramentadores de productos<\/strong><\/div>\n<div data-section=\"AliMagic-e4ykue\" data-section-title=\"Product Paramenters\" data-spm-anchor-id=\"a2700.details.0.i41.1fb83402J2gjxV\"><\/div>\n<\/div>\n<div class=\"J_module\">\n<div class=\"ife-detail-decorate-table\">\n<table class=\"has-title is-zebra hight-light-first-column all magic-11\">\n<tbody>\n<tr>\n<td colspan=\"1\" rowspan=\"1\">\n<div class=\"magic-12\"><b>Nombre del art\u00edculo<\/b><\/div>\n<\/td>\n<td colspan=\"5\" rowspan=\"1\">\n<div class=\"magic-13\">Suba OEM \/ODM Dubks de juego de educaci\u00f3n<\/div>\n<\/td>\n<\/tr>\n<tr>\n<td colspan=\"1\" rowspan=\"4\">\n<div class=\"magic-19\">\n<div class=\"magic-20\"><b>Stock de tarjetas<\/b><\/div>\n<\/div>\n<\/td>\n<td colspan=\"5\" rowspan=\"1\">\n<div class=\"magic-13\">Papel de n\u00facleo blanco de 300GSM \/ 350GSM \/ 400GSM (papel de arte)<\/div>\n<\/td>\n<\/tr>\n<tr>\n<td colspan=\"5\" rowspan=\"1\">\n<div class=\"magic-13\">270GSM \/ 280GSM \/ 300GSM Blue \/Grey papel central<\/div>\n<\/td>\n<\/tr>\n<tr>\n<td colspan=\"5\" rowspan=\"1\">\n<div class=\"magic-13\">300GSM \/ 310GSM \/ 330GSM Alem\u00e1n mejor papel negro<\/div>\n<\/td>\n<\/tr>\n<tr>\n<td colspan=\"5\" rowspan=\"1\">\n<div class=\"magic-13\">costumbre<\/div>\n<\/td>\n<\/tr>\n<tr>\n<td colspan=\"1\" rowspan=\"1\">\n<div class=\"magic-12\"><b>Color impreso<\/b><\/div>\n<\/td>\n<td colspan=\"5\" rowspan=\"1\">\n<div class=\"magic-13\">Impresi\u00f3n a todo color CMYK (con la mejor impresora Heidelberg)<\/div>\n<\/td>\n<\/tr>\n<tr>\n<td colspan=\"1\" rowspan=\"1\">\n<div class=\"magic-12\"><b>Tama\u00f1o de la tarjeta<\/b><\/div>\n<\/td>\n<td colspan=\"5\" rowspan=\"1\">\n<div class=\"magic-13\">63*88 mm, 57*87 mm, 70*120 mm, 88*126 mm, etc.<\/div>\n<\/td>\n<\/tr>\n<tr>\n<td colspan=\"1\" rowspan=\"1\">\n<div class=\"magic-12\"><b>Opciones de embalaje<\/b><\/div>\n<\/td>\n<td colspan=\"5\" rowspan=\"1\">\n<div class=\"magic-13\">Envoltura de envoltura de envoltura \/ celof\u00e1n \/ bolsa de burbujas, etc.<\/div>\n<\/td>\n<\/tr>\n<tr>\n<td colspan=\"1\" rowspan=\"1\">\n<div class=\"magic-12\"><b>Cartas por mazo<\/b><\/div>\n<\/td>\n<td colspan=\"5\" rowspan=\"1\">\n<div class=\"magic-13\">54 cartas, 100 cartas, 200 cartas y etc., depende de sus requisitos<\/div>\n<\/td>\n<\/tr>\n<tr>\n<td colspan=\"1\" rowspan=\"1\">\n<div class=\"magic-12\"><b>grosor disponible<\/b><\/div>\n<\/td>\n<td colspan=\"5\" rowspan=\"1\">\n<div class=\"magic-13\">1.2mm\/1.5mm\/1.8mm\/2.0mm<\/div>\n<\/td>\n<\/tr>\n<tr>\n<td colspan=\"1\" rowspan=\"1\">\n<div class=\"magic-12\"><b>Aplicaciones<\/b><\/div>\n<\/td>\n<td colspan=\"5\" rowspan=\"1\">\n<div class=\"magic-13\">Publicidad, promoci\u00f3n, como regalo, juegos divertidos, cartas de juego de casino,<br \/>\nTarjetas de juego para ni\u00f1os, tarjetas educativas, etc.<\/div>\n<\/td>\n<\/tr>\n<tr>\n<td colspan=\"1\" rowspan=\"1\">\n<div class=\"magic-24\"><b>Tiempo de muestreo<\/b><\/div>\n<\/td>\n<td colspan=\"5\" rowspan=\"1\">\n<div class=\"magic-25\">1-3 d\u00edas<\/div>\n<\/td>\n<\/tr>\n<tr>\n<td colspan=\"1\" rowspan=\"1\">\n<div class=\"magic-24\"><b>El tiempo de entrega<\/b><\/div>\n<\/td>\n<td colspan=\"5\" rowspan=\"1\">\n<div class=\"magic-25\">7-25 d\u00edas<\/div>\n<\/td>\n<\/tr>\n<\/tbody>\n<\/table>\n<\/div>\n<\/div>","protected":false},"excerpt":{"rendered":"<p>Es el primer regalo del alfabeto a un ni\u00f1o y ayuda a identificar formas de letras y aprender las cartas superiores y min\u00fasculas.<\/p>","protected":false},"featured_media":1174,"comment_status":"open","ping_status":"closed","template":"","meta":{"_acf_changed":false},"product_cat":[23],"product_tag":[],"class_list":{"0":"post-1173","1":"product","2":"type-product","3":"status-publish","4":"has-post-thumbnail","6":"product_cat-custom-flash-cards","8":"first","9":"instock","10":"shipping-taxable","11":"product-type-simple"},"acf":[],"_links":{"self":[{"href":"https:\/\/www.szsuba.com\/es\/wp-json\/wp\/v2\/product\/1173","targetHints":{"allow":["GET"]}}],"collection":[{"href":"https:\/\/www.szsuba.com\/es\/wp-json\/wp\/v2\/product"}],"about":[{"href":"https:\/\/www.szsuba.com\/es\/wp-json\/wp\/v2\/types\/product"}],"replies":[{"embeddable":true,"href":"https:\/\/www.szsuba.com\/es\/wp-json\/wp\/v2\/comments?post=1173"}],"wp:featuredmedia":[{"embeddable":true,"href":"https:\/\/www.szsuba.com\/es\/wp-json\/wp\/v2\/media\/1174"}],"wp:attachment":[{"href":"https:\/\/www.szsuba.com\/es\/wp-json\/wp\/v2\/media?parent=1173"}],"wp:term":[{"taxonomy":"product_cat","embeddable":true,"href":"https:\/\/www.szsuba.com\/es\/wp-json\/wp\/v2\/product_cat?post=1173"},{"taxonomy":"product_tag","embeddable":true,"href":"https:\/\/www.szsuba.com\/es\/wp-json\/wp\/v2\/product_tag?post=1173"}],"curies":[{"name":"wp","href":"https:\/\/api.w.org\/{rel}","templated":true}]}}