{"id":1153,"date":"2024-08-29T11:09:37","date_gmt":"2024-08-29T03:09:37","guid":{"rendered":"http:\/\/www.szsuba.com\/?post_type=product&#038;p=1153"},"modified":"2024-10-29T17:35:47","modified_gmt":"2024-10-29T09:35:47","slug":"jigsaw-puzzles-1000pcs","status":"publish","type":"product","link":"https:\/\/www.szsuba.com\/es\/product\/jigsaw-puzzles-1000pcs\/","title":{"rendered":"Rompecabezas de rompecabezas-000pcs"},"content":{"rendered":"<p>Somos reconocidos por la fabricaci\u00f3n de rompecabezas de alta calidad. Nuestra base de clientes abarca desde la industria de los juegos de mesa, sectores educativos, minoristas y revendedores, viajes y<\/p>\n<p>hospitalidad hasta las grandes empresas fortune 500 que necesitan rompecabezas impresos personalizados para sus juegos de marketing corporativo y de construcci\u00f3n de equipos.<\/p>\n<p>&nbsp;<\/p>\n<p><img fetchpriority=\"high\" decoding=\"async\" class=\"wp-image-1424 size-medium alignleft\" src=\"http:\/\/www.szsuba.com\/wp-content\/uploads\/2024\/08\/2-1-1-300x300.jpg\" alt=\"rompecabezas\" width=\"300\" height=\"300\" srcset=\"https:\/\/www.szsuba.com\/wp-content\/uploads\/2024\/08\/2-1-1-300x300.jpg 300w, https:\/\/www.szsuba.com\/wp-content\/uploads\/2024\/08\/2-1-1-150x150.jpg 150w, https:\/\/www.szsuba.com\/wp-content\/uploads\/2024\/08\/2-1-1-768x768.jpg 768w, https:\/\/www.szsuba.com\/wp-content\/uploads\/2024\/08\/2-1-1-600x600.jpg 600w, https:\/\/www.szsuba.com\/wp-content\/uploads\/2024\/08\/2-1-1-100x100.jpg 100w, https:\/\/www.szsuba.com\/wp-content\/uploads\/2024\/08\/2-1-1.jpg 800w\" sizes=\"(max-width: 300px) 100vw, 300px\" \/><\/p>\n<p>&nbsp;<\/p>\n<p>&nbsp;<\/p>\n<p>&nbsp;<\/p>\n<p>Con m\u00e1s de 15 a\u00f1os en la industria de impresi\u00f3n y fabricaci\u00f3n de juegos de mesa con decenas de miles de clientes que abarcan en todo el mundo, nos diferenciamos de nuestra competencia a trav\u00e9s de la calidad de nuestros rompecabezas y tambi\u00e9n a trav\u00e9s de nuestra l\u00ednea de producci\u00f3n altamente eficiente y optimizada, podemos producir sus necesidades de rompecabezas personalizadas en cualquier cantidad en tiempos de cambio r\u00e9cord.<\/p>\n<p>&nbsp;<\/p>\n<p>&nbsp;<\/p>\n<p>&nbsp;<\/p>\n<p>&nbsp;<\/p>\n<p><strong><img decoding=\"async\" class=\"wp-image-1425 size-medium alignright\" src=\"http:\/\/www.szsuba.com\/wp-content\/uploads\/2024\/08\/5-300x287.png\" alt=\"adultos rompecabezas rompecabezas\" width=\"300\" height=\"287\" srcset=\"https:\/\/www.szsuba.com\/wp-content\/uploads\/2024\/08\/5-300x287.png 300w, https:\/\/www.szsuba.com\/wp-content\/uploads\/2024\/08\/5-600x573.png 600w, https:\/\/www.szsuba.com\/wp-content\/uploads\/2024\/08\/5.png 760w\" sizes=\"(max-width: 300px) 100vw, 300px\" \/><\/strong><\/p>\n<p>&nbsp;<\/p>\n<p>&nbsp;<\/p>\n<p><strong>Rompecabezas personalizados para adultos<\/strong><\/p>\n<p>Convierta sus recuerdos favoritos en un rompecabezas divertido con nuestra colecci\u00f3n de rompecabezas de fotos personalizados para adultos. Ya sea que se trate de una foto familiar, un momento especial o un lugar de vacaciones favorito, puede crear un rompecabezas Aunique que da vida a esos recuerdos. Ofrecemos una gama de tama\u00f1os de rompecabezas y niveles de dificultad, con tiempos de resoluci\u00f3n de 1 hora a 20 horas, \u00a1perfecto para todos!<\/p>\n<p>&nbsp;<\/p>\n<p>&nbsp;<\/p>\n<div class=\"J_module\">\n<div id=\"ali-anchor-AliMagic-lw6918\" class=\"magic-0\" data-section=\"AliMagic-lw6918\" data-section-title=\"Product Paramenters\" data-spm-anchor-id=\"a2700.details.0.i42.43344c2exVZLDe\"><strong>Paramentadores de productos<\/strong><\/div>\n<div data-section=\"AliMagic-lw6918\" data-section-title=\"Product Paramenters\" data-spm-anchor-id=\"a2700.details.0.i42.43344c2exVZLDe\"><\/div>\n<\/div>\n<div class=\"J_module\">\n<div class=\"ife-detail-decorate-table\">\n<table class=\"has-title is-zebra hight-light-first-column all magic-11\">\n<tbody>\n<tr>\n<td colspan=\"1\" rowspan=\"1\">\n<div class=\"magic-12\"><b>Nombre del art\u00edculo<\/b><\/div>\n<\/td>\n<td colspan=\"1\" rowspan=\"1\">\n<div class=\"magic-13\">Rompecabezas personalizados para adultos<\/div>\n<\/td>\n<\/tr>\n<tr>\n<td colspan=\"1\" rowspan=\"1\">\n<div class=\"magic-12\"><b>Material<\/b><\/div>\n<\/td>\n<td colspan=\"1\" rowspan=\"1\">\n<div class=\"magic-13\">Rompecabezas: 157g C2S Art Paper+800g Caja de Tablero Gris: Embalaje personalizado<\/div>\n<\/td>\n<\/tr>\n<tr>\n<td colspan=\"1\" rowspan=\"1\">\n<div class=\"magic-12\"><b>Tama\u00f1o<\/b><\/div>\n<\/td>\n<td colspan=\"1\" rowspan=\"1\">\n<div class=\"magic-13\">tama\u00f1o personalizado<\/div>\n<\/td>\n<\/tr>\n<tr>\n<td colspan=\"1\" rowspan=\"1\">\n<div class=\"magic-12\"><b>Eliminaci\u00f3n de superficie<\/b><\/div>\n<\/td>\n<td colspan=\"1\" rowspan=\"1\">\n<div class=\"magic-13\">En relieve, estampado caliente, laminaci\u00f3n mate o brillante, barnishing, recubrimiento UV, etc.<\/div>\n<\/td>\n<\/tr>\n<tr>\n<td colspan=\"1\" rowspan=\"1\">\n<div class=\"magic-12\"><b>Impresi\u00f3n<\/b><\/div>\n<\/td>\n<td colspan=\"1\" rowspan=\"1\">\n<div class=\"magic-13\" data-spm-anchor-id=\"a2700.details.0.i43.43344c2exVZLDe\">Impresi\u00f3n a todo color CMYK (con la mejor impresi\u00f3n de Heidelberg) o impresi\u00f3n PMS<\/div>\n<\/td>\n<\/tr>\n<tr>\n<td colspan=\"1\" rowspan=\"1\">\n<div class=\"magic-12\"><b>Embalaje<\/b><\/div>\n<\/td>\n<td colspan=\"1\" rowspan=\"1\">\n<div class=\"magic-13\">Tapa y caja base, caja magn\u00e9tica, caja de volteo, caja de correo, caja de cajones, caja de hierro, personalizado<\/div>\n<\/td>\n<\/tr>\n<tr>\n<td colspan=\"1\" rowspan=\"1\">\n<div class=\"magic-12\"><b>MOQ<\/b><\/div>\n<\/td>\n<td colspan=\"1\" rowspan=\"1\">\n<div class=\"magic-13\">500 sets<\/div>\n<\/td>\n<\/tr>\n<tr>\n<td colspan=\"1\" rowspan=\"1\">\n<div class=\"magic-12\"><b>Acabado superficial<\/b><\/div>\n<\/td>\n<td colspan=\"1\" rowspan=\"1\">\n<div class=\"magic-13\">GLOSSY \/Matte Varnishing<br \/>\nGLOSSY \/Matte laminationGold Foil \/Sliver foil \/Rose estampado de aluminio de oro<br \/>\nEn relieve \/Debossing<br \/>\nSpot uv \/Glitter pintura<br \/>\nPersonalizado<\/div>\n<\/td>\n<\/tr>\n<tr>\n<td colspan=\"1\" rowspan=\"1\">\n<div class=\"magic-12\"><b>Formatos de obras de arte<\/b><\/div>\n<\/td>\n<td colspan=\"1\" rowspan=\"1\">\n<div class=\"magic-13\">PDF, CDR, AL, ECT.<\/div>\n<\/td>\n<\/tr>\n<tr>\n<td colspan=\"1\" rowspan=\"1\">\n<div class=\"magic-12\"><b>Muestra de tiempo de entrega<\/b><\/div>\n<\/td>\n<td colspan=\"1\" rowspan=\"1\">\n<div class=\"magic-13\">Dummy 7 d\u00edas para piezas se ajustan f\u00e1cilmente y acurrucando 1000 piezas de rompecabezas<\/div>\n<\/td>\n<\/tr>\n<tr>\n<td colspan=\"1\" rowspan=\"1\">\n<div class=\"magic-12\"><b>Tiempo de entrega de producci\u00f3n<\/b><\/div>\n<\/td>\n<td colspan=\"1\" rowspan=\"1\">\n<div class=\"magic-13\">20 d\u00edas para piezas se ajustan f\u00e1cilmente y 1000pcs rompecabezas<\/div>\n<\/td>\n<\/tr>\n<tr>\n<td colspan=\"1\" rowspan=\"1\">\n<div class=\"magic-12\"><b>Certificado<\/b><\/div>\n<\/td>\n<td colspan=\"1\" rowspan=\"1\">\n<div class=\"magic-13\">Certificado ISO, Informe de auditor\u00eda de capacidad de producci\u00f3n BV, Disney Fama, Intertek SQP y WCA Audit Report, as\u00ed como el WCA Achievement<br \/>\nCertificado de adjudicaci\u00f3n para su revisi\u00f3n.<\/div>\n<\/td>\n<\/tr>\n<tr>\n<td colspan=\"1\" rowspan=\"1\">\n<div class=\"magic-12\"><b>Ver m\u00e1s<\/b><\/div>\n<\/td>\n<td colspan=\"1\" rowspan=\"1\">\n<div class=\"magic-13\"><a href=\"https:\/\/www.szsuba.com\/es\/product-category\/custom-jigsaw-puzzles\/\" target=\"_blank\" rel=\"noopener\">Cont\u00e1ctenos<\/a><\/div>\n<\/td>\n<\/tr>\n<\/tbody>\n<\/table>\n<\/div>\n<\/div>","protected":false},"excerpt":{"rendered":"<p>Cree sus propios rompecabezas personalizados que convierten sus fotos en rompecabezas utilizando nuestro fabricante de rompecabezas en l\u00ednea para fabricaci\u00f3n e impresi\u00f3n.<\/p>","protected":false},"featured_media":1154,"comment_status":"open","ping_status":"closed","template":"","meta":{"_acf_changed":false},"product_cat":[24],"product_tag":[],"class_list":{"0":"post-1153","1":"product","2":"type-product","3":"status-publish","4":"has-post-thumbnail","6":"product_cat-custom-jigsaw-puzzles","8":"first","9":"instock","10":"shipping-taxable","11":"product-type-simple"},"acf":[],"_links":{"self":[{"href":"https:\/\/www.szsuba.com\/es\/wp-json\/wp\/v2\/product\/1153","targetHints":{"allow":["GET"]}}],"collection":[{"href":"https:\/\/www.szsuba.com\/es\/wp-json\/wp\/v2\/product"}],"about":[{"href":"https:\/\/www.szsuba.com\/es\/wp-json\/wp\/v2\/types\/product"}],"replies":[{"embeddable":true,"href":"https:\/\/www.szsuba.com\/es\/wp-json\/wp\/v2\/comments?post=1153"}],"wp:featuredmedia":[{"embeddable":true,"href":"https:\/\/www.szsuba.com\/es\/wp-json\/wp\/v2\/media\/1154"}],"wp:attachment":[{"href":"https:\/\/www.szsuba.com\/es\/wp-json\/wp\/v2\/media?parent=1153"}],"wp:term":[{"taxonomy":"product_cat","embeddable":true,"href":"https:\/\/www.szsuba.com\/es\/wp-json\/wp\/v2\/product_cat?post=1153"},{"taxonomy":"product_tag","embeddable":true,"href":"https:\/\/www.szsuba.com\/es\/wp-json\/wp\/v2\/product_tag?post=1153"}],"curies":[{"name":"wp","href":"https:\/\/api.w.org\/{rel}","templated":true}]}}