{"id":1120,"date":"2024-08-29T10:35:00","date_gmt":"2024-08-29T02:35:00","guid":{"rendered":"http:\/\/www.szsuba.com\/?post_type=product&#038;p=1120"},"modified":"2024-10-29T15:37:51","modified_gmt":"2024-10-29T07:37:51","slug":"custom-blank-board-game","status":"publish","type":"product","link":"https:\/\/www.szsuba.com\/es\/product\/custom-blank-board-game\/","title":{"rendered":"Juego de mesa en blanco personalizado"},"content":{"rendered":"<p><img fetchpriority=\"high\" decoding=\"async\" class=\"wp-image-1410 size-medium alignleft\" src=\"http:\/\/www.szsuba.com\/wp-content\/uploads\/2024\/08\/800x800\u4e3b\u56fe-\u62f7\u8d1d5-1-300x300.png\" alt=\"\" width=\"300\" height=\"300\" srcset=\"https:\/\/www.szsuba.com\/wp-content\/uploads\/2024\/08\/800x800\u4e3b\u56fe-\u62f7\u8d1d5-1-300x300.png 300w, https:\/\/www.szsuba.com\/wp-content\/uploads\/2024\/08\/800x800\u4e3b\u56fe-\u62f7\u8d1d5-1-150x150.png 150w, https:\/\/www.szsuba.com\/wp-content\/uploads\/2024\/08\/800x800\u4e3b\u56fe-\u62f7\u8d1d5-1-768x768.png 768w, https:\/\/www.szsuba.com\/wp-content\/uploads\/2024\/08\/800x800\u4e3b\u56fe-\u62f7\u8d1d5-1-600x600.png 600w, https:\/\/www.szsuba.com\/wp-content\/uploads\/2024\/08\/800x800\u4e3b\u56fe-\u62f7\u8d1d5-1-100x100.png 100w, https:\/\/www.szsuba.com\/wp-content\/uploads\/2024\/08\/800x800\u4e3b\u56fe-\u62f7\u8d1d5-1.png 800w\" sizes=\"(max-width: 300px) 100vw, 300px\" \/><\/p>\n<p>&nbsp;<\/p>\n<p>&nbsp;<\/p>\n<p><strong>Tablero de juegos<\/strong><\/p>\n<p>&nbsp;<\/p>\n<p>Un tablero de juego es la pieza central de la mayor\u00eda de las experiencias de mesa. SUMA ofrece m\u00faltiples opciones de plegado y espesores y nuestros tableros est\u00e1ndar con pliegues reforzados y bordes envueltos se ver\u00e1n fant\u00e1sticos en su mesa y se mantendr\u00e1n en a\u00f1os de noches de juegos. \u00a1Y no descuides la espalda! Impresi\u00f3n de un retroceso personalizado para su tablero de juego agrega un costo m\u00ednimo y agrega que los jugadores t\u00e1ctiles adicionales aprecian.<\/p>\n<p>&nbsp;<\/p>\n<p>&nbsp;<\/p>\n<p>&nbsp;<\/p>\n<p>&nbsp;<\/p>\n<p><img decoding=\"async\" class=\"wp-image-1411 size-medium alignright\" src=\"http:\/\/www.szsuba.com\/wp-content\/uploads\/2024\/08\/800x800\u4e3b\u56fe-\u62f7\u8d1d3-1-300x300.png\" alt=\"\" width=\"300\" height=\"300\" srcset=\"https:\/\/www.szsuba.com\/wp-content\/uploads\/2024\/08\/800x800\u4e3b\u56fe-\u62f7\u8d1d3-1-300x300.png 300w, https:\/\/www.szsuba.com\/wp-content\/uploads\/2024\/08\/800x800\u4e3b\u56fe-\u62f7\u8d1d3-1-150x150.png 150w, https:\/\/www.szsuba.com\/wp-content\/uploads\/2024\/08\/800x800\u4e3b\u56fe-\u62f7\u8d1d3-1-768x768.png 768w, https:\/\/www.szsuba.com\/wp-content\/uploads\/2024\/08\/800x800\u4e3b\u56fe-\u62f7\u8d1d3-1-600x600.png 600w, https:\/\/www.szsuba.com\/wp-content\/uploads\/2024\/08\/800x800\u4e3b\u56fe-\u62f7\u8d1d3-1-100x100.png 100w, https:\/\/www.szsuba.com\/wp-content\/uploads\/2024\/08\/800x800\u4e3b\u56fe-\u62f7\u8d1d3-1.png 800w\" sizes=\"(max-width: 300px) 100vw, 300px\" \/><\/p>\n<p>&nbsp;<\/p>\n<p>&nbsp;<\/p>\n<p>&nbsp;<\/p>\n<p><strong>Tarjetas de juego<\/strong><\/p>\n<p>&nbsp;<\/p>\n<p>Ofrecemos m\u00e1s de 20 tama\u00f1os de stock diferentes, tres opciones de cartulina y una variedad de acabados para que sus tarjetas se vean y se sientan especiales.<\/p>\n<p>&nbsp;<\/p>\n<p>&nbsp;<\/p>\n<p>&nbsp;<\/p>\n<p><img decoding=\"async\" class=\"wp-image-1413 size-medium alignleft\" src=\"http:\/\/www.szsuba.com\/wp-content\/uploads\/2024\/08\/800x800\u4e3b\u56fe-\u62f7\u8d1d4-1-300x300.png\" alt=\"\" width=\"300\" height=\"300\" srcset=\"https:\/\/www.szsuba.com\/wp-content\/uploads\/2024\/08\/800x800\u4e3b\u56fe-\u62f7\u8d1d4-1-300x300.png 300w, https:\/\/www.szsuba.com\/wp-content\/uploads\/2024\/08\/800x800\u4e3b\u56fe-\u62f7\u8d1d4-1-150x150.png 150w, https:\/\/www.szsuba.com\/wp-content\/uploads\/2024\/08\/800x800\u4e3b\u56fe-\u62f7\u8d1d4-1-768x768.png 768w, https:\/\/www.szsuba.com\/wp-content\/uploads\/2024\/08\/800x800\u4e3b\u56fe-\u62f7\u8d1d4-1-600x600.png 600w, https:\/\/www.szsuba.com\/wp-content\/uploads\/2024\/08\/800x800\u4e3b\u56fe-\u62f7\u8d1d4-1-100x100.png 100w, https:\/\/www.szsuba.com\/wp-content\/uploads\/2024\/08\/800x800\u4e3b\u56fe-\u62f7\u8d1d4-1.png 800w\" sizes=\"(max-width: 300px) 100vw, 300px\" \/><\/p>\n<p>&nbsp;<\/p>\n<p>&nbsp;<\/p>\n<p><strong>Embalaje<\/strong><\/p>\n<p>&nbsp;<\/p>\n<p>Personalice su propia caja de juego con su dise\u00f1o y la imprimiremos profesionalmente en cajas de juegos r\u00edgidos con impresi\u00f3n a todo color y sin pedidos m\u00ednimos.<\/p>\n<p>&nbsp;<\/p>\n<p>&nbsp;<\/p>\n<p>&nbsp;<\/p>\n<p>&nbsp;<\/p>\n<p><strong>Paramentadores de productos<\/strong><\/p>\n<table class=\"all magic-13\">\n<tbody>\n<tr>\n<td colspan=\"1\" rowspan=\"1\">\n<div class=\"magic-14\" data-spm-anchor-id=\"a2700.details.0.i42.3fc94c62pKR1lL\">Nombre del proyecto<\/div>\n<\/td>\n<td colspan=\"1\" rowspan=\"1\">\n<div class=\"magic-15\">Juegos de mesa de impresi\u00f3n personalizados juegos de cartas<\/div>\n<\/td>\n<\/tr>\n<tr>\n<td colspan=\"1\" rowspan=\"1\">\n<div class=\"magic-14\">Tama\u00f1o de la tarjeta<\/div>\n<\/td>\n<td colspan=\"1\" rowspan=\"1\">\n<div class=\"magic-15\">tama\u00f1o est\u00e1ndar \/custom tama\u00f1o<\/div>\n<\/td>\n<\/tr>\n<tr>\n<td colspan=\"1\" rowspan=\"1\">\n<div class=\"magic-14\">Material<\/div>\n<\/td>\n<td colspan=\"1\" rowspan=\"1\">\n<div class=\"magic-15\">C2S+ placa gris<\/div>\n<\/td>\n<\/tr>\n<tr>\n<td colspan=\"1\" rowspan=\"1\">\n<div class=\"magic-14\">Grosor disponible<\/div>\n<\/td>\n<td colspan=\"1\" rowspan=\"1\">\n<div class=\"magic-15\">1.2 mm \/ 1.5 mm \/ 1;<\/div>\n<\/td>\n<\/tr>\n<tr>\n<td colspan=\"1\" rowspan=\"1\">\n<div class=\"magic-14\">Materiales disponibles<\/div>\n<\/td>\n<td colspan=\"1\" rowspan=\"1\">\n<div class=\"magic-15\">250 GSM C2 \/ 300 GSM C2 \/ 350 GSM C2 \/ 400 GSM C2<\/div>\n<\/td>\n<\/tr>\n<tr>\n<td colspan=\"1\" rowspan=\"1\">\n<div class=\"magic-14\">Material<\/div>\n<\/td>\n<td colspan=\"1\" rowspan=\"1\">\n<div class=\"magic-15\">paper (gris \/blue\/black n\u00facleo), pl\u00e1stico, cart\u00f3n, etc.<\/div>\n<\/td>\n<\/tr>\n<tr>\n<td colspan=\"1\" rowspan=\"1\">\n<div class=\"magic-14\">Material de superficie de la tarjeta<\/div>\n<\/td>\n<td colspan=\"1\" rowspan=\"1\">\n<div class=\"magic-15\">arnish \/laminate\/spot uv \/gold foil \/embossed\/gloss\/matte\/etc.<\/div>\n<\/td>\n<\/tr>\n<tr>\n<td colspan=\"1\" rowspan=\"1\">\n<div class=\"magic-14\">Color<\/div>\n<\/td>\n<td colspan=\"1\" rowspan=\"1\">\n<div class=\"magic-15\">CMYK, impresi\u00f3n a todo color, impresi\u00f3n de compensaci\u00f3n de color Pantone.<\/div>\n<\/td>\n<\/tr>\n<tr>\n<td colspan=\"1\" rowspan=\"1\">\n<div class=\"magic-14\">Dise\u00f1o personalizado<\/div>\n<\/td>\n<td colspan=\"1\" rowspan=\"1\">\n<div class=\"magic-15\">Proporcionado por usted, o tambi\u00e9n puede usar nuestro dise\u00f1o.<\/div>\n<\/td>\n<\/tr>\n<tr>\n<td colspan=\"1\" rowspan=\"1\">\n<div class=\"magic-14\">MOQ<\/div>\n<\/td>\n<td colspan=\"1\" rowspan=\"1\">\n<div class=\"magic-15\">200sets<\/div>\n<\/td>\n<\/tr>\n<tr>\n<td colspan=\"1\" rowspan=\"1\">\n<div class=\"magic-14\">Certificado<\/div>\n<\/td>\n<td colspan=\"1\" rowspan=\"1\">\n<div class=\"magic-15\">FSC ISO9001 G7 GSV SEDEX<\/div>\n<\/td>\n<\/tr>\n<tr>\n<td colspan=\"1\" rowspan=\"2\">\n<div class=\"magic-16\">Muestra<\/div>\n<\/td>\n<td colspan=\"1\" rowspan=\"1\">\n<div class=\"magic-15\">(1) Si desea pagar el env\u00edo, las muestras existentes que hemos hecho son gratuitas.<\/div>\n<\/td>\n<\/tr>\n<tr>\n<td colspan=\"1\" rowspan=\"1\">\n<div class=\"magic-15\">(2) Use muestras personalizadas de su propio dise\u00f1o. Habr\u00e1 cargos de muestra.<\/div>\n<\/td>\n<\/tr>\n<tr>\n<td colspan=\"1\" rowspan=\"1\">\n<div class=\"magic-14\">Ver m\u00e1s<\/div>\n<\/td>\n<td colspan=\"1\" rowspan=\"1\">\n<div class=\"magic-15\"><a href=\"https:\/\/www.szsuba.com\/es\/contact-us\/\" target=\"_blank\" rel=\"noopener\">cont\u00e1ctenos<\/a><\/div>\n<\/td>\n<\/tr>\n<\/tbody>\n<\/table>","protected":false},"excerpt":{"rendered":"<p>Ofrecemos una caja de juego en blanco para que te proteges y pruebe tus dise\u00f1os de caja de juego personalizados antes de imprimir tus dise\u00f1os finales en las cajas de juegos de mesa.<\/p>","protected":false},"featured_media":1135,"comment_status":"open","ping_status":"closed","template":"","meta":{"_acf_changed":false},"product_cat":[20],"product_tag":[],"class_list":{"0":"post-1120","1":"product","2":"type-product","3":"status-publish","4":"has-post-thumbnail","6":"product_cat-custom-board-games","8":"first","9":"instock","10":"shipping-taxable","11":"product-type-simple"},"acf":[],"_links":{"self":[{"href":"https:\/\/www.szsuba.com\/es\/wp-json\/wp\/v2\/product\/1120","targetHints":{"allow":["GET"]}}],"collection":[{"href":"https:\/\/www.szsuba.com\/es\/wp-json\/wp\/v2\/product"}],"about":[{"href":"https:\/\/www.szsuba.com\/es\/wp-json\/wp\/v2\/types\/product"}],"replies":[{"embeddable":true,"href":"https:\/\/www.szsuba.com\/es\/wp-json\/wp\/v2\/comments?post=1120"}],"wp:featuredmedia":[{"embeddable":true,"href":"https:\/\/www.szsuba.com\/es\/wp-json\/wp\/v2\/media\/1135"}],"wp:attachment":[{"href":"https:\/\/www.szsuba.com\/es\/wp-json\/wp\/v2\/media?parent=1120"}],"wp:term":[{"taxonomy":"product_cat","embeddable":true,"href":"https:\/\/www.szsuba.com\/es\/wp-json\/wp\/v2\/product_cat?post=1120"},{"taxonomy":"product_tag","embeddable":true,"href":"https:\/\/www.szsuba.com\/es\/wp-json\/wp\/v2\/product_tag?post=1120"}],"curies":[{"name":"wp","href":"https:\/\/api.w.org\/{rel}","templated":true}]}}